{"id":73419,"date":"2025-07-21T11:10:54","date_gmt":"2025-07-21T11:10:54","guid":{"rendered":"https:\/\/skinstudio.ee\/?post_type=product&#038;p=73419"},"modified":"2026-01-21T13:57:30","modified_gmt":"2026-01-21T13:57:30","slug":"eye-lip-improve","status":"publish","type":"product","link":"https:\/\/skinstudio.ee\/lt\/catalog\/reviderm\/eye-lip-improve\/","title":{"rendered":"Eye &#038; Lip Improve"},"content":{"rendered":"<p data-start=\"1032\" data-end=\"1375\">Stangrinamasis prie\u017ei\u016bros kremas paaki\u0173 ir l\u016bp\u0173 odai. Universali priemon\u0117, kuri\u0105 galima naudoti tiek kaip kauk\u0119, tiek kasdienei labai saus\u0173 paaki\u0173 ir l\u016bp\u0173 srities odos prie\u017ei\u016brai. Trigubas kolageno aktyvatorius, pagamintas i\u0161 auk\u0161t\u0173j\u0173 technologij\u0173 peptid\u0173, skatina kolageno sintez\u0119, u\u017epildo audinius, lygina ir stiprina aki\u0173 bei l\u016bp\u0173 kont\u016brus.<\/p>\n<p data-start=\"1377\" data-end=\"1393\"><strong data-start=\"1377\" data-end=\"1387\">T\u016bris:<\/strong> 30 ml<\/p>\n","protected":false},"excerpt":{"rendered":"<p data-start=\"1602\" data-end=\"1628\">Kremas paaki\u0173 ir l\u016bp\u0173 odai<\/p>\n<h2 data-start=\"1630\" data-end=\"1670\"><strong data-start=\"1630\" data-end=\"1670\">Reviderm &#8211; Eye &amp; Lip Improve Savyb\u0117s<\/strong><\/h2>\n<p data-start=\"1672\" data-end=\"1946\">\u2714\ufe0f Ma\u017eina rauk\u0161les ir stiprina od\u0105 aki\u0173 ir l\u016bp\u0173 srityje<br data-start=\"1727\" data-end=\"1730\" \/>\u2714\ufe0f Skatina kolageno sintez\u0119 ir didina elastingum\u0105<br data-start=\"1779\" data-end=\"1782\" \/>\u2714\ufe0f Ramina jautri\u0105 od\u0105 ir ma\u017eina sudirginim\u0105<br data-start=\"1825\" data-end=\"1828\" \/>\u2714\ufe0f Gerina mikrocirkuliacij\u0105 ir suteikia odai gaiv\u0173 vaizd\u0105<br data-start=\"1885\" data-end=\"1888\" \/>\u2714\ufe0f Saugo nuo laisv\u0173j\u0173 radikal\u0173 ir prie\u0161laikinio sen\u0117jimo<\/p>\n","protected":false},"featured_media":63966,"template":"","meta":[],"pwb-brand":[704],"product_brand":[],"product_cat":[738,760,734,740,750],"product_tag":[],"giftcard-category":[],"class_list":{"0":"post-73419","1":"product","2":"type-product","3":"status-publish","4":"has-post-thumbnail","6":"pwb-brand-reviderm","7":"product_cat-drekinimas","8":"product_cat-lupu-prieziura","9":"product_cat-oda-aplink-akis","10":"product_cat-sausai-odai","11":"product_cat-senstanti-oda","13":"first","14":"instock","15":"taxable","16":"shipping-taxable","17":"purchasable","18":"product-type-simple"},"acf":[],"brands":[{"id":704,"name":"Reviderm","slug":"reviderm"}],"_links":{"self":[{"href":"https:\/\/skinstudio.ee\/lt\/wp-json\/wp\/v2\/product\/73419","targetHints":{"allow":["GET"]}}],"collection":[{"href":"https:\/\/skinstudio.ee\/lt\/wp-json\/wp\/v2\/product"}],"about":[{"href":"https:\/\/skinstudio.ee\/lt\/wp-json\/wp\/v2\/types\/product"}],"version-history":[{"count":1,"href":"https:\/\/skinstudio.ee\/lt\/wp-json\/wp\/v2\/product\/73419\/revisions"}],"predecessor-version":[{"id":73420,"href":"https:\/\/skinstudio.ee\/lt\/wp-json\/wp\/v2\/product\/73419\/revisions\/73420"}],"wp:featuredmedia":[{"embeddable":true,"href":"https:\/\/skinstudio.ee\/lt\/wp-json\/wp\/v2\/media\/63966"}],"wp:attachment":[{"href":"https:\/\/skinstudio.ee\/lt\/wp-json\/wp\/v2\/media?parent=73419"}],"wp:term":[{"taxonomy":"pwb-brand","embeddable":true,"href":"https:\/\/skinstudio.ee\/lt\/wp-json\/wp\/v2\/pwb-brand?post=73419"},{"taxonomy":"product_brand","embeddable":true,"href":"https:\/\/skinstudio.ee\/lt\/wp-json\/wp\/v2\/product_brand?post=73419"},{"taxonomy":"product_cat","embeddable":true,"href":"https:\/\/skinstudio.ee\/lt\/wp-json\/wp\/v2\/product_cat?post=73419"},{"taxonomy":"product_tag","embeddable":true,"href":"https:\/\/skinstudio.ee\/lt\/wp-json\/wp\/v2\/product_tag?post=73419"},{"taxonomy":"giftcard-category","embeddable":true,"href":"https:\/\/skinstudio.ee\/lt\/wp-json\/wp\/v2\/giftcard-category?post=73419"}],"curies":[{"name":"wp","href":"https:\/\/api.w.org\/{rel}","templated":true}]}}