{"id":73426,"date":"2025-07-20T11:44:08","date_gmt":"2025-07-20T11:44:08","guid":{"rendered":"https:\/\/skinstudio.ee\/?post_type=product&#038;p=73426"},"modified":"2026-01-21T13:57:31","modified_gmt":"2026-01-21T13:57:31","slug":"eye-c-perfection","status":"publish","type":"product","link":"https:\/\/skinstudio.ee\/lt\/catalog\/reviderm\/eye-c-perfection\/","title":{"rendered":"Eye C Perfection"},"content":{"rendered":"<p data-start=\"944\" data-end=\"1324\">Vitaminas C giliai prasiskverbia \u012f od\u0105 ir skatina naujo kolageno gamyb\u0105. Odai identi\u0161ki lipidai ir hialurono r\u016bg\u0161tis padeda i\u0161laikyti dr\u0117gm\u0119 odoje. Manganas ir kofeinas gerina nat\u016brali\u0105 odos mikrocirkuliacij\u0105 ir ma\u017eina tamsius ratilus po akimis. Itin \u0161velni kremo formul\u0117 tinka jautriai odai. Ma\u017e\u0117ja rauk\u0161l\u0117s ir tams\u016bs ratilai po akimis, o paaki\u0173 oda atgauna nat\u016bral\u0173 elastingum\u0105.<\/p>\n<p data-start=\"1326\" data-end=\"1342\"><strong data-start=\"1326\" data-end=\"1336\">T\u016bris:<\/strong> 15 ml<\/p>\n","protected":false},"excerpt":{"rendered":"<p data-start=\"1403\" data-end=\"1441\">Intensyvus paaki\u0173 kremas su vitaminu C<\/p>\n<h2 data-start=\"1443\" data-end=\"1482\"><strong data-start=\"1443\" data-end=\"1482\">Reviderm &#8211; Eye C Perfection Savyb\u0117s<\/strong><\/h2>\n<p data-start=\"1484\" data-end=\"1749\">\u2714\ufe0f \u0160viesina od\u0105 ir ma\u017eina tamsius ratilus<br data-start=\"1525\" data-end=\"1528\" \/>\u2714\ufe0f Stiprina paaki\u0173 od\u0105 ir ma\u017eina paburkim\u0105<br data-start=\"1570\" data-end=\"1573\" \/>\u2714\ufe0f Ma\u017eina rauk\u0161les ir padeda i\u0161vengti j\u0173 atsiradimo<br data-start=\"1624\" data-end=\"1627\" \/>\u2714\ufe0f Gerina mikrocirkuliacij\u0105 ir didina odos stangrum\u0105<br data-start=\"1679\" data-end=\"1682\" \/>\u2714\ufe0f Pasi\u017eymi antioksidaciniu poveikiu ir saugo nuo i\u0161orini\u0173 stres\u0173<\/p>\n","protected":false},"featured_media":63971,"template":"","meta":[],"pwb-brand":[704],"product_brand":[],"product_cat":[746,734,750],"product_tag":[],"giftcard-category":[],"class_list":{"0":"post-73426","1":"product","2":"type-product","3":"status-publish","4":"has-post-thumbnail","6":"pwb-brand-reviderm","7":"product_cat-jautriai-odai","8":"product_cat-oda-aplink-akis","9":"product_cat-senstanti-oda","11":"first","12":"instock","13":"taxable","14":"shipping-taxable","15":"purchasable","16":"product-type-simple"},"acf":[],"brands":[{"id":704,"name":"Reviderm","slug":"reviderm"}],"_links":{"self":[{"href":"https:\/\/skinstudio.ee\/lt\/wp-json\/wp\/v2\/product\/73426","targetHints":{"allow":["GET"]}}],"collection":[{"href":"https:\/\/skinstudio.ee\/lt\/wp-json\/wp\/v2\/product"}],"about":[{"href":"https:\/\/skinstudio.ee\/lt\/wp-json\/wp\/v2\/types\/product"}],"version-history":[{"count":1,"href":"https:\/\/skinstudio.ee\/lt\/wp-json\/wp\/v2\/product\/73426\/revisions"}],"predecessor-version":[{"id":73427,"href":"https:\/\/skinstudio.ee\/lt\/wp-json\/wp\/v2\/product\/73426\/revisions\/73427"}],"wp:featuredmedia":[{"embeddable":true,"href":"https:\/\/skinstudio.ee\/lt\/wp-json\/wp\/v2\/media\/63971"}],"wp:attachment":[{"href":"https:\/\/skinstudio.ee\/lt\/wp-json\/wp\/v2\/media?parent=73426"}],"wp:term":[{"taxonomy":"pwb-brand","embeddable":true,"href":"https:\/\/skinstudio.ee\/lt\/wp-json\/wp\/v2\/pwb-brand?post=73426"},{"taxonomy":"product_brand","embeddable":true,"href":"https:\/\/skinstudio.ee\/lt\/wp-json\/wp\/v2\/product_brand?post=73426"},{"taxonomy":"product_cat","embeddable":true,"href":"https:\/\/skinstudio.ee\/lt\/wp-json\/wp\/v2\/product_cat?post=73426"},{"taxonomy":"product_tag","embeddable":true,"href":"https:\/\/skinstudio.ee\/lt\/wp-json\/wp\/v2\/product_tag?post=73426"},{"taxonomy":"giftcard-category","embeddable":true,"href":"https:\/\/skinstudio.ee\/lt\/wp-json\/wp\/v2\/giftcard-category?post=73426"}],"curies":[{"name":"wp","href":"https:\/\/api.w.org\/{rel}","templated":true}]}}