{"id":73433,"date":"2025-07-19T11:43:51","date_gmt":"2025-07-19T11:43:51","guid":{"rendered":"https:\/\/skinstudio.ee\/?post_type=product&#038;p=73433"},"modified":"2026-01-21T13:57:33","modified_gmt":"2026-01-21T13:57:33","slug":"remodelling-eye-gel","status":"publish","type":"product","link":"https:\/\/skinstudio.ee\/lt\/catalog\/reviderm\/remodelling-eye-gel\/","title":{"rendered":"Remodelling Eye Gel"},"content":{"rendered":"<p data-start=\"1074\" data-end=\"1230\">Gelis lygina od\u0105 ir modeliuoja paaki\u0173 srit\u012f. Naujos kartos skirtingos molekulin\u0117s mas\u0117s hialurono r\u016bg\u0161tis u\u017etikrina stipr\u0173 ir ilgalaik\u012f dr\u0117kinam\u0105j\u012f poveik\u012f.<\/p>\n<p data-start=\"1232\" data-end=\"1378\">Nat\u016bralus dr\u0117kinamasis komponentas (NMF) veikia kaip dr\u0117gm\u0117s magnetas, sulaiko ir i\u0161laiko dr\u0117gm\u0119 odoje iki 72 valand\u0173 net esant ma\u017eai oro dr\u0117gmei.<\/p>\n<p data-start=\"1380\" data-end=\"1534\">Trifluoroacetil tripeptidas-2 stiprina jautri\u0105 paaki\u0173 od\u0105. \u0160is biomimetinis peptidas slopina fermentus, ardan\u010dius kolagen\u0105, ir stiprina jungiam\u0105j\u012f audin\u012f.<\/p>\n<p data-start=\"1536\" data-end=\"1617\">Sud\u0117tyje n\u0117ra lipid\u0173. Gelis greitai \u012fsigeria, palikdamas od\u0105 \u0161velni\u0105 ir aksomin\u0119.<\/p>\n<p data-start=\"1619\" data-end=\"1635\"><strong data-start=\"1619\" data-end=\"1629\">T\u016bris:<\/strong> 15 ml<\/p>\n","protected":false},"excerpt":{"rendered":"<p data-start=\"1733\" data-end=\"1772\">Gelis intensyviam paaki\u0173 odos liftingui<\/p>\n<h2 data-start=\"1774\" data-end=\"1816\"><strong data-start=\"1774\" data-end=\"1816\">Reviderm &#8211; Remodelling Eye Gel Savyb\u0117s<\/strong><\/h2>\n<p data-start=\"1818\" data-end=\"2031\">\u2714\ufe0f Suteikia ry\u0161k\u0173 liftingo efekt\u0105<br data-start=\"1851\" data-end=\"1854\" \/>\u2714\ufe0f Stiprina ir stangrina paaki\u0173 od\u0105<br data-start=\"1889\" data-end=\"1892\" \/>\u2714\ufe0f Ma\u017eina rauk\u0161li\u0173 gyl\u012f ir \u201e\u017e\u0105s\u0173 kojeles\u201c<br data-start=\"1933\" data-end=\"1936\" \/>\u2714\ufe0f Didina odos stangrum\u0105 ir elastingum\u0105<br data-start=\"1975\" data-end=\"1978\" \/>\u2714\ufe0f Gaivina ir lygina od\u0105, suteikdamas jai \u0161vyt\u0117jimo<\/p>\n","protected":false},"featured_media":63976,"template":"","meta":[],"pwb-brand":[704],"product_brand":[],"product_cat":[738,734],"product_tag":[],"giftcard-category":[],"class_list":{"0":"post-73433","1":"product","2":"type-product","3":"status-publish","4":"has-post-thumbnail","6":"pwb-brand-reviderm","7":"product_cat-drekinimas","8":"product_cat-oda-aplink-akis","10":"first","11":"instock","12":"taxable","13":"shipping-taxable","14":"purchasable","15":"product-type-simple"},"acf":[],"brands":[{"id":704,"name":"Reviderm","slug":"reviderm"}],"_links":{"self":[{"href":"https:\/\/skinstudio.ee\/lt\/wp-json\/wp\/v2\/product\/73433","targetHints":{"allow":["GET"]}}],"collection":[{"href":"https:\/\/skinstudio.ee\/lt\/wp-json\/wp\/v2\/product"}],"about":[{"href":"https:\/\/skinstudio.ee\/lt\/wp-json\/wp\/v2\/types\/product"}],"version-history":[{"count":1,"href":"https:\/\/skinstudio.ee\/lt\/wp-json\/wp\/v2\/product\/73433\/revisions"}],"predecessor-version":[{"id":73434,"href":"https:\/\/skinstudio.ee\/lt\/wp-json\/wp\/v2\/product\/73433\/revisions\/73434"}],"wp:featuredmedia":[{"embeddable":true,"href":"https:\/\/skinstudio.ee\/lt\/wp-json\/wp\/v2\/media\/63976"}],"wp:attachment":[{"href":"https:\/\/skinstudio.ee\/lt\/wp-json\/wp\/v2\/media?parent=73433"}],"wp:term":[{"taxonomy":"pwb-brand","embeddable":true,"href":"https:\/\/skinstudio.ee\/lt\/wp-json\/wp\/v2\/pwb-brand?post=73433"},{"taxonomy":"product_brand","embeddable":true,"href":"https:\/\/skinstudio.ee\/lt\/wp-json\/wp\/v2\/product_brand?post=73433"},{"taxonomy":"product_cat","embeddable":true,"href":"https:\/\/skinstudio.ee\/lt\/wp-json\/wp\/v2\/product_cat?post=73433"},{"taxonomy":"product_tag","embeddable":true,"href":"https:\/\/skinstudio.ee\/lt\/wp-json\/wp\/v2\/product_tag?post=73433"},{"taxonomy":"giftcard-category","embeddable":true,"href":"https:\/\/skinstudio.ee\/lt\/wp-json\/wp\/v2\/giftcard-category?post=73433"}],"curies":[{"name":"wp","href":"https:\/\/api.w.org\/{rel}","templated":true}]}}