{"id":73440,"date":"2025-07-19T11:32:36","date_gmt":"2025-07-19T11:32:36","guid":{"rendered":"https:\/\/skinstudio.ee\/?post_type=product&#038;p=73440"},"modified":"2026-01-21T13:57:34","modified_gmt":"2026-01-21T13:57:34","slug":"speed-lift-ampoule","status":"publish","type":"product","link":"https:\/\/skinstudio.ee\/lt\/catalog\/reviderm\/speed-lift-ampoule\/","title":{"rendered":"Speed Lift Ampoule"},"content":{"rendered":"<p data-start=\"1484\" data-end=\"2045\">Speed Lift Ampule \u2013 tai momentinio poveikio ampul\u0117s su biotechnologiniu liftingo faktoriumi, kuris suteikia odai mikroliftingo efekt\u0105. Aktyviosios med\u017eiagos koncentratas su greitu stangrinamuoju poveikiu ypatingoms gyvenimo akimirkoms. D\u0117l biotechnologinio liftingo faktoriaus oda jau po keli\u0173 minu\u010di\u0173 tampa pastebimai lygesn\u0117 ir stangresn\u0117. Tekst\u016bra suteikia tolyg\u0173, \u0161vytint\u012f veido odos atspalv\u012f ir puikiai tinka naudoti kaip makia\u017eo pagrind\u0105. Ampul\u0117 su unikaliu poveikiu suteikia gaivumo, \u0161vyt\u0117jimo ir momentin\u012f stangrinam\u0105j\u012f efekt\u0105, kuris i\u0161lieka vis\u0105 dien\u0105.<\/p>\n<p data-start=\"2047\" data-end=\"2091\">Speed Lift Ampule tinka visiems odos tipams.<\/p>\n<p data-start=\"2093\" data-end=\"2112\"><strong data-start=\"2093\" data-end=\"2103\">T\u016bris:<\/strong> 3 x 2 ml<\/p>\n","protected":false},"excerpt":{"rendered":"<p data-start=\"2516\" data-end=\"2543\">Intensyvaus liftingo ampul\u0117<\/p>\n<h2 data-start=\"2545\" data-end=\"2586\"><strong data-start=\"2545\" data-end=\"2586\">Reviderm &#8211; Speed Lift Ampoule Savyb\u0117s<\/strong><\/h2>\n<p data-start=\"2588\" data-end=\"2792\">\u2714\ufe0f Suteikia momentin\u012f liftingo efekt\u0105<br data-start=\"2625\" data-end=\"2628\" \/>\u2714\ufe0f Stiprina odos strukt\u016br\u0105 ir didina stangrum\u0105<br data-start=\"2674\" data-end=\"2677\" \/>\u2714\ufe0f Lygina mimikos ir gilias rauk\u0161les<br data-start=\"2713\" data-end=\"2716\" \/>\u2714\ufe0f Dr\u0117kina ir tonizuoja od\u0105<br data-start=\"2743\" data-end=\"2746\" \/>\u2714\ufe0f Gerina mikrocirkuliacij\u0105 ir odos i\u0161vaizd\u0105<\/p>\n","protected":false},"featured_media":39622,"template":"","meta":[],"pwb-brand":[704],"product_brand":[],"product_cat":[738,750,724],"product_tag":[],"giftcard-category":[],"class_list":{"0":"post-73440","1":"product","2":"type-product","3":"status-publish","4":"has-post-thumbnail","6":"pwb-brand-reviderm","7":"product_cat-drekinimas","8":"product_cat-senstanti-oda","9":"product_cat-serumai","11":"first","12":"instock","13":"taxable","14":"shipping-taxable","15":"purchasable","16":"product-type-simple"},"acf":[],"brands":[{"id":704,"name":"Reviderm","slug":"reviderm"}],"_links":{"self":[{"href":"https:\/\/skinstudio.ee\/lt\/wp-json\/wp\/v2\/product\/73440","targetHints":{"allow":["GET"]}}],"collection":[{"href":"https:\/\/skinstudio.ee\/lt\/wp-json\/wp\/v2\/product"}],"about":[{"href":"https:\/\/skinstudio.ee\/lt\/wp-json\/wp\/v2\/types\/product"}],"version-history":[{"count":1,"href":"https:\/\/skinstudio.ee\/lt\/wp-json\/wp\/v2\/product\/73440\/revisions"}],"predecessor-version":[{"id":73441,"href":"https:\/\/skinstudio.ee\/lt\/wp-json\/wp\/v2\/product\/73440\/revisions\/73441"}],"wp:featuredmedia":[{"embeddable":true,"href":"https:\/\/skinstudio.ee\/lt\/wp-json\/wp\/v2\/media\/39622"}],"wp:attachment":[{"href":"https:\/\/skinstudio.ee\/lt\/wp-json\/wp\/v2\/media?parent=73440"}],"wp:term":[{"taxonomy":"pwb-brand","embeddable":true,"href":"https:\/\/skinstudio.ee\/lt\/wp-json\/wp\/v2\/pwb-brand?post=73440"},{"taxonomy":"product_brand","embeddable":true,"href":"https:\/\/skinstudio.ee\/lt\/wp-json\/wp\/v2\/product_brand?post=73440"},{"taxonomy":"product_cat","embeddable":true,"href":"https:\/\/skinstudio.ee\/lt\/wp-json\/wp\/v2\/product_cat?post=73440"},{"taxonomy":"product_tag","embeddable":true,"href":"https:\/\/skinstudio.ee\/lt\/wp-json\/wp\/v2\/product_tag?post=73440"},{"taxonomy":"giftcard-category","embeddable":true,"href":"https:\/\/skinstudio.ee\/lt\/wp-json\/wp\/v2\/giftcard-category?post=73440"}],"curies":[{"name":"wp","href":"https:\/\/api.w.org\/{rel}","templated":true}]}}