{"id":73447,"date":"2025-07-19T11:23:29","date_gmt":"2025-07-19T11:23:29","guid":{"rendered":"https:\/\/skinstudio.ee\/?post_type=product&#038;p=73447"},"modified":"2026-01-21T13:57:34","modified_gmt":"2026-01-21T13:57:34","slug":"speed-glow-ampoule","status":"publish","type":"product","link":"https:\/\/skinstudio.ee\/lt\/catalog\/reviderm\/speed-glow-ampoule\/","title":{"rendered":"Speed Glow Ampoule"},"content":{"rendered":"<p data-start=\"1798\" data-end=\"2625\">Speed Glow Ampule \u2013 tai momentinio poveikio ampul\u0117s su energijos kompleksu, skirtu mikrocirkuliacijai aktyvinti ir odai atgaivinti su \u0161vyt\u0117jimo efektu, kurios greitai suteikia veidui gaiv\u0173 atspalv\u012f, o odai \u2013 jaunatvi\u0161k\u0105 i\u0161vaizd\u0105. Matomos odos gyvybingumo ir spindin\u010dio veido atspalvio pagrindas yra gera kraujo mikrocirkuliacija. I\u0161 ties\u0173 veido atspalvis vaidina lemiam\u0105 vaidmen\u012f jaunyst\u0117s ir gro\u017eio suvokime. Speed Glow Ampule sud\u0117tyje yra kofeino, evodijos vaisi\u0173 ekstrakto ir malachito ekstrakto, kurie stimuliuoja fiziologin\u012f kraujagysli\u0173 jud\u0117jimo signalin\u012f keli\u0105 ir veikia kraujagysli\u0173 susitraukim\u0105 bei atsipalaidavim\u0105. \u0160ie komponentai aktyvina mikrocirkuliacij\u0105 ir atkuria jaunatvi\u0161k\u0105 odos \u0161vyt\u0117jim\u0105. Skatindamas deguonies ir energijos apykait\u0105, gro\u017eio produktas suteikia odai gaivi\u0105, sodri\u0105 ir energijos kupin\u0105 i\u0161vaizd\u0105.<\/p>\n<p data-start=\"2627\" data-end=\"2791\">Speed Glow ampul\u0117s puikiai tinka vis\u0173 tip\u0173 odai, ypa\u010d odai su silpna mikrocirkuliacija ir suma\u017e\u0117jusia med\u017eiag\u0173 apykaitos veikla, taip pat blankiam veido atspalviui.<\/p>\n<p data-start=\"2793\" data-end=\"2812\"><strong data-start=\"2793\" data-end=\"2803\">T\u016bris:<\/strong> 3 x 2 ml<\/p>\n","protected":false},"excerpt":{"rendered":"<p data-start=\"3208\" data-end=\"3237\">Ampul\u0117 momentiniam \u0161vyt\u0117jimui<\/p>\n<h2 data-start=\"3239\" data-end=\"3280\"><strong data-start=\"3239\" data-end=\"3280\">Reviderm &#8211; Speed Glow Ampoule Savyb\u0117s<\/strong><\/h2>\n<p data-start=\"3282\" data-end=\"3541\">\u2714\ufe0f Suteikia odai \u0161vyt\u0117jimo ir gaiv\u0173 vaizd\u0105<br data-start=\"3324\" data-end=\"3327\" \/>\u2714\ufe0f Suvienodina odos atspalv\u012f ir tekst\u016br\u0105<br data-start=\"3367\" data-end=\"3370\" \/>\u2714\ufe0f Gerina mikrocirkuliacij\u0105 ir pripildo od\u0105 energijos<br data-start=\"3423\" data-end=\"3426\" \/>\u2714\ufe0f Greitai atgaivina pavargusi\u0105 ir papilk\u0117jusi\u0105 od\u0105<br data-start=\"3477\" data-end=\"3480\" \/>\u2714\ufe0f Idealiai tinka kaip makia\u017eo pagrindas \u0161vytin\u010diam fini\u0161ui<\/p>\n","protected":false},"featured_media":39608,"template":"","meta":[],"pwb-brand":[704],"product_brand":[],"product_cat":[738,746,724],"product_tag":[],"giftcard-category":[],"class_list":{"0":"post-73447","1":"product","2":"type-product","3":"status-publish","4":"has-post-thumbnail","6":"pwb-brand-reviderm","7":"product_cat-drekinimas","8":"product_cat-jautriai-odai","9":"product_cat-serumai","11":"first","12":"instock","13":"taxable","14":"shipping-taxable","15":"purchasable","16":"product-type-simple"},"acf":[],"brands":[{"id":704,"name":"Reviderm","slug":"reviderm"}],"_links":{"self":[{"href":"https:\/\/skinstudio.ee\/lt\/wp-json\/wp\/v2\/product\/73447","targetHints":{"allow":["GET"]}}],"collection":[{"href":"https:\/\/skinstudio.ee\/lt\/wp-json\/wp\/v2\/product"}],"about":[{"href":"https:\/\/skinstudio.ee\/lt\/wp-json\/wp\/v2\/types\/product"}],"version-history":[{"count":1,"href":"https:\/\/skinstudio.ee\/lt\/wp-json\/wp\/v2\/product\/73447\/revisions"}],"predecessor-version":[{"id":73448,"href":"https:\/\/skinstudio.ee\/lt\/wp-json\/wp\/v2\/product\/73447\/revisions\/73448"}],"wp:featuredmedia":[{"embeddable":true,"href":"https:\/\/skinstudio.ee\/lt\/wp-json\/wp\/v2\/media\/39608"}],"wp:attachment":[{"href":"https:\/\/skinstudio.ee\/lt\/wp-json\/wp\/v2\/media?parent=73447"}],"wp:term":[{"taxonomy":"pwb-brand","embeddable":true,"href":"https:\/\/skinstudio.ee\/lt\/wp-json\/wp\/v2\/pwb-brand?post=73447"},{"taxonomy":"product_brand","embeddable":true,"href":"https:\/\/skinstudio.ee\/lt\/wp-json\/wp\/v2\/product_brand?post=73447"},{"taxonomy":"product_cat","embeddable":true,"href":"https:\/\/skinstudio.ee\/lt\/wp-json\/wp\/v2\/product_cat?post=73447"},{"taxonomy":"product_tag","embeddable":true,"href":"https:\/\/skinstudio.ee\/lt\/wp-json\/wp\/v2\/product_tag?post=73447"},{"taxonomy":"giftcard-category","embeddable":true,"href":"https:\/\/skinstudio.ee\/lt\/wp-json\/wp\/v2\/giftcard-category?post=73447"}],"curies":[{"name":"wp","href":"https:\/\/api.w.org\/{rel}","templated":true}]}}