{"id":73456,"date":"2025-07-19T11:09:02","date_gmt":"2025-07-19T11:09:02","guid":{"rendered":"https:\/\/skinstudio.ee\/?post_type=product&#038;p=73456"},"modified":"2026-01-21T13:57:29","modified_gmt":"2026-01-21T13:57:29","slug":"b3-brightening-ampoule","status":"publish","type":"product","link":"https:\/\/skinstudio.ee\/lt\/catalog\/reviderm\/b3-brightening-ampoule\/","title":{"rendered":"B3 Brightening Ampoule"},"content":{"rendered":"<p data-start=\"1866\" data-end=\"2799\">B3 Brightening Ampule \u2013 tai serumas odos \u0161viesinimui ir veido atspalvio suvienodinimui. Formul\u0117s pagrindas \u2013 jaunyst\u0117s ir gro\u017eio vitaminas B3. Tinkama koncentracija jis ne tik gerina l\u0105steli\u0173 atsinaujinim\u0105 ir elastingum\u0105, bet ir veiksmingai ma\u017eina netolygi\u0105 pigmentacij\u0105 bei suvienodina veido odos atspalv\u012f, nepriklausomai nuo to, kas sukelia problemin\u012f odos ton\u0105 \u2013 pigmentin\u0117s d\u0117m\u0117s, netaisyklinga pigmentacija ar paraudimai. D\u0117l antioksidacinio poveikio jis ma\u017eina fotopa\u017eeidimus ir padeda i\u0161vengti u\u017edegim\u0173. \u0160is komponentas taip pat gerina veido atspalv\u012f, ma\u017eina pilkum\u0105, ramina u\u017edegimus, padeda kovoti su akne, l\u0117tina sen\u0117jimo procesus ir didina odos elastingum\u0105. Be to, formul\u0117 papildyta hialurono r\u016bg\u0161timi, alantoinu ir pantenoliu, kurie intensyviai dr\u0117kina, atkuria dr\u0117gm\u0117s balans\u0105, skatina kolageno sintez\u0119 ir atstato odos barjer\u0105. Serumas pasir\u016bpina oda ir \u017eymiai suma\u017eina tr\u016bkumus, susijusius su pigmentacijos sutrikimais.<\/p>\n<p data-start=\"2801\" data-end=\"2904\">Tinka vis\u0173 tip\u0173 odai, kuriai reikalinga regeneracija, ypa\u010d brand\u017eiai odai su netolygiu veido atspalviu.<\/p>\n<p data-start=\"2906\" data-end=\"2925\"><strong data-start=\"2906\" data-end=\"2916\">T\u016bris:<\/strong> 3 x 2 ml<\/p>\n","protected":false},"excerpt":{"rendered":"<p data-start=\"3321\" data-end=\"3342\">Ampul\u0117 su vitaminu B3<\/p>\n<h2 data-start=\"3344\" data-end=\"3389\"><strong data-start=\"3344\" data-end=\"3389\">Reviderm &#8211; B3 Brightening Ampoule Savyb\u0117s<\/strong><\/h2>\n<p data-start=\"3391\" data-end=\"3571\">\u2714\ufe0f \u0160viesina od\u0105 ir ma\u017eina pigmentacij\u0105<br data-start=\"3429\" data-end=\"3432\" \/>\u2714\ufe0f Suvienodina odos atspalv\u012f ir suteikia \u0161vyt\u0117jimo<br data-start=\"3482\" data-end=\"3485\" \/>\u2714\ufe0f Stiprina odos barjer\u0105 ir didina jos atsparum\u0105<br data-start=\"3533\" data-end=\"3536\" \/>\u2714\ufe0f Ma\u017eina u\u017edegimus ir paraudimus<\/p>\n","protected":false},"featured_media":63981,"template":"","meta":[],"pwb-brand":[704],"product_brand":[],"product_cat":[742,752,750,724],"product_tag":[],"giftcard-category":[],"class_list":{"0":"post-73456","1":"product","2":"type-product","3":"status-publish","4":"has-post-thumbnail","6":"pwb-brand-reviderm","7":"product_cat-berimai","8":"product_cat-pigmentacija-lt","9":"product_cat-senstanti-oda","10":"product_cat-serumai","12":"first","13":"instock","14":"taxable","15":"shipping-taxable","16":"purchasable","17":"product-type-simple"},"acf":[],"brands":[{"id":704,"name":"Reviderm","slug":"reviderm"}],"_links":{"self":[{"href":"https:\/\/skinstudio.ee\/lt\/wp-json\/wp\/v2\/product\/73456","targetHints":{"allow":["GET"]}}],"collection":[{"href":"https:\/\/skinstudio.ee\/lt\/wp-json\/wp\/v2\/product"}],"about":[{"href":"https:\/\/skinstudio.ee\/lt\/wp-json\/wp\/v2\/types\/product"}],"version-history":[{"count":1,"href":"https:\/\/skinstudio.ee\/lt\/wp-json\/wp\/v2\/product\/73456\/revisions"}],"predecessor-version":[{"id":73457,"href":"https:\/\/skinstudio.ee\/lt\/wp-json\/wp\/v2\/product\/73456\/revisions\/73457"}],"wp:featuredmedia":[{"embeddable":true,"href":"https:\/\/skinstudio.ee\/lt\/wp-json\/wp\/v2\/media\/63981"}],"wp:attachment":[{"href":"https:\/\/skinstudio.ee\/lt\/wp-json\/wp\/v2\/media?parent=73456"}],"wp:term":[{"taxonomy":"pwb-brand","embeddable":true,"href":"https:\/\/skinstudio.ee\/lt\/wp-json\/wp\/v2\/pwb-brand?post=73456"},{"taxonomy":"product_brand","embeddable":true,"href":"https:\/\/skinstudio.ee\/lt\/wp-json\/wp\/v2\/product_brand?post=73456"},{"taxonomy":"product_cat","embeddable":true,"href":"https:\/\/skinstudio.ee\/lt\/wp-json\/wp\/v2\/product_cat?post=73456"},{"taxonomy":"product_tag","embeddable":true,"href":"https:\/\/skinstudio.ee\/lt\/wp-json\/wp\/v2\/product_tag?post=73456"},{"taxonomy":"giftcard-category","embeddable":true,"href":"https:\/\/skinstudio.ee\/lt\/wp-json\/wp\/v2\/giftcard-category?post=73456"}],"curies":[{"name":"wp","href":"https:\/\/api.w.org\/{rel}","templated":true}]}}