{"id":73464,"date":"2025-07-19T10:22:52","date_gmt":"2025-07-19T10:22:52","guid":{"rendered":"https:\/\/skinstudio.ee\/?post_type=product&#038;p=73464"},"modified":"2026-01-21T13:57:29","modified_gmt":"2026-01-21T13:57:29","slug":"aha-refining-ampoule","status":"publish","type":"product","link":"https:\/\/skinstudio.ee\/lt\/catalog\/reviderm\/aha-refining-ampoule\/","title":{"rendered":"AHA Refining Ampoule"},"content":{"rendered":"<p data-start=\"1840\" data-end=\"2697\">AHA Refining Ampoule \u2013 tai prie\u017ei\u016brin\u0117 ampul\u0117 odos valymui ir veido atspalvio gerinimui. Ji transformuoja od\u0105 d\u0117l AHA r\u016bg\u0161\u010di\u0173 komplekso: glikolio, citrinos, pieno ir obuoli\u0173 r\u016bg\u0161tys valo od\u0105, tirpindamos surag\u0117jusias l\u0105steles, lygina mikroreljef\u0105 ir gerina veido odos atspalv\u012f. Keratolitin\u0117s vaisi\u0173 r\u016bg\u0161tys skatina l\u0105steli\u0173 dalijim\u0105si, aktyvina odos reguliacinius mechanizmus ir atkuria jos funkcijas. L\u0105stel\u0117s gauna regeneracijos impuls\u0105, oda tampa lygesn\u0117. Apskritai odos i\u0161vaizda optimizuojama, o pavir\u0161ius tampa lygus ir elastingas: poros i\u0161valomos, linijos ir smulkios rauk\u0161lel\u0117s suma\u017e\u0117ja, pa\u0161alinamas nepageidaujamas blizgesys ir \u017eymiai suma\u017e\u0117ja juod\u0173j\u0173 ta\u0161keli\u0173 kiekis. Padidintas produkto r\u016bg\u0161tingumas pH 3,5 stabilizuoja nat\u016bral\u0173 odos hidrolipidin\u012f sluoksn\u012f ir slopina akn\u0117s bakterij\u0173 (Cutibacterium acnes) dauginim\u0105si, ma\u017eindamas u\u017edegimo \u017eidinius.<\/p>\n<p data-start=\"2699\" data-end=\"2832\">Puikiai tinka vis\u0173 tip\u0173 odai, ypa\u010d brand\u017eiai odai, kuriai reikalinga regeneracija, su \u0161iurk\u0161\u010diu pavir\u0161iumi ir nelygia odos strukt\u016bra.<\/p>\n<p data-start=\"2834\" data-end=\"2853\"><strong data-start=\"2834\" data-end=\"2844\">T\u016bris:<\/strong> 3 x 2 ml<\/p>\n","protected":false},"excerpt":{"rendered":"<p data-start=\"3250\" data-end=\"3288\">Naktinis koncentratas su AHA r\u016bg\u0161timis<\/p>\n<h2 data-start=\"3290\" data-end=\"3333\"><strong data-start=\"3290\" data-end=\"3333\">Reviderm &#8211; AHA Refining Ampoule Savyb\u0117s<\/strong><\/h2>\n<p data-start=\"3335\" data-end=\"3583\">\u2714\ufe0f Skatina l\u0105steli\u0173 atsinaujinim\u0105 ir lygina mikroreljef\u0105<br data-start=\"3391\" data-end=\"3394\" \/>\u2714\ufe0f Gerina veido odos atspalv\u012f ir suteikia \u0161vyt\u0117jimo<br data-start=\"3445\" data-end=\"3448\" \/>\u2714\ufe0f Lygina smulkias rauk\u0161leles<br data-start=\"3477\" data-end=\"3480\" \/>\u2714\ufe0f Ma\u017eina poras ir reguliuoja sebumo i\u0161siskyrim\u0105<br data-start=\"3528\" data-end=\"3531\" \/>\u2714\ufe0f Didina v\u0117lesni\u0173 prie\u017ei\u016bros priemoni\u0173 efektyvum\u0105<\/p>\n","protected":false},"featured_media":39584,"template":"","meta":[],"pwb-brand":[704],"product_brand":[],"product_cat":[744,750,724],"product_tag":[],"giftcard-category":[],"class_list":{"0":"post-73464","1":"product","2":"type-product","3":"status-publish","4":"has-post-thumbnail","6":"pwb-brand-reviderm","7":"product_cat-issipletusios-poros","8":"product_cat-senstanti-oda","9":"product_cat-serumai","11":"first","12":"instock","13":"taxable","14":"shipping-taxable","15":"purchasable","16":"product-type-simple"},"acf":[],"brands":[{"id":704,"name":"Reviderm","slug":"reviderm"}],"_links":{"self":[{"href":"https:\/\/skinstudio.ee\/lt\/wp-json\/wp\/v2\/product\/73464","targetHints":{"allow":["GET"]}}],"collection":[{"href":"https:\/\/skinstudio.ee\/lt\/wp-json\/wp\/v2\/product"}],"about":[{"href":"https:\/\/skinstudio.ee\/lt\/wp-json\/wp\/v2\/types\/product"}],"version-history":[{"count":1,"href":"https:\/\/skinstudio.ee\/lt\/wp-json\/wp\/v2\/product\/73464\/revisions"}],"predecessor-version":[{"id":73465,"href":"https:\/\/skinstudio.ee\/lt\/wp-json\/wp\/v2\/product\/73464\/revisions\/73465"}],"wp:featuredmedia":[{"embeddable":true,"href":"https:\/\/skinstudio.ee\/lt\/wp-json\/wp\/v2\/media\/39584"}],"wp:attachment":[{"href":"https:\/\/skinstudio.ee\/lt\/wp-json\/wp\/v2\/media?parent=73464"}],"wp:term":[{"taxonomy":"pwb-brand","embeddable":true,"href":"https:\/\/skinstudio.ee\/lt\/wp-json\/wp\/v2\/pwb-brand?post=73464"},{"taxonomy":"product_brand","embeddable":true,"href":"https:\/\/skinstudio.ee\/lt\/wp-json\/wp\/v2\/product_brand?post=73464"},{"taxonomy":"product_cat","embeddable":true,"href":"https:\/\/skinstudio.ee\/lt\/wp-json\/wp\/v2\/product_cat?post=73464"},{"taxonomy":"product_tag","embeddable":true,"href":"https:\/\/skinstudio.ee\/lt\/wp-json\/wp\/v2\/product_tag?post=73464"},{"taxonomy":"giftcard-category","embeddable":true,"href":"https:\/\/skinstudio.ee\/lt\/wp-json\/wp\/v2\/giftcard-category?post=73464"}],"curies":[{"name":"wp","href":"https:\/\/api.w.org\/{rel}","templated":true}]}}