{"id":73472,"date":"2025-07-19T10:12:45","date_gmt":"2025-07-19T10:12:45","guid":{"rendered":"https:\/\/skinstudio.ee\/?post_type=product&#038;p=73472"},"modified":"2026-01-21T13:57:29","modified_gmt":"2026-01-21T13:57:29","slug":"cera-repairing-ampoule","status":"publish","type":"product","link":"https:\/\/skinstudio.ee\/lt\/catalog\/reviderm\/cera-repairing-ampoule\/","title":{"rendered":"CERA Repairing Ampoule"},"content":{"rendered":"<p data-start=\"1768\" data-end=\"2487\">Cera Repairing Ampoule \u2013 tai ampul\u0117s su keramidai, skirtos atkurti odos barjerin\u0119 funkcij\u0105, palaikyti lipid\u0173 sintez\u0119, didinti odos atsparum\u0105 ir ma\u017einti tempimo bei pleiskanojimo poj\u016bt\u012f. Odos apsauga nuo bakterij\u0173, virus\u0173 ar grybeli\u0173 yra ypa\u010d svarbi, ypa\u010d esant pa\u017eeistai odai ar odos ligoms. Keramid\u0173 kompleksas i\u0161 odai identi\u0161k\u0173 (biomimetini\u0173) lipid\u0173 stabilizuoja odos barjer\u0105 ir ma\u017eina transepidermin\u012f vandens netekim\u0105 (TEWL). Keramidai, tokie kaip sfingolipidai ir fosfolipidai, yra pagrindiniai nat\u016bralaus lipidinio barjero komponentai ir b\u016btini sveikai odai. Jie stiprina apsaugines savybes ir atkuria lipidin\u012f barjer\u0105 po pa\u017eeidim\u0173. Tuo pa\u010diu \u0161ie komponentai neleid\u017eia egzogeniniams dirgikliams prasiskverbti \u012f od\u0105.<\/p>\n<p data-start=\"2489\" data-end=\"2627\">Cera Repairing Ampoule tinka vis\u0173 tip\u0173 odai, ypa\u010d odai su pirmaisiais sen\u0117jimo po\u017eymiais, su pa\u017eeistu barjeru ir reikalingai regeneracijai.<\/p>\n<p data-start=\"2629\" data-end=\"2648\"><strong data-start=\"2629\" data-end=\"2639\">T\u016bris:<\/strong> 7 x 2 ml<\/p>\n","protected":false},"excerpt":{"rendered":"<p data-start=\"3044\" data-end=\"3075\">Atkuriamoji ampul\u0117 su keramidai<\/p>\n<h2 data-start=\"3077\" data-end=\"3122\"><strong data-start=\"3077\" data-end=\"3122\">Reviderm &#8211; CERA Repairing Ampoule Savyb\u0117s<\/strong><\/h2>\n<p data-start=\"3124\" data-end=\"3357\">\u2714\ufe0f Stiprina ir atkuria odos apsaugin\u012f barjer\u0105<br data-start=\"3169\" data-end=\"3172\" \/>\u2714\ufe0f Apsaugo nuo dr\u0117gm\u0117s praradimo ir dehidratacijos<br data-start=\"3222\" data-end=\"3225\" \/>\u2714\ufe0f Ramina sudirgusi\u0105 ir jautri\u0105 od\u0105<br data-start=\"3260\" data-end=\"3263\" \/>\u2714\ufe0f Didina atsparum\u0105 i\u0161oriniams dirgikliams<br data-start=\"3305\" data-end=\"3308\" \/>\u2714\ufe0f Tinka sausai, stresuotai ir nusilpusiai odai<\/p>\n","protected":false},"featured_media":39573,"template":"","meta":[],"pwb-brand":[704],"product_brand":[],"product_cat":[738,750,724],"product_tag":[],"giftcard-category":[],"class_list":{"0":"post-73472","1":"product","2":"type-product","3":"status-publish","4":"has-post-thumbnail","6":"pwb-brand-reviderm","7":"product_cat-drekinimas","8":"product_cat-senstanti-oda","9":"product_cat-serumai","11":"first","12":"instock","13":"taxable","14":"shipping-taxable","15":"purchasable","16":"product-type-simple"},"acf":[],"brands":[{"id":704,"name":"Reviderm","slug":"reviderm"}],"_links":{"self":[{"href":"https:\/\/skinstudio.ee\/lt\/wp-json\/wp\/v2\/product\/73472","targetHints":{"allow":["GET"]}}],"collection":[{"href":"https:\/\/skinstudio.ee\/lt\/wp-json\/wp\/v2\/product"}],"about":[{"href":"https:\/\/skinstudio.ee\/lt\/wp-json\/wp\/v2\/types\/product"}],"version-history":[{"count":1,"href":"https:\/\/skinstudio.ee\/lt\/wp-json\/wp\/v2\/product\/73472\/revisions"}],"predecessor-version":[{"id":73473,"href":"https:\/\/skinstudio.ee\/lt\/wp-json\/wp\/v2\/product\/73472\/revisions\/73473"}],"wp:featuredmedia":[{"embeddable":true,"href":"https:\/\/skinstudio.ee\/lt\/wp-json\/wp\/v2\/media\/39573"}],"wp:attachment":[{"href":"https:\/\/skinstudio.ee\/lt\/wp-json\/wp\/v2\/media?parent=73472"}],"wp:term":[{"taxonomy":"pwb-brand","embeddable":true,"href":"https:\/\/skinstudio.ee\/lt\/wp-json\/wp\/v2\/pwb-brand?post=73472"},{"taxonomy":"product_brand","embeddable":true,"href":"https:\/\/skinstudio.ee\/lt\/wp-json\/wp\/v2\/product_brand?post=73472"},{"taxonomy":"product_cat","embeddable":true,"href":"https:\/\/skinstudio.ee\/lt\/wp-json\/wp\/v2\/product_cat?post=73472"},{"taxonomy":"product_tag","embeddable":true,"href":"https:\/\/skinstudio.ee\/lt\/wp-json\/wp\/v2\/product_tag?post=73472"},{"taxonomy":"giftcard-category","embeddable":true,"href":"https:\/\/skinstudio.ee\/lt\/wp-json\/wp\/v2\/giftcard-category?post=73472"}],"curies":[{"name":"wp","href":"https:\/\/api.w.org\/{rel}","templated":true}]}}