{"id":73483,"date":"2025-07-19T10:04:12","date_gmt":"2025-07-19T10:04:12","guid":{"rendered":"https:\/\/skinstudio.ee\/?post_type=product&#038;p=73483"},"modified":"2026-01-21T13:57:32","modified_gmt":"2026-01-21T13:57:32","slug":"peptide-tightening-ampoule","status":"publish","type":"product","link":"https:\/\/skinstudio.ee\/lt\/catalog\/reviderm\/peptide-tightening-ampoule\/","title":{"rendered":"Peptide Tightening Ampoule"},"content":{"rendered":"<p data-start=\"1768\" data-end=\"2531\">Peptide Tightening Ampoule \u2013 tai ampul\u0117s su peptid\u0173 kompleksu, skirtu skatinti kolageno sintez\u0119, didinti odos stangrum\u0105 ir elastingum\u0105 bei koreguoti rauk\u0161les. Kompleksas sujungia 4 regeneruojan\u010dius auk\u0161t\u0173j\u0173 technologij\u0173 peptidus, skirtus odos atjauninimui ir restrukt\u016brizavimui visais lygiais. Palmitoil tetrapeptidas-72 padeda i\u0161laikyti jaunyst\u0119 ir elastingum\u0105, didina odos tank\u012f ir stangrum\u0105. Oda tampa stangresn\u0117, o matom\u0173 sen\u0117jimo po\u017eymi\u0173 atsiradimas sul\u0117t\u0117ja. Palmitoil tripeptidas-1 ir palmitoil tetrapeptidas-7 gerina nat\u016bralius odos regeneracijos mechanizmus. Jie aktyvina fibroblastus, stiprina kolageno atsinaujinim\u0105 ir gerina elastingum\u0105, kompensuoja jungiamojo audinio skaidulini\u0173 strukt\u016br\u0173 tr\u016bkum\u0105, tod\u0117l ma\u017e\u0117ja rauk\u0161li\u0173 gylis ir ger\u0117ja odos reljefas.<\/p>\n<p data-start=\"2533\" data-end=\"2679\">Tinka vis\u0173 tip\u0173 odai, ypa\u010d odai, kuriai reikalinga regeneracija, ir brand\u017eiai odai su suma\u017e\u0117jusiu elastingumu iki elastoz\u0117s po\u017eymi\u0173 ir rauk\u0161l\u0117mis.<\/p>\n<p data-start=\"2681\" data-end=\"2700\"><strong data-start=\"2681\" data-end=\"2691\">T\u016bris:<\/strong> 7 x 2 ml<\/p>\n","protected":false},"excerpt":{"rendered":"<p data-start=\"3096\" data-end=\"3124\">Liftingo ampul\u0117 su peptidais<\/p>\n<h2 data-start=\"3126\" data-end=\"3164\"><strong data-start=\"3126\" data-end=\"3164\">Reviderm &#8211; Peptide Tightening Ampoule Savyb\u0117s<\/strong><\/h2>\n<p data-start=\"3166\" data-end=\"3390\">\u2714\ufe0f Stiprina odos strukt\u016br\u0105 ir didina jos tank\u012f<br data-start=\"3212\" data-end=\"3215\" \/>\u2714\ufe0f Skatina kolageno ir elastino sintez\u0119<br data-start=\"3254\" data-end=\"3257\" \/>\u2714\ufe0f Lygina mimikos ir am\u017eiaus rauk\u0161les<br data-start=\"3294\" data-end=\"3297\" \/>\u2714\ufe0f Didina odos stangrum\u0105 ir elastingum\u0105<br data-start=\"3336\" data-end=\"3339\" \/>\u2714\ufe0f Suteikia prie\u0161rauk\u0161lin\u012f poveik\u012f be sudirginimo<\/p>\n","protected":false},"featured_media":63986,"template":"","meta":[],"pwb-brand":[704],"product_brand":[],"product_cat":[738,750,724],"product_tag":[],"giftcard-category":[],"class_list":{"0":"post-73483","1":"product","2":"type-product","3":"status-publish","4":"has-post-thumbnail","6":"pwb-brand-reviderm","7":"product_cat-drekinimas","8":"product_cat-senstanti-oda","9":"product_cat-serumai","11":"first","12":"instock","13":"taxable","14":"shipping-taxable","15":"purchasable","16":"product-type-simple"},"acf":[],"brands":[{"id":704,"name":"Reviderm","slug":"reviderm"}],"_links":{"self":[{"href":"https:\/\/skinstudio.ee\/lt\/wp-json\/wp\/v2\/product\/73483","targetHints":{"allow":["GET"]}}],"collection":[{"href":"https:\/\/skinstudio.ee\/lt\/wp-json\/wp\/v2\/product"}],"about":[{"href":"https:\/\/skinstudio.ee\/lt\/wp-json\/wp\/v2\/types\/product"}],"version-history":[{"count":2,"href":"https:\/\/skinstudio.ee\/lt\/wp-json\/wp\/v2\/product\/73483\/revisions"}],"predecessor-version":[{"id":73485,"href":"https:\/\/skinstudio.ee\/lt\/wp-json\/wp\/v2\/product\/73483\/revisions\/73485"}],"wp:featuredmedia":[{"embeddable":true,"href":"https:\/\/skinstudio.ee\/lt\/wp-json\/wp\/v2\/media\/63986"}],"wp:attachment":[{"href":"https:\/\/skinstudio.ee\/lt\/wp-json\/wp\/v2\/media?parent=73483"}],"wp:term":[{"taxonomy":"pwb-brand","embeddable":true,"href":"https:\/\/skinstudio.ee\/lt\/wp-json\/wp\/v2\/pwb-brand?post=73483"},{"taxonomy":"product_brand","embeddable":true,"href":"https:\/\/skinstudio.ee\/lt\/wp-json\/wp\/v2\/product_brand?post=73483"},{"taxonomy":"product_cat","embeddable":true,"href":"https:\/\/skinstudio.ee\/lt\/wp-json\/wp\/v2\/product_cat?post=73483"},{"taxonomy":"product_tag","embeddable":true,"href":"https:\/\/skinstudio.ee\/lt\/wp-json\/wp\/v2\/product_tag?post=73483"},{"taxonomy":"giftcard-category","embeddable":true,"href":"https:\/\/skinstudio.ee\/lt\/wp-json\/wp\/v2\/giftcard-category?post=73483"}],"curies":[{"name":"wp","href":"https:\/\/api.w.org\/{rel}","templated":true}]}}