{"id":73491,"date":"2025-07-19T09:33:17","date_gmt":"2025-07-19T09:33:17","guid":{"rendered":"https:\/\/skinstudio.ee\/?post_type=product&#038;p=73491"},"modified":"2026-01-21T13:57:31","modified_gmt":"2026-01-21T13:57:31","slug":"hyal-plumping-ampoule","status":"publish","type":"product","link":"https:\/\/skinstudio.ee\/lt\/catalog\/reviderm\/hyal-plumping-ampoule\/","title":{"rendered":"HYAL Plumping Ampoule"},"content":{"rendered":"<p data-start=\"1798\" data-end=\"2603\">Hyal Plumping Ampoule \u2013 tai ampul\u0117s su hialurono r\u016bg\u0161timi intensyviam odos dr\u0117kinimui, turin\u010diam ilgalaik\u012f poveik\u012f ir ma\u017einan\u010diam rauk\u0161les, atsiradusias d\u0117l dehidratacijos. Inovatyvi perne\u0161imo sistema, sudaryta i\u0161 skersai susieto hialurono, kelias valandas nuolat i\u0161skiria dr\u0117gm\u0119 \u012f od\u0105 ir veikia kaip ilgalaikis u\u017epildas. Trimatis hialurono r\u016bg\u0161ties tinklas u\u017etikrina intensyv\u0173 dr\u0117kinim\u0105 ir suri\u0161a dr\u0117gm\u0119, didindamas elastingum\u0105 ir ma\u017eindamas smulkias linijas bei rauk\u0161les. Po naudojimo pa\u010dios odos hialuronidaz\u0117 (fermentai) palaipsniui skaido \u0161\u012f tinkl\u0105, sudarydama trumpesnes hialurono r\u016bg\u0161ties grandines ir palaipsniui jas i\u0161laisvindama (l\u0117to i\u0161siskyrimo efektas). Taip dr\u0117gm\u0117 nuolat i\u0161laikoma, u\u017ekertamas kelias nat\u016braliam vandens netekimui odoje, o oda taip pat apsaugoma nuo i\u0161orini\u0173 aplinkos ter\u0161al\u0173.<\/p>\n<p data-start=\"2605\" data-end=\"2750\">Tinka vis\u0173 tip\u0173 odai, ypa\u010d odai, kuriai reikalinga regeneracija, ir brand\u017eiai odai, kuriai tr\u016bksta dr\u0117gm\u0117s, kuri yra sausa ir linkusi \u012f miliumus.<\/p>\n<p data-start=\"2752\" data-end=\"2771\"><strong data-start=\"2752\" data-end=\"2762\">T\u016bris:<\/strong> 3 x 2 ml<\/p>\n","protected":false},"excerpt":{"rendered":"<p data-start=\"3167\" data-end=\"3212\">Ampul\u0117s su hialurono r\u016bg\u0161timi odos dr\u0117kinimui<\/p>\n<h2 data-start=\"3214\" data-end=\"3258\"><strong data-start=\"3214\" data-end=\"3258\">Reviderm &#8211; HYAL Plumping Ampoule Savyb\u0117s<\/strong><\/h2>\n<p data-start=\"3260\" data-end=\"3477\">\u2714\ufe0f U\u017etikrina gil\u0173 ir ilgalaik\u012f odos dr\u0117kinim\u0105<br data-start=\"3305\" data-end=\"3308\" \/>\u2714\ufe0f Vizualiai lygina smulkias rauk\u0161les<br data-start=\"3345\" data-end=\"3348\" \/>\u2714\ufe0f Didina odos stangrum\u0105 ir elastingum\u0105<br data-start=\"3387\" data-end=\"3390\" \/>\u2714\ufe0f Atkuria epidermio apimt\u012f ir tank\u012f<br data-start=\"3426\" data-end=\"3429\" \/>\u2714\ufe0f Suteikia odai gaivumo, putlumo ir \u0161vyt\u0117jimo<\/p>\n","protected":false},"featured_media":39544,"template":"","meta":[],"pwb-brand":[704],"product_brand":[],"product_cat":[738,740,750,724],"product_tag":[],"giftcard-category":[],"class_list":{"0":"post-73491","1":"product","2":"type-product","3":"status-publish","4":"has-post-thumbnail","6":"pwb-brand-reviderm","7":"product_cat-drekinimas","8":"product_cat-sausai-odai","9":"product_cat-senstanti-oda","10":"product_cat-serumai","12":"first","13":"instock","14":"taxable","15":"shipping-taxable","16":"purchasable","17":"product-type-simple"},"acf":[],"brands":[{"id":704,"name":"Reviderm","slug":"reviderm"}],"_links":{"self":[{"href":"https:\/\/skinstudio.ee\/lt\/wp-json\/wp\/v2\/product\/73491","targetHints":{"allow":["GET"]}}],"collection":[{"href":"https:\/\/skinstudio.ee\/lt\/wp-json\/wp\/v2\/product"}],"about":[{"href":"https:\/\/skinstudio.ee\/lt\/wp-json\/wp\/v2\/types\/product"}],"version-history":[{"count":2,"href":"https:\/\/skinstudio.ee\/lt\/wp-json\/wp\/v2\/product\/73491\/revisions"}],"predecessor-version":[{"id":73493,"href":"https:\/\/skinstudio.ee\/lt\/wp-json\/wp\/v2\/product\/73491\/revisions\/73493"}],"wp:featuredmedia":[{"embeddable":true,"href":"https:\/\/skinstudio.ee\/lt\/wp-json\/wp\/v2\/media\/39544"}],"wp:attachment":[{"href":"https:\/\/skinstudio.ee\/lt\/wp-json\/wp\/v2\/media?parent=73491"}],"wp:term":[{"taxonomy":"pwb-brand","embeddable":true,"href":"https:\/\/skinstudio.ee\/lt\/wp-json\/wp\/v2\/pwb-brand?post=73491"},{"taxonomy":"product_brand","embeddable":true,"href":"https:\/\/skinstudio.ee\/lt\/wp-json\/wp\/v2\/product_brand?post=73491"},{"taxonomy":"product_cat","embeddable":true,"href":"https:\/\/skinstudio.ee\/lt\/wp-json\/wp\/v2\/product_cat?post=73491"},{"taxonomy":"product_tag","embeddable":true,"href":"https:\/\/skinstudio.ee\/lt\/wp-json\/wp\/v2\/product_tag?post=73491"},{"taxonomy":"giftcard-category","embeddable":true,"href":"https:\/\/skinstudio.ee\/lt\/wp-json\/wp\/v2\/giftcard-category?post=73491"}],"curies":[{"name":"wp","href":"https:\/\/api.w.org\/{rel}","templated":true}]}}