{"id":73499,"date":"2025-07-19T09:23:49","date_gmt":"2025-07-19T09:23:49","guid":{"rendered":"https:\/\/skinstudio.ee\/?post_type=product&#038;p=73499"},"modified":"2026-01-21T13:57:29","modified_gmt":"2026-01-21T13:57:29","slug":"c-revitalizing-ampoule","status":"publish","type":"product","link":"https:\/\/skinstudio.ee\/lt\/catalog\/reviderm\/c-revitalizing-ampoule\/","title":{"rendered":"C Revitalizing Ampoule"},"content":{"rendered":"<p data-start=\"1896\" data-end=\"2754\">C Revitalizing Ampoule \u2013 tai prie\u017ei\u016brin\u0117 ampul\u0117 odos atstatymui ir revitalizacijai. Formul\u0117s pagrindas \u2013 galingas antioksidantas, aliejuje i\u0161tirpintas vitaminas C. Bevandenis vitamino C aliejus naudojamas kaip intensyvi priemon\u0117 odos atgaivinimui ir regeneracijai. Inovatyvus jautraus vitamino apdorojimas u\u017etikrina maksimal\u0173 stabilum\u0105, puik\u0173 \u012fsiskverbim\u0105 ir biologin\u012f prieinamum\u0105, taip pat leid\u017eia odai gerai toleruoti labai didel\u0119 vitamino C koncentracij\u0105. Atkuriamoji C Revitalizing Ampule aktyvina kolageno regeneracij\u0105 ir aktyviai l\u0117tina su am\u017eiumi susijusi\u0105 degradacij\u0105. Kaip stiprus antioksidantas, vitaminas C saugo l\u0105steles nuo laisv\u0173j\u0173 radikal\u0173 \u017ealingo poveikio odai. Teigiamas poveikis med\u017eiag\u0173 apykaitai palaiko l\u0105steli\u0173 gyvybingum\u0105. Slopindamas tirozinaz\u0119 (ferment\u0105, aktyvinant\u012f melanin\u0105), vitaminas C taip pat veiksmingai kovoja su pigmentacija.<\/p>\n<p data-start=\"2756\" data-end=\"2927\">Puikiai tinka normaliai ir sausai odai, ypa\u010d brand\u017eiai odai, kuriai reikalinga regeneracija, su suma\u017e\u0117jusiu elastingumu iki elastoz\u0117s po\u017eymi\u0173 ir netolygiu veido atspalviu.<\/p>\n<p data-start=\"2929\" data-end=\"2948\"><strong data-start=\"2929\" data-end=\"2939\">T\u016bris:<\/strong> 3 x 2 ml<\/p>\n","protected":false},"excerpt":{"rendered":"<p data-start=\"3345\" data-end=\"3380\">Antioksidacin\u0117 ampul\u0117 su vitaminu C<\/p>\n<h2 data-start=\"3382\" data-end=\"3427\"><strong data-start=\"3382\" data-end=\"3427\">Reviderm &#8211; C Revitalizing Ampoule Savyb\u0117s<\/strong><\/h2>\n<p data-start=\"3429\" data-end=\"3709\">\u2714\ufe0f Apsaugo nuo prie\u0161laikinio odos sen\u0117jimo<br data-start=\"3471\" data-end=\"3474\" \/>\u2714\ufe0f Turi ry\u0161k\u0173 revitalizuojant\u012f ir atjauninant\u012f poveik\u012f<br data-start=\"3528\" data-end=\"3531\" \/>\u2714\ufe0f Galingas antioksidantas: saugo l\u0105steles nuo oksidacinio streso<br data-start=\"3596\" data-end=\"3599\" \/>\u2714\ufe0f Palaiko l\u0105steli\u0173 aktyvum\u0105 ir gyvybingum\u0105<br data-start=\"3642\" data-end=\"3645\" \/>\u2714\ufe0f Skatina kolageno sintez\u0119, stiprina ir gerina veido kont\u016brus<\/p>\n","protected":false},"featured_media":39533,"template":"","meta":[],"pwb-brand":[704],"product_brand":[],"product_cat":[738,750,752,740,724,730],"product_tag":[],"giftcard-category":[],"class_list":{"0":"post-73499","1":"product","2":"type-product","3":"status-publish","4":"has-post-thumbnail","6":"pwb-brand-reviderm","7":"product_cat-drekinimas","8":"product_cat-odos-senejimas","9":"product_cat-pigmentacija","10":"product_cat-sausa-oda","11":"product_cat-serumai","12":"product_cat-vitaminas-c","14":"first","15":"instock","16":"taxable","17":"shipping-taxable","18":"purchasable","19":"product-type-simple"},"acf":[],"brands":[{"id":704,"name":"Reviderm","slug":"reviderm"}],"_links":{"self":[{"href":"https:\/\/skinstudio.ee\/lt\/wp-json\/wp\/v2\/product\/73499","targetHints":{"allow":["GET"]}}],"collection":[{"href":"https:\/\/skinstudio.ee\/lt\/wp-json\/wp\/v2\/product"}],"about":[{"href":"https:\/\/skinstudio.ee\/lt\/wp-json\/wp\/v2\/types\/product"}],"version-history":[{"count":1,"href":"https:\/\/skinstudio.ee\/lt\/wp-json\/wp\/v2\/product\/73499\/revisions"}],"predecessor-version":[{"id":73500,"href":"https:\/\/skinstudio.ee\/lt\/wp-json\/wp\/v2\/product\/73499\/revisions\/73500"}],"wp:featuredmedia":[{"embeddable":true,"href":"https:\/\/skinstudio.ee\/lt\/wp-json\/wp\/v2\/media\/39533"}],"wp:attachment":[{"href":"https:\/\/skinstudio.ee\/lt\/wp-json\/wp\/v2\/media?parent=73499"}],"wp:term":[{"taxonomy":"pwb-brand","embeddable":true,"href":"https:\/\/skinstudio.ee\/lt\/wp-json\/wp\/v2\/pwb-brand?post=73499"},{"taxonomy":"product_brand","embeddable":true,"href":"https:\/\/skinstudio.ee\/lt\/wp-json\/wp\/v2\/product_brand?post=73499"},{"taxonomy":"product_cat","embeddable":true,"href":"https:\/\/skinstudio.ee\/lt\/wp-json\/wp\/v2\/product_cat?post=73499"},{"taxonomy":"product_tag","embeddable":true,"href":"https:\/\/skinstudio.ee\/lt\/wp-json\/wp\/v2\/product_tag?post=73499"},{"taxonomy":"giftcard-category","embeddable":true,"href":"https:\/\/skinstudio.ee\/lt\/wp-json\/wp\/v2\/giftcard-category?post=73499"}],"curies":[{"name":"wp","href":"https:\/\/api.w.org\/{rel}","templated":true}]}}