{"id":73506,"date":"2025-07-19T09:14:05","date_gmt":"2025-07-19T09:14:05","guid":{"rendered":"https:\/\/skinstudio.ee\/?post_type=product&#038;p=73506"},"modified":"2026-01-21T13:57:32","modified_gmt":"2026-01-21T13:57:32","slug":"pro-microbiome-aged-skin","status":"publish","type":"product","link":"https:\/\/skinstudio.ee\/lt\/catalog\/reviderm\/pro-microbiome-aged-skin\/","title":{"rendered":"Pro Microbiome Aged Skin"},"content":{"rendered":"<p data-start=\"1718\" data-end=\"1992\">Unikalus mikrobiotinis kompleksas I.N.L sukurtas specialiai brand\u017eios odos poreikiams. Jis jungia prebiotikus, probiotikus, postbiotikus ir vadinamuosius \u201ekomunikacijos hakerius\u201c \u2014 med\u017eiagas, kurios reguliuoja mikrofloros pusiausvyr\u0105 ir saugo od\u0105 nuo prie\u0161laikinio sen\u0117jimo.<\/p>\n<p data-start=\"1994\" data-end=\"2071\"><strong data-start=\"1994\" data-end=\"2010\">I (Inulinas)<\/strong> \u2014 prebiotikas, kuris yra maistas naudingosioms bakterijoms<\/p>\n<p data-start=\"2073\" data-end=\"2180\"><strong data-start=\"2073\" data-end=\"2085\">N (Noni)<\/strong> \u2014 kamienini\u0173 l\u0105steli\u0173 ekstraktas, neleid\u017eiantis formuotis kenksmingoms mikrobin\u0117ms pl\u0117vel\u0117ms<\/p>\n<p data-start=\"2182\" data-end=\"2278\"><strong data-start=\"2182\" data-end=\"2212\">L (Laktobakterij\u0173 lizatas)<\/strong> \u2014 probiotikas, stiprinantis ir stabilizuojantis odos mikrobiom\u0105<\/p>\n<p data-start=\"2280\" data-end=\"2411\"><strong data-start=\"2280\" data-end=\"2300\">Bacillus Ferment<\/strong> \u2014 postbiotikas, stiprinantis odos apsaug\u0105, lyginantis rauk\u0161les ir skatinantis nat\u016brali\u0173 antioksidant\u0173 gamyb\u0105<\/p>\n<p data-start=\"2413\" data-end=\"2590\">\u0160is kompleksas atkuria mikrobiologin\u0119 pusiausvyr\u0105, ma\u017eina u\u017edegim\u0105, palaiko antioksidacin\u0119 apsaug\u0105 ir stiprina odos strukt\u016br\u0105. D\u0117l to oda tampa atsparesn\u0117, lygesn\u0117 ir sveikesn\u0117.<\/p>\n<p data-start=\"2592\" data-end=\"2608\"><strong data-start=\"2592\" data-end=\"2602\">T\u016bris:<\/strong> 30 ml<\/p>\n","protected":false},"excerpt":{"rendered":"<p data-start=\"2917\" data-end=\"2956\">Koncentratas su mikrobiotiniu kompleksu<\/p>\n<p data-start=\"2958\" data-end=\"3005\"><strong data-start=\"2958\" data-end=\"3005\">Reviderm &#8211; Pro Microbiome Aged Skin Savyb\u0117s<\/strong><\/p>\n<p data-start=\"3007\" data-end=\"3303\">\u2714\ufe0f Palaiko sveik\u0105 brand\u017eios odos mikroflor\u0105<br data-start=\"3050\" data-end=\"3053\" \/>\u2714\ufe0f Skatina kolageno sintez\u0119 ir didina odos stangrum\u0105<br data-start=\"3105\" data-end=\"3108\" \/>\u2714\ufe0f Ma\u017eina u\u017edegim\u0105 ir didina odos atsparum\u0105 stresui<br data-start=\"3159\" data-end=\"3162\" \/>\u2714\ufe0f Gerina barjerines funkcijas ir ma\u017eina transepidermin\u012f dr\u0117gm\u0117s praradim\u0105<br data-start=\"3236\" data-end=\"3239\" \/>\u2714\ufe0f Lygina rauk\u0161les ir suteikia odai gaiv\u0173, subalansuot\u0105 vaizd\u0105<\/p>\n<p data-start=\"2917\" data-end=\"2956\">Koncentratas su mikrobiotiniu kompleksu<\/p>\n<h2 data-start=\"2958\" data-end=\"3005\"><strong data-start=\"2958\" data-end=\"3005\">Reviderm &#8211; Pro Microbiome Aged Skin Savyb\u0117s<\/strong><\/h2>\n<p data-start=\"3007\" data-end=\"3303\">\u2714\ufe0f Palaiko sveik\u0105 brand\u017eios odos mikroflor\u0105<br data-start=\"3050\" data-end=\"3053\" \/>\u2714\ufe0f Skatina kolageno sintez\u0119 ir didina odos stangrum\u0105<br data-start=\"3105\" data-end=\"3108\" \/>\u2714\ufe0f Ma\u017eina u\u017edegim\u0105 ir didina odos atsparum\u0105 stresui<br data-start=\"3159\" data-end=\"3162\" \/>\u2714\ufe0f Gerina barjerines funkcijas ir ma\u017eina transepidermin\u012f dr\u0117gm\u0117s praradim\u0105<br data-start=\"3236\" data-end=\"3239\" \/>\u2714\ufe0f Lygina rauk\u0161les ir suteikia odai gaiv\u0173, subalansuot\u0105 vaizd\u0105<\/p>\n","protected":false},"featured_media":39508,"template":"","meta":[],"pwb-brand":[704],"product_brand":[],"product_cat":[738,750,724],"product_tag":[],"giftcard-category":[],"class_list":{"0":"post-73506","1":"product","2":"type-product","3":"status-publish","4":"has-post-thumbnail","6":"pwb-brand-reviderm","7":"product_cat-drekinimas","8":"product_cat-senstanti-oda","9":"product_cat-serumai","11":"first","12":"instock","13":"taxable","14":"shipping-taxable","15":"purchasable","16":"product-type-simple"},"acf":[],"brands":[{"id":704,"name":"Reviderm","slug":"reviderm"}],"_links":{"self":[{"href":"https:\/\/skinstudio.ee\/lt\/wp-json\/wp\/v2\/product\/73506","targetHints":{"allow":["GET"]}}],"collection":[{"href":"https:\/\/skinstudio.ee\/lt\/wp-json\/wp\/v2\/product"}],"about":[{"href":"https:\/\/skinstudio.ee\/lt\/wp-json\/wp\/v2\/types\/product"}],"version-history":[{"count":1,"href":"https:\/\/skinstudio.ee\/lt\/wp-json\/wp\/v2\/product\/73506\/revisions"}],"predecessor-version":[{"id":73507,"href":"https:\/\/skinstudio.ee\/lt\/wp-json\/wp\/v2\/product\/73506\/revisions\/73507"}],"wp:featuredmedia":[{"embeddable":true,"href":"https:\/\/skinstudio.ee\/lt\/wp-json\/wp\/v2\/media\/39508"}],"wp:attachment":[{"href":"https:\/\/skinstudio.ee\/lt\/wp-json\/wp\/v2\/media?parent=73506"}],"wp:term":[{"taxonomy":"pwb-brand","embeddable":true,"href":"https:\/\/skinstudio.ee\/lt\/wp-json\/wp\/v2\/pwb-brand?post=73506"},{"taxonomy":"product_brand","embeddable":true,"href":"https:\/\/skinstudio.ee\/lt\/wp-json\/wp\/v2\/product_brand?post=73506"},{"taxonomy":"product_cat","embeddable":true,"href":"https:\/\/skinstudio.ee\/lt\/wp-json\/wp\/v2\/product_cat?post=73506"},{"taxonomy":"product_tag","embeddable":true,"href":"https:\/\/skinstudio.ee\/lt\/wp-json\/wp\/v2\/product_tag?post=73506"},{"taxonomy":"giftcard-category","embeddable":true,"href":"https:\/\/skinstudio.ee\/lt\/wp-json\/wp\/v2\/giftcard-category?post=73506"}],"curies":[{"name":"wp","href":"https:\/\/api.w.org\/{rel}","templated":true}]}}