{"id":73514,"date":"2025-07-19T09:13:45","date_gmt":"2025-07-19T09:13:45","guid":{"rendered":"https:\/\/skinstudio.ee\/?post_type=product&#038;p=73514"},"modified":"2026-01-21T13:57:33","modified_gmt":"2026-01-21T13:57:33","slug":"pro-microbiome-oily-skin","status":"publish","type":"product","link":"https:\/\/skinstudio.ee\/lt\/catalog\/reviderm\/pro-microbiome-oily-skin\/","title":{"rendered":"Pro Microbiome Oily Skin"},"content":{"rendered":"<p data-start=\"1762\" data-end=\"1946\">Unikalus mikrobiotinis kompleksas <strong data-start=\"1796\" data-end=\"1805\">N.I.L<\/strong> sukurtas specialiai riebiai ir mi\u0161riai odai. Jis atkuria mikrofloros pusiausvyr\u0105, reguliuoja sebumo i\u0161siskyrim\u0105 ir padeda i\u0161vengti u\u017edegim\u0173.<\/p>\n<p data-start=\"1948\" data-end=\"2122\"><strong data-start=\"1948\" data-end=\"1960\">N (Noni)<\/strong> \u2014 kamienini\u0173 l\u0105steli\u0173 ekstraktas, veikiantis kaip \u201ekomunikacijos hakeris\u201c: neleid\u017eia formuotis mikrobin\u0117ms pl\u0117vel\u0117ms ir ma\u017eina patogenini\u0173 bakterij\u0173 agresyvum\u0105<\/p>\n<p data-start=\"2124\" data-end=\"2226\"><strong data-start=\"2124\" data-end=\"2140\">I (Inulinas)<\/strong> \u2014 prebiotikas, maitinantis nauding\u0105sias bakterijas ir palaikantis sveik\u0105 mikroflor\u0105<\/p>\n<p data-start=\"2228\" data-end=\"2324\"><strong data-start=\"2228\" data-end=\"2258\">L (Laktobakterij\u0173 lizatas)<\/strong> \u2014 probiotikas, stiprinantis ir stabilizuojantis odos mikrobiom\u0105<\/p>\n<p data-start=\"2326\" data-end=\"2500\"><strong data-start=\"2326\" data-end=\"2346\">Azelaino r\u016bg\u0161tis<\/strong> u\u017ebaigia komplekso veikim\u0105 kaip postbiotikas:<br data-start=\"2392\" data-end=\"2395\" \/>ji normalizuoja sebumo i\u0161siskyrim\u0105, ma\u017eina u\u017edegimus, \u0161viesina postakn\u0119 ir padeda i\u0161vengti pigmentacijos.<\/p>\n<p data-start=\"2502\" data-end=\"2668\">D\u0117l daugiafaktorinio poveikio kompleksas padeda suma\u017einti rieb\u0173 blizges\u012f, valo od\u0105, ma\u017eina u\u017edegimini\u0173 element\u0173 rizik\u0105 ir suteikia odai lygesn\u012f bei gaivesn\u012f atspalv\u012f.<\/p>\n<p data-start=\"2670\" data-end=\"2686\"><strong data-start=\"2670\" data-end=\"2680\">T\u016bris:<\/strong> 30 ml<\/p>\n","protected":false},"excerpt":{"rendered":"<p data-start=\"2995\" data-end=\"3047\">Koncentratas su mikrobiotiniu kompleksu riebiai odai<\/p>\n<h2 data-start=\"3049\" data-end=\"3096\"><strong data-start=\"3049\" data-end=\"3096\">Reviderm &#8211; Pro Microbiome Oily Skin Savyb\u0117s<\/strong><\/h2>\n<p data-start=\"3098\" data-end=\"3382\">\u2714\ufe0f Normalizuoja riebios odos mikrobiot\u0105 ir ma\u017eina u\u017edegimus<br data-start=\"3157\" data-end=\"3160\" \/>\u2714\ufe0f Reguliuoja sebumo i\u0161siskyrim\u0105 ir ma\u017eina rieb\u0173 blizges\u012f<br data-start=\"3217\" data-end=\"3220\" \/>\u2714\ufe0f Stiprina apsaugin\u012f barjer\u0105 ir didina odos atsparum\u0105<br data-start=\"3274\" data-end=\"3277\" \/>\u2714\ufe0f Ma\u017eina biopl\u0117veli\u0173 ir patogenin\u0117s mikrofloros formavim\u0105si<br data-start=\"3337\" data-end=\"3340\" \/>\u2714\ufe0f Ramina ir subalansuoja problemin\u0119 od\u0105<\/p>\n","protected":false},"featured_media":39522,"template":"","meta":[],"pwb-brand":[704],"product_brand":[],"product_cat":[742,724,748],"product_tag":[],"giftcard-category":[],"class_list":{"0":"post-73514","1":"product","2":"type-product","3":"status-publish","4":"has-post-thumbnail","6":"pwb-brand-reviderm","7":"product_cat-berimai","8":"product_cat-serumai","9":"product_cat-taukainai-adai-lt","11":"first","12":"outofstock","13":"taxable","14":"shipping-taxable","15":"purchasable","16":"product-type-simple"},"acf":[],"brands":[{"id":704,"name":"Reviderm","slug":"reviderm"}],"_links":{"self":[{"href":"https:\/\/skinstudio.ee\/lt\/wp-json\/wp\/v2\/product\/73514","targetHints":{"allow":["GET"]}}],"collection":[{"href":"https:\/\/skinstudio.ee\/lt\/wp-json\/wp\/v2\/product"}],"about":[{"href":"https:\/\/skinstudio.ee\/lt\/wp-json\/wp\/v2\/types\/product"}],"version-history":[{"count":1,"href":"https:\/\/skinstudio.ee\/lt\/wp-json\/wp\/v2\/product\/73514\/revisions"}],"predecessor-version":[{"id":73515,"href":"https:\/\/skinstudio.ee\/lt\/wp-json\/wp\/v2\/product\/73514\/revisions\/73515"}],"wp:featuredmedia":[{"embeddable":true,"href":"https:\/\/skinstudio.ee\/lt\/wp-json\/wp\/v2\/media\/39522"}],"wp:attachment":[{"href":"https:\/\/skinstudio.ee\/lt\/wp-json\/wp\/v2\/media?parent=73514"}],"wp:term":[{"taxonomy":"pwb-brand","embeddable":true,"href":"https:\/\/skinstudio.ee\/lt\/wp-json\/wp\/v2\/pwb-brand?post=73514"},{"taxonomy":"product_brand","embeddable":true,"href":"https:\/\/skinstudio.ee\/lt\/wp-json\/wp\/v2\/product_brand?post=73514"},{"taxonomy":"product_cat","embeddable":true,"href":"https:\/\/skinstudio.ee\/lt\/wp-json\/wp\/v2\/product_cat?post=73514"},{"taxonomy":"product_tag","embeddable":true,"href":"https:\/\/skinstudio.ee\/lt\/wp-json\/wp\/v2\/product_tag?post=73514"},{"taxonomy":"giftcard-category","embeddable":true,"href":"https:\/\/skinstudio.ee\/lt\/wp-json\/wp\/v2\/giftcard-category?post=73514"}],"curies":[{"name":"wp","href":"https:\/\/api.w.org\/{rel}","templated":true}]}}