{"id":73521,"date":"2025-07-19T08:57:58","date_gmt":"2025-07-19T08:57:58","guid":{"rendered":"https:\/\/skinstudio.ee\/?post_type=product&#038;p=73521"},"modified":"2026-01-21T13:57:32","modified_gmt":"2026-01-21T13:57:32","slug":"pro-microbiome-dry-skin","status":"publish","type":"product","link":"https:\/\/skinstudio.ee\/lt\/catalog\/reviderm\/pro-microbiome-dry-skin\/","title":{"rendered":"Pro Microbiome Dry Skin"},"content":{"rendered":"<p data-start=\"2334\" data-end=\"2801\">Koncentratas odos mikrobiotos normalizavimui su pre-, pro-, postbiotikais ir CH agentais.<br data-start=\"2423\" data-end=\"2426\" \/>Skirtas dehidratuotai ir sausai odai, ypa\u010d odai su pa\u017eeistu barjeru ir linkusiai \u012f sudirgim\u0105 bei u\u017edegimus, taip pat kaip pagalbin\u0117 terapija sergant neurodermitu ir egzema.<br data-start=\"2598\" data-end=\"2601\" \/>Unikalus mikrobiotinis kompleksas <strong data-start=\"2635\" data-end=\"2644\">I.L.N<\/strong> naudoja daugiafaktor\u012f, individualiai prie odos poreiki\u0173 pritaikyt\u0105 metod\u0105, kad atkurt\u0173 optimal\u0173 dehidratuotos ir sausos odos mikrobiomo ekosistemos balans\u0105.<\/p>\n<p data-start=\"2803\" data-end=\"3389\"><strong data-start=\"2803\" data-end=\"2819\">I \u2013 Inulinas<\/strong> \u2013 prebiotikas (polisacharidai \u2013 \u201emaistas\u201c bakterijoms).<br data-start=\"2875\" data-end=\"2878\" \/><strong data-start=\"2878\" data-end=\"2926\">L \u2013 fermentai laktobakterij\u0173 lizato pavidalu<\/strong> (probiotikas). Stiprina odos mikrobiom\u0105 ir stabilizuoja flor\u0105.<br data-start=\"2989\" data-end=\"2992\" \/><strong data-start=\"2992\" data-end=\"3050\">N \u2013 inovatyvus ingredientas NONI (kamienin\u0117s l\u0105stel\u0117s)<\/strong> \u2013 \u201ekomunikacijos hakeris\u201c. Neleid\u017eia formuotis mikrobin\u0117ms mikropl\u0117vel\u0117ms ir padeda ma\u017einti virulenti\u0161kum\u0105.<br data-start=\"3158\" data-end=\"3161\" \/><strong data-start=\"3161\" data-end=\"3194\">Hidrolizuotas mieli\u0173 baltymas<\/strong> u\u017ebaigia poveik\u012f kaip \u012f indikacijas orientuotas postbiotikas ir palaiko sveik\u0105 sausos odos mikroklimat\u0105. Atkuriama bakterij\u0173 \u012fvairov\u0117, ger\u0117ja keramido sintez\u0117 ir ma\u017e\u0117ja dr\u0117gm\u0117s netekimas (TEWL).<\/p>\n<p data-start=\"3391\" data-end=\"3889\">Mikrobiotinis kompleksas \u2013 tai sinergi\u0161kai veikiantis prebiotik\u0173, probiotik\u0173, postbiotik\u0173 ir komunikacijos hakeri\u0173 derinys, sukurtas atsi\u017evelgiant \u012f sausos odos poreikius. Nat\u016brali mikroflora stabilizuojama, u\u017ekertant keli\u0105 pernelyg dideliam kai kuri\u0173 bakterij\u0173 dauginimuisi ar kit\u0173 tr\u016bkumui, kuris sukelia sausum\u0105 ir dehidratacij\u0105. Teigiamai veikiami mikroorganizm\u0173 tarpusavio ry\u0161iai, ma\u017e\u0117ja biopl\u0117vel\u0117s ir \u017ealingas aktyvumas (virulenti\u0161kumas). Hidrolizuotas mieli\u0173 baltymas didina lipid\u0173 sintez\u0119.<\/p>\n<p data-start=\"3891\" data-end=\"3907\"><strong data-start=\"3891\" data-end=\"3901\">T\u016bris:<\/strong> 30 ml<\/p>\n","protected":false},"excerpt":{"rendered":"<p data-start=\"4217\" data-end=\"4262\">Intensyvus kremas sausai odai su prebiotikais<\/p>\n<h2 data-start=\"4264\" data-end=\"4310\"><strong data-start=\"4264\" data-end=\"4310\">Reviderm &#8211; Pro Microbiome Dry Skin Savyb\u0117s<\/strong><\/h2>\n<p data-start=\"4312\" data-end=\"4546\">\u2714\ufe0f Atkuria ir palaiko sveik\u0105 odos mikrobiom\u0105<br data-start=\"4356\" data-end=\"4359\" \/>\u2714\ufe0f Stiprina apsaugin\u012f barjer\u0105 ir saugo nuo dr\u0117gm\u0117s praradimo<br data-start=\"4419\" data-end=\"4422\" \/>\u2714\ufe0f Ramina saus\u0105, jautri\u0105 ir sudirgusi\u0105 od\u0105<br data-start=\"4464\" data-end=\"4467\" \/>\u2714\ufe0f Mink\u0161tina ir giliai dr\u0117kina<br data-start=\"4497\" data-end=\"4500\" \/>\u2714\ufe0f Apsaugo nuo i\u0161orini\u0173 dirgikli\u0173 ir sausumo<\/p>\n","protected":false},"featured_media":39495,"template":"","meta":[],"pwb-brand":[704],"product_brand":[],"product_cat":[738,746,740,724],"product_tag":[],"giftcard-category":[],"class_list":{"0":"post-73521","1":"product","2":"type-product","3":"status-publish","4":"has-post-thumbnail","6":"pwb-brand-reviderm","7":"product_cat-drekinimas","8":"product_cat-jautriai-odai","9":"product_cat-sausai-odai","10":"product_cat-serumai","12":"first","13":"instock","14":"taxable","15":"shipping-taxable","16":"purchasable","17":"product-type-simple"},"acf":[],"brands":[{"id":704,"name":"Reviderm","slug":"reviderm"}],"_links":{"self":[{"href":"https:\/\/skinstudio.ee\/lt\/wp-json\/wp\/v2\/product\/73521","targetHints":{"allow":["GET"]}}],"collection":[{"href":"https:\/\/skinstudio.ee\/lt\/wp-json\/wp\/v2\/product"}],"about":[{"href":"https:\/\/skinstudio.ee\/lt\/wp-json\/wp\/v2\/types\/product"}],"version-history":[{"count":1,"href":"https:\/\/skinstudio.ee\/lt\/wp-json\/wp\/v2\/product\/73521\/revisions"}],"predecessor-version":[{"id":73522,"href":"https:\/\/skinstudio.ee\/lt\/wp-json\/wp\/v2\/product\/73521\/revisions\/73522"}],"wp:featuredmedia":[{"embeddable":true,"href":"https:\/\/skinstudio.ee\/lt\/wp-json\/wp\/v2\/media\/39495"}],"wp:attachment":[{"href":"https:\/\/skinstudio.ee\/lt\/wp-json\/wp\/v2\/media?parent=73521"}],"wp:term":[{"taxonomy":"pwb-brand","embeddable":true,"href":"https:\/\/skinstudio.ee\/lt\/wp-json\/wp\/v2\/pwb-brand?post=73521"},{"taxonomy":"product_brand","embeddable":true,"href":"https:\/\/skinstudio.ee\/lt\/wp-json\/wp\/v2\/product_brand?post=73521"},{"taxonomy":"product_cat","embeddable":true,"href":"https:\/\/skinstudio.ee\/lt\/wp-json\/wp\/v2\/product_cat?post=73521"},{"taxonomy":"product_tag","embeddable":true,"href":"https:\/\/skinstudio.ee\/lt\/wp-json\/wp\/v2\/product_tag?post=73521"},{"taxonomy":"giftcard-category","embeddable":true,"href":"https:\/\/skinstudio.ee\/lt\/wp-json\/wp\/v2\/giftcard-category?post=73521"}],"curies":[{"name":"wp","href":"https:\/\/api.w.org\/{rel}","templated":true}]}}