{"id":73528,"date":"2025-07-19T08:18:06","date_gmt":"2025-07-19T08:18:06","guid":{"rendered":"https:\/\/skinstudio.ee\/?post_type=product&#038;p=73528"},"modified":"2026-01-21T13:57:33","modified_gmt":"2026-01-21T13:57:33","slug":"purity-roll-on-forte","status":"publish","type":"product","link":"https:\/\/skinstudio.ee\/lt\/catalog\/reviderm\/purity-roll-on-forte\/","title":{"rendered":"Purity Roll-On Forte"},"content":{"rendered":"<p data-start=\"1203\" data-end=\"1827\">Intensyvus koncentratas su \u0161veitimo efektu, turintis aktyv\u0173j\u012f kompleks\u0105 <strong data-start=\"1275\" data-end=\"1290\">Kerabionic\u00ae<\/strong>, salicilo r\u016bg\u0161t\u012f ir vaisi\u0173 r\u016bg\u0161tis, neturi lipid\u0173, veiksmingai kovoja su spuogais, pa\u0161alina ne\u0161varum\u0173 daleles ir odos sebum\u0105, sutraukia poras.<br data-start=\"1433\" data-end=\"1436\" \/>Kompleksas <strong data-start=\"1447\" data-end=\"1462\">Kerabionic\u00ae<\/strong> reguliuoja nat\u016brali\u0105 odos mikroflor\u0105, slopina patogeninius mikroorganizmus ir atkuria pH balans\u0105, nepa\u017eeisdamas odos.<br data-start=\"1580\" data-end=\"1583\" \/>Salicilo r\u016bg\u0161tis i\u0161valo poras nuo perteklinio sebumo, apsaugo nuo riebalini\u0173 kam\u0161\u010di\u0173 ir komedon\u0173 susidarymo.<br data-start=\"1691\" data-end=\"1694\" \/>Vaisi\u0173 r\u016bg\u0161tys lygina odos strukt\u016br\u0105. Antrosios kartos migdol\u0173 r\u016bg\u0161tis skatina l\u0105steli\u0173 atsinaujinim\u0105 ir gerina visas odos funkcijas.<\/p>\n<p data-start=\"1829\" data-end=\"1845\"><strong data-start=\"1829\" data-end=\"1839\">T\u016bris:<\/strong> 10 ml<\/p>\n","protected":false},"excerpt":{"rendered":"<p data-start=\"2044\" data-end=\"2080\">Intensyvus \u0161vei\u010diamasis koncentratas<\/p>\n<h2 data-start=\"2082\" data-end=\"2125\"><strong data-start=\"2082\" data-end=\"2125\">Reviderm &#8211; Purity Roll-On Forte Savyb\u0117s<\/strong><\/h2>\n<p data-start=\"2127\" data-end=\"2295\">\u2714\ufe0f Pa\u0161alina surag\u0117jus\u012f odos sluoksn\u012f<br data-start=\"2163\" data-end=\"2166\" \/>\u2714\ufe0f Ma\u017eina u\u017edegimus<br data-start=\"2185\" data-end=\"2188\" \/>\u2714\ufe0f Suma\u017eina por\u0173 matomum\u0105<br data-start=\"2213\" data-end=\"2216\" \/>\u2714\ufe0f Kontroliuoja sebumo i\u0161siskyrim\u0105<br data-start=\"2250\" data-end=\"2253\" \/>\u2714\ufe0f Gerina epidermio tekst\u016br\u0105 ir atspalv\u012f<\/p>\n","protected":false},"featured_media":63991,"template":"","meta":[],"pwb-brand":[704],"product_brand":[],"product_cat":[742,746,752,750,724],"product_tag":[],"giftcard-category":[],"class_list":{"0":"post-73528","1":"product","2":"type-product","3":"status-publish","4":"has-post-thumbnail","6":"pwb-brand-reviderm","7":"product_cat-berimai","8":"product_cat-jautriai-odai","9":"product_cat-pigmentacija-lt","10":"product_cat-senstanti-oda","11":"product_cat-serumai","13":"first","14":"instock","15":"taxable","16":"shipping-taxable","17":"purchasable","18":"product-type-simple"},"acf":[],"brands":[{"id":704,"name":"Reviderm","slug":"reviderm"}],"_links":{"self":[{"href":"https:\/\/skinstudio.ee\/lt\/wp-json\/wp\/v2\/product\/73528","targetHints":{"allow":["GET"]}}],"collection":[{"href":"https:\/\/skinstudio.ee\/lt\/wp-json\/wp\/v2\/product"}],"about":[{"href":"https:\/\/skinstudio.ee\/lt\/wp-json\/wp\/v2\/types\/product"}],"version-history":[{"count":2,"href":"https:\/\/skinstudio.ee\/lt\/wp-json\/wp\/v2\/product\/73528\/revisions"}],"predecessor-version":[{"id":73530,"href":"https:\/\/skinstudio.ee\/lt\/wp-json\/wp\/v2\/product\/73528\/revisions\/73530"}],"wp:featuredmedia":[{"embeddable":true,"href":"https:\/\/skinstudio.ee\/lt\/wp-json\/wp\/v2\/media\/63991"}],"wp:attachment":[{"href":"https:\/\/skinstudio.ee\/lt\/wp-json\/wp\/v2\/media?parent=73528"}],"wp:term":[{"taxonomy":"pwb-brand","embeddable":true,"href":"https:\/\/skinstudio.ee\/lt\/wp-json\/wp\/v2\/pwb-brand?post=73528"},{"taxonomy":"product_brand","embeddable":true,"href":"https:\/\/skinstudio.ee\/lt\/wp-json\/wp\/v2\/product_brand?post=73528"},{"taxonomy":"product_cat","embeddable":true,"href":"https:\/\/skinstudio.ee\/lt\/wp-json\/wp\/v2\/product_cat?post=73528"},{"taxonomy":"product_tag","embeddable":true,"href":"https:\/\/skinstudio.ee\/lt\/wp-json\/wp\/v2\/product_tag?post=73528"},{"taxonomy":"giftcard-category","embeddable":true,"href":"https:\/\/skinstudio.ee\/lt\/wp-json\/wp\/v2\/giftcard-category?post=73528"}],"curies":[{"name":"wp","href":"https:\/\/api.w.org\/{rel}","templated":true}]}}