{"id":73536,"date":"2025-07-18T13:51:53","date_gmt":"2025-07-18T13:51:53","guid":{"rendered":"https:\/\/skinstudio.ee\/?post_type=product&#038;p=73536"},"modified":"2026-01-21T13:57:33","modified_gmt":"2026-01-21T13:57:33","slug":"purity-roll-on","status":"publish","type":"product","link":"https:\/\/skinstudio.ee\/lt\/catalog\/reviderm\/purity-roll-on\/","title":{"rendered":"Purity Roll-On"},"content":{"rendered":"<p data-start=\"1350\" data-end=\"2045\">Aktyvusis ingredientas i\u0161 laukinio indigo s\u0117kl\u0173 ma\u017eina nie\u017e\u0117jim\u0105 ir pa\u0161alina diskomfort\u0105. Jis gydo ir ilgam nuramina od\u0105. Mikro sidabras pasi\u017eymi stipriu antibakteriniu poveikiu ir slopina patogeninius mikroorganizmus. Cinko glutamatas veiksmingai kovoja su u\u017edegimais. Pantenolis ir hialurono r\u016bg\u0161tis skatina odos l\u0105steli\u0173 regeneracij\u0105. Koncentratas gydo u\u017edegimus, nei\u0161sausindamas odos. Apsaugo nuo pleiskanojimo, rand\u0173 ir \u0161a\u0161\u0173 susidarymo. Koncentratas turi lengv\u0105 tekst\u016br\u0105, o d\u0117l rutulinio aplikatoriaus j\u012f galima tiksliai ir greitai tepti ant problemini\u0173 odos viet\u0173. Antibakterinis SOS koncentratas su rutuliniu aplikatoriumi rekomenduojamas Vokietijos atopinio dermatito gydymo asociacijos.<\/p>\n<p data-start=\"2047\" data-end=\"2063\"><strong data-start=\"2047\" data-end=\"2057\">T\u016bris:<\/strong> 10 ml<\/p>\n","protected":false},"excerpt":{"rendered":"<p data-start=\"2185\" data-end=\"2235\">SOS koncentratas greitam vietini\u0173 u\u017edegim\u0173 gydymui<\/p>\n<h2 data-start=\"2237\" data-end=\"2274\"><strong data-start=\"2237\" data-end=\"2274\">Reviderm &#8211; Purity Roll-On Savyb\u0117s<\/strong><\/h2>\n<p data-start=\"2276\" data-end=\"2521\">\u2714\ufe0f Greitai ma\u017eina u\u017edegim\u0105 ir paraudim\u0105<br data-start=\"2315\" data-end=\"2318\" \/>\u2714\ufe0f D\u017eiovina b\u0117rimus ir neleid\u017eia jiems plisti<br data-start=\"2363\" data-end=\"2366\" \/>\u2714\ufe0f Pasi\u017eymi antibakteriniu ir sebum\u0105 reguliuojan\u010diu poveikiu<br data-start=\"2426\" data-end=\"2429\" \/>\u2714\ufe0f Greitina gijim\u0105 ir ma\u017eina postakn\u0117s rizik\u0105<br data-start=\"2474\" data-end=\"2477\" \/>\u2714\ufe0f Patogus tiksliam naudojimui dienos metu<\/p>\n","protected":false},"featured_media":64135,"template":"","meta":[],"pwb-brand":[704],"product_brand":[],"product_cat":[742,746,752,724],"product_tag":[],"giftcard-category":[],"class_list":{"0":"post-73536","1":"product","2":"type-product","3":"status-publish","4":"has-post-thumbnail","6":"pwb-brand-reviderm","7":"product_cat-berimai","8":"product_cat-jautriai-odai","9":"product_cat-pigmentacija-lt","10":"product_cat-serumai","12":"first","13":"instock","14":"taxable","15":"shipping-taxable","16":"purchasable","17":"product-type-simple"},"acf":[],"brands":[{"id":704,"name":"Reviderm","slug":"reviderm"}],"_links":{"self":[{"href":"https:\/\/skinstudio.ee\/lt\/wp-json\/wp\/v2\/product\/73536","targetHints":{"allow":["GET"]}}],"collection":[{"href":"https:\/\/skinstudio.ee\/lt\/wp-json\/wp\/v2\/product"}],"about":[{"href":"https:\/\/skinstudio.ee\/lt\/wp-json\/wp\/v2\/types\/product"}],"version-history":[{"count":2,"href":"https:\/\/skinstudio.ee\/lt\/wp-json\/wp\/v2\/product\/73536\/revisions"}],"predecessor-version":[{"id":73538,"href":"https:\/\/skinstudio.ee\/lt\/wp-json\/wp\/v2\/product\/73536\/revisions\/73538"}],"wp:featuredmedia":[{"embeddable":true,"href":"https:\/\/skinstudio.ee\/lt\/wp-json\/wp\/v2\/media\/64135"}],"wp:attachment":[{"href":"https:\/\/skinstudio.ee\/lt\/wp-json\/wp\/v2\/media?parent=73536"}],"wp:term":[{"taxonomy":"pwb-brand","embeddable":true,"href":"https:\/\/skinstudio.ee\/lt\/wp-json\/wp\/v2\/pwb-brand?post=73536"},{"taxonomy":"product_brand","embeddable":true,"href":"https:\/\/skinstudio.ee\/lt\/wp-json\/wp\/v2\/product_brand?post=73536"},{"taxonomy":"product_cat","embeddable":true,"href":"https:\/\/skinstudio.ee\/lt\/wp-json\/wp\/v2\/product_cat?post=73536"},{"taxonomy":"product_tag","embeddable":true,"href":"https:\/\/skinstudio.ee\/lt\/wp-json\/wp\/v2\/product_tag?post=73536"},{"taxonomy":"giftcard-category","embeddable":true,"href":"https:\/\/skinstudio.ee\/lt\/wp-json\/wp\/v2\/giftcard-category?post=73536"}],"curies":[{"name":"wp","href":"https:\/\/api.w.org\/{rel}","templated":true}]}}