{"id":73545,"date":"2025-07-18T13:45:45","date_gmt":"2025-07-18T13:45:45","guid":{"rendered":"https:\/\/skinstudio.ee\/?post_type=product&#038;p=73545"},"modified":"2026-01-21T13:57:32","modified_gmt":"2026-01-21T13:57:32","slug":"oleosa-control-serum","status":"publish","type":"product","link":"https:\/\/skinstudio.ee\/lt\/catalog\/reviderm\/oleosa-control-serum\/","title":{"rendered":"Oleosa Control Serum"},"content":{"rendered":"<p data-start=\"1237\" data-end=\"1553\">Koncentruotas serumas su prie\u0161u\u017edegiminiu poveikiu. Aktyvusis ingredientas <strong data-start=\"1312\" data-end=\"1338\">Sebu Control Complex N<\/strong> normalizuoja sebumo gamyb\u0105 ir pa\u0161alina nepageidaujam\u0105 blizges\u012f. Pasi\u017eymi antibakteriniu poveikiu, ma\u017eina nauj\u0173 u\u017edegimini\u0173 proces\u0173 atsiradim\u0105 ir vystym\u0105si, nei\u0161sausindamas odos. Serumas valo od\u0105 ir sutraukia poras.<\/p>\n<p data-start=\"1555\" data-end=\"1571\"><strong data-start=\"1555\" data-end=\"1565\">T\u016bris:<\/strong> 30 ml<\/p>\n","protected":false},"excerpt":{"rendered":"<p data-start=\"1720\" data-end=\"1749\">Sebum\u0105 reguliuojantis serumas<\/p>\n<h2 data-start=\"1751\" data-end=\"1794\"><strong data-start=\"1751\" data-end=\"1794\">Reviderm &#8211; Oleosa Control Serum Savyb\u0117s<\/strong><\/h2>\n<p data-start=\"1796\" data-end=\"2016\">\u2714\ufe0f Reguliuoja sebumo i\u0161siskyrim\u0105<br data-start=\"1828\" data-end=\"1831\" \/>\u2714\ufe0f Matizuoja od\u0105 ir ma\u017eina rieb\u0173 blizges\u012f<br data-start=\"1872\" data-end=\"1875\" \/>\u2714\ufe0f Sutraukia poras ir lygina odos tekst\u016br\u0105<br data-start=\"1917\" data-end=\"1920\" \/>\u2714\ufe0f Pasi\u017eymi antibakteriniu ir prie\u0161u\u017edegiminiu poveikiu<br data-start=\"1975\" data-end=\"1978\" \/>\u2714\ufe0f Padeda i\u0161vengti u\u017edegim\u0173 ir akn\u0117s<\/p>\n","protected":false},"featured_media":63996,"template":"","meta":[],"pwb-brand":[704],"product_brand":[],"product_cat":[744,746,724,748],"product_tag":[],"giftcard-category":[],"class_list":{"0":"post-73545","1":"product","2":"type-product","3":"status-publish","4":"has-post-thumbnail","6":"pwb-brand-reviderm","7":"product_cat-issipletusios-poros","8":"product_cat-jautriai-odai","9":"product_cat-serumai","10":"product_cat-taukainai-adai-lt","12":"first","13":"instock","14":"taxable","15":"shipping-taxable","16":"purchasable","17":"product-type-simple"},"acf":[],"brands":[{"id":704,"name":"Reviderm","slug":"reviderm"}],"_links":{"self":[{"href":"https:\/\/skinstudio.ee\/lt\/wp-json\/wp\/v2\/product\/73545","targetHints":{"allow":["GET"]}}],"collection":[{"href":"https:\/\/skinstudio.ee\/lt\/wp-json\/wp\/v2\/product"}],"about":[{"href":"https:\/\/skinstudio.ee\/lt\/wp-json\/wp\/v2\/types\/product"}],"version-history":[{"count":1,"href":"https:\/\/skinstudio.ee\/lt\/wp-json\/wp\/v2\/product\/73545\/revisions"}],"predecessor-version":[{"id":73546,"href":"https:\/\/skinstudio.ee\/lt\/wp-json\/wp\/v2\/product\/73545\/revisions\/73546"}],"wp:featuredmedia":[{"embeddable":true,"href":"https:\/\/skinstudio.ee\/lt\/wp-json\/wp\/v2\/media\/63996"}],"wp:attachment":[{"href":"https:\/\/skinstudio.ee\/lt\/wp-json\/wp\/v2\/media?parent=73545"}],"wp:term":[{"taxonomy":"pwb-brand","embeddable":true,"href":"https:\/\/skinstudio.ee\/lt\/wp-json\/wp\/v2\/pwb-brand?post=73545"},{"taxonomy":"product_brand","embeddable":true,"href":"https:\/\/skinstudio.ee\/lt\/wp-json\/wp\/v2\/product_brand?post=73545"},{"taxonomy":"product_cat","embeddable":true,"href":"https:\/\/skinstudio.ee\/lt\/wp-json\/wp\/v2\/product_cat?post=73545"},{"taxonomy":"product_tag","embeddable":true,"href":"https:\/\/skinstudio.ee\/lt\/wp-json\/wp\/v2\/product_tag?post=73545"},{"taxonomy":"giftcard-category","embeddable":true,"href":"https:\/\/skinstudio.ee\/lt\/wp-json\/wp\/v2\/giftcard-category?post=73545"}],"curies":[{"name":"wp","href":"https:\/\/api.w.org\/{rel}","templated":true}]}}