{"id":73552,"date":"2025-07-18T13:39:40","date_gmt":"2025-07-18T13:39:40","guid":{"rendered":"https:\/\/skinstudio.ee\/?post_type=product&#038;p=73552"},"modified":"2026-01-21T13:57:29","modified_gmt":"2026-01-21T13:57:29","slug":"cell-regeneration-serum","status":"publish","type":"product","link":"https:\/\/skinstudio.ee\/lt\/catalog\/reviderm\/cell-regeneration-serum\/","title":{"rendered":"Cell Regeneration Serum"},"content":{"rendered":"<p data-start=\"1789\" data-end=\"2220\">Serumas palaiko nat\u016bralius odos atsistatymo procesus, suteikia jai stangrumo ir kovoja su prie\u0161laikiniais sen\u0117jimo po\u017eymiais. Vitamin\u0173 B3, B5 ir B6 kompleksas optimizuoja med\u017eiag\u0173 apykaitos procesus, apr\u016bpina l\u0105steles energija ir gerina odos apr\u016bpinim\u0105 deguonimi. Jis skatina l\u0105steli\u0173 augim\u0105 ir didina epidermio tank\u012f. B grup\u0117s vitamin\u0173 kompleksas padeda i\u0161vengti sebor\u0117jinio dermatito, kuris da\u017enai atsiranda d\u0117l vitamin\u0173 tr\u016bkumo.<\/p>\n<p data-start=\"2222\" data-end=\"2552\">Reguliariai naudojant serum\u0105 suma\u017e\u0117ja nauj\u0173 rauk\u0161li\u0173 atsiradimo rizika, oda tampa pastebimai lygesn\u0117 ir stangresn\u0117. Antioksidantas <strong data-start=\"2353\" data-end=\"2360\">OPC<\/strong> neutralizuoja neigiam\u0105 laisv\u0173j\u0173 radikal\u0173 poveik\u012f, saugo odos l\u0105steles ir stabilizuoja kapiliarus. <strong data-start=\"2459\" data-end=\"2474\">Vitaminas C<\/strong> skatina kolageno sintez\u0119. Serumas stiprina od\u0105 ir lygina smulkias rauk\u0161leles.<\/p>\n<p data-start=\"2554\" data-end=\"2570\"><strong data-start=\"2554\" data-end=\"2564\">T\u016bris:<\/strong> 30 ml<\/p>\n","protected":false},"excerpt":{"rendered":"<p data-start=\"2733\" data-end=\"2774\">Regeneruojantis serumas l\u0105steli\u0173 apsaugai<\/p>\n<h2 data-start=\"2776\" data-end=\"2822\"><strong data-start=\"2776\" data-end=\"2822\">Reviderm &#8211; Cell Regeneration Serum Savyb\u0117s<\/strong><\/h2>\n<p data-start=\"2824\" data-end=\"3080\">\u2714\ufe0f Aktyvina l\u0105steli\u0173 atsinaujinim\u0105 ir odos regeneracij\u0105<br data-start=\"2879\" data-end=\"2882\" \/>\u2714\ufe0f Stiprina od\u0105 ir didina jos stangrum\u0105<br data-start=\"2921\" data-end=\"2924\" \/>\u2714\ufe0f Ramina sudirgimus ir ma\u017eina jautrum\u0105<br data-start=\"2963\" data-end=\"2966\" \/>\u2714\ufe0f Dr\u0117kina ir atkuria odos apsaugin\u012f barjer\u0105<br data-start=\"3010\" data-end=\"3013\" \/>\u2714\ufe0f Tinka odos atstatymui po proced\u016br\u0173 ir esant stresin\u0117ms b\u016bkl\u0117ms<\/p>\n","protected":false},"featured_media":64001,"template":"","meta":[],"pwb-brand":[704],"product_brand":[],"product_cat":[746,752,750,724],"product_tag":[],"giftcard-category":[],"class_list":{"0":"post-73552","1":"product","2":"type-product","3":"status-publish","4":"has-post-thumbnail","6":"pwb-brand-reviderm","7":"product_cat-jautriai-odai","8":"product_cat-pigmentacija-lt","9":"product_cat-senstanti-oda","10":"product_cat-serumai","12":"first","13":"instock","14":"taxable","15":"shipping-taxable","16":"purchasable","17":"product-type-simple"},"acf":[],"brands":[{"id":704,"name":"Reviderm","slug":"reviderm"}],"_links":{"self":[{"href":"https:\/\/skinstudio.ee\/lt\/wp-json\/wp\/v2\/product\/73552","targetHints":{"allow":["GET"]}}],"collection":[{"href":"https:\/\/skinstudio.ee\/lt\/wp-json\/wp\/v2\/product"}],"about":[{"href":"https:\/\/skinstudio.ee\/lt\/wp-json\/wp\/v2\/types\/product"}],"version-history":[{"count":1,"href":"https:\/\/skinstudio.ee\/lt\/wp-json\/wp\/v2\/product\/73552\/revisions"}],"predecessor-version":[{"id":73553,"href":"https:\/\/skinstudio.ee\/lt\/wp-json\/wp\/v2\/product\/73552\/revisions\/73553"}],"wp:featuredmedia":[{"embeddable":true,"href":"https:\/\/skinstudio.ee\/lt\/wp-json\/wp\/v2\/media\/64001"}],"wp:attachment":[{"href":"https:\/\/skinstudio.ee\/lt\/wp-json\/wp\/v2\/media?parent=73552"}],"wp:term":[{"taxonomy":"pwb-brand","embeddable":true,"href":"https:\/\/skinstudio.ee\/lt\/wp-json\/wp\/v2\/pwb-brand?post=73552"},{"taxonomy":"product_brand","embeddable":true,"href":"https:\/\/skinstudio.ee\/lt\/wp-json\/wp\/v2\/product_brand?post=73552"},{"taxonomy":"product_cat","embeddable":true,"href":"https:\/\/skinstudio.ee\/lt\/wp-json\/wp\/v2\/product_cat?post=73552"},{"taxonomy":"product_tag","embeddable":true,"href":"https:\/\/skinstudio.ee\/lt\/wp-json\/wp\/v2\/product_tag?post=73552"},{"taxonomy":"giftcard-category","embeddable":true,"href":"https:\/\/skinstudio.ee\/lt\/wp-json\/wp\/v2\/giftcard-category?post=73552"}],"curies":[{"name":"wp","href":"https:\/\/api.w.org\/{rel}","templated":true}]}}