{"id":73560,"date":"2025-07-18T12:57:52","date_gmt":"2025-07-18T12:57:52","guid":{"rendered":"https:\/\/skinstudio.ee\/?post_type=product&#038;p=73560"},"modified":"2026-01-21T13:57:32","modified_gmt":"2026-01-21T13:57:32","slug":"ph-manager-forte","status":"publish","type":"product","link":"https:\/\/skinstudio.ee\/lt\/catalog\/reviderm\/ph-manager-forte\/","title":{"rendered":"pH Manager Forte"},"content":{"rendered":"<p data-start=\"1361\" data-end=\"1818\">Unikalus <strong data-start=\"1370\" data-end=\"1384\">Kerabionic<\/strong> kompleksas normalizuoja pH lyg\u012f, palaiko ir i\u0161saugo sveik\u0105 odos pavir\u0161iaus flor\u0105. Koncentratas stiprina apsaugin\u012f barjer\u0105 ir didina jo atsparum\u0105. Labai veiksmingos vaisi\u0173 r\u016bg\u0161tys ir salicilo r\u016bg\u0161tis reguliuoja \u0161veitimo proces\u0105, tirpdo ne\u0161varumus, valo ir skatina l\u0105steli\u0173 atsinaujinim\u0105. Naudojant pH reguliuojant\u012f koncentrat\u0105 su \u0161veitimo efektu, odos pavir\u0161ius tampa lygesnis ir restrukt\u016brizuojamas. Rauk\u0161l\u0117s suma\u017e\u0117ja, oda atsistato.<\/p>\n<p data-start=\"1820\" data-end=\"1941\"><strong data-start=\"1820\" data-end=\"1830\">T\u016bris:<\/strong> 30 ml<\/p>\n","protected":false},"excerpt":{"rendered":"<p data-start=\"1943\" data-end=\"1966\">Reguliuojantis tirpalas<\/p>\n<h2 data-start=\"1968\" data-end=\"2007\"><strong data-start=\"1968\" data-end=\"2007\">Reviderm &#8211; pH Manager Forte Savyb\u0117s<\/strong><\/h2>\n<p data-start=\"2009\" data-end=\"2275\">\u2714\ufe0f Atkuria nat\u016bral\u0173 odos pH balans\u0105<br data-start=\"2044\" data-end=\"2047\" \/>\u2714\ufe0f Pagerina v\u0117lesni\u0173 aktyvi\u0173j\u0173 ingredient\u0173 \u012fsiskverbim\u0105<br data-start=\"2102\" data-end=\"2105\" \/>\u2714\ufe0f Suteikia antiseptin\u012f ir prie\u0161u\u017edegimin\u012f poveik\u012f<br data-start=\"2155\" data-end=\"2158\" \/>\u2714\ufe0f Ma\u017eina sudirgim\u0105 ir gerina proced\u016br\u0173 toleravim\u0105<br data-start=\"2208\" data-end=\"2211\" \/>\u2714\ufe0f Ramina ir gaivina od\u0105, paruo\u0161damas j\u0105 tolimesnei prie\u017ei\u016brai<\/p>\n","protected":false},"featured_media":64006,"template":"","meta":[],"pwb-brand":[704],"product_brand":[],"product_cat":[738,752,750,724],"product_tag":[],"giftcard-category":[],"class_list":{"0":"post-73560","1":"product","2":"type-product","3":"status-publish","4":"has-post-thumbnail","6":"pwb-brand-reviderm","7":"product_cat-drekinimas","8":"product_cat-pigmentacija-lt","9":"product_cat-senstanti-oda","10":"product_cat-serumai","12":"first","13":"instock","14":"taxable","15":"shipping-taxable","16":"purchasable","17":"product-type-simple"},"acf":[],"brands":[{"id":704,"name":"Reviderm","slug":"reviderm"}],"_links":{"self":[{"href":"https:\/\/skinstudio.ee\/lt\/wp-json\/wp\/v2\/product\/73560","targetHints":{"allow":["GET"]}}],"collection":[{"href":"https:\/\/skinstudio.ee\/lt\/wp-json\/wp\/v2\/product"}],"about":[{"href":"https:\/\/skinstudio.ee\/lt\/wp-json\/wp\/v2\/types\/product"}],"version-history":[{"count":1,"href":"https:\/\/skinstudio.ee\/lt\/wp-json\/wp\/v2\/product\/73560\/revisions"}],"predecessor-version":[{"id":73561,"href":"https:\/\/skinstudio.ee\/lt\/wp-json\/wp\/v2\/product\/73560\/revisions\/73561"}],"wp:featuredmedia":[{"embeddable":true,"href":"https:\/\/skinstudio.ee\/lt\/wp-json\/wp\/v2\/media\/64006"}],"wp:attachment":[{"href":"https:\/\/skinstudio.ee\/lt\/wp-json\/wp\/v2\/media?parent=73560"}],"wp:term":[{"taxonomy":"pwb-brand","embeddable":true,"href":"https:\/\/skinstudio.ee\/lt\/wp-json\/wp\/v2\/pwb-brand?post=73560"},{"taxonomy":"product_brand","embeddable":true,"href":"https:\/\/skinstudio.ee\/lt\/wp-json\/wp\/v2\/product_brand?post=73560"},{"taxonomy":"product_cat","embeddable":true,"href":"https:\/\/skinstudio.ee\/lt\/wp-json\/wp\/v2\/product_cat?post=73560"},{"taxonomy":"product_tag","embeddable":true,"href":"https:\/\/skinstudio.ee\/lt\/wp-json\/wp\/v2\/product_tag?post=73560"},{"taxonomy":"giftcard-category","embeddable":true,"href":"https:\/\/skinstudio.ee\/lt\/wp-json\/wp\/v2\/giftcard-category?post=73560"}],"curies":[{"name":"wp","href":"https:\/\/api.w.org\/{rel}","templated":true}]}}