{"id":73567,"date":"2025-07-18T12:49:30","date_gmt":"2025-07-18T12:49:30","guid":{"rendered":"https:\/\/skinstudio.ee\/?post_type=product&#038;p=73567"},"modified":"2026-01-21T13:57:29","modified_gmt":"2026-01-21T13:57:29","slug":"calming-silver-spray","status":"publish","type":"product","link":"https:\/\/skinstudio.ee\/lt\/catalog\/reviderm\/calming-silver-spray\/","title":{"rendered":"Calming Silver Spray"},"content":{"rendered":"<p data-start=\"1731\" data-end=\"2214\">Raminamasis momentinio poveikio pur\u0161kalas. Sidabro jonai ir neurokosmetiniai ingredientai su antistresiniu poveikiu greitai ma\u017eina sudirgim\u0105 ir nie\u017e\u0117jim\u0105, palengvina diskomfort\u0105, suteikia ilgalaik\u012f raminam\u0105j\u012f ir antimikrobin\u012f poveik\u012f. Raminamasis SOS pur\u0161kalas su sidabro jonais gali b\u016bti naudojamas kaip kasdien\u0117 prie\u017ei\u016bros priemon\u0117 net jautriai, \u012f alergines reakcijas linkusiai odai. SOS pur\u0161kalas akimirksniu ramina od\u0105 po saul\u0117s poveikio arba mechaninio dirginimo proced\u016br\u0173 metu.<\/p>\n<p data-start=\"2216\" data-end=\"2233\"><strong data-start=\"2216\" data-end=\"2226\">T\u016bris:<\/strong> 100 ml<\/p>\n","protected":false},"excerpt":{"rendered":"<p data-start=\"2476\" data-end=\"2515\">Raminamasis pur\u0161kalas su sidabro jonais<\/p>\n<h2 data-start=\"2517\" data-end=\"2560\"><strong data-start=\"2517\" data-end=\"2560\">Reviderm &#8211; Calming Silver Spray Savyb\u0117s<\/strong><\/h2>\n<p data-start=\"2562\" data-end=\"2778\">\u2714\ufe0f Pasi\u017eymi stipriu prie\u0161u\u017edegiminiu ir antibakteriniu poveikiu<br data-start=\"2625\" data-end=\"2628\" \/>\u2714\ufe0f Ramina sudirgimus ir ma\u017eina odos jautrum\u0105<br data-start=\"2672\" data-end=\"2675\" \/>\u2714\ufe0f Skatina mikro\u012ftr\u016bkim\u0173 ir paraudimo gijim\u0105<br data-start=\"2719\" data-end=\"2722\" \/>\u2714\ufe0f Gaivina ir dr\u0117kina od\u0105 nepalikdamas lipnumo poj\u016b\u010dio<\/p>\n","protected":false},"featured_media":64011,"template":"","meta":[],"pwb-brand":[704],"product_brand":[],"product_cat":[746,724],"product_tag":[],"giftcard-category":[],"class_list":{"0":"post-73567","1":"product","2":"type-product","3":"status-publish","4":"has-post-thumbnail","6":"pwb-brand-reviderm","7":"product_cat-jautriai-odai","8":"product_cat-serumai","10":"first","11":"instock","12":"taxable","13":"shipping-taxable","14":"purchasable","15":"product-type-simple"},"acf":[],"brands":[{"id":704,"name":"Reviderm","slug":"reviderm"}],"_links":{"self":[{"href":"https:\/\/skinstudio.ee\/lt\/wp-json\/wp\/v2\/product\/73567","targetHints":{"allow":["GET"]}}],"collection":[{"href":"https:\/\/skinstudio.ee\/lt\/wp-json\/wp\/v2\/product"}],"about":[{"href":"https:\/\/skinstudio.ee\/lt\/wp-json\/wp\/v2\/types\/product"}],"version-history":[{"count":2,"href":"https:\/\/skinstudio.ee\/lt\/wp-json\/wp\/v2\/product\/73567\/revisions"}],"predecessor-version":[{"id":73569,"href":"https:\/\/skinstudio.ee\/lt\/wp-json\/wp\/v2\/product\/73567\/revisions\/73569"}],"wp:featuredmedia":[{"embeddable":true,"href":"https:\/\/skinstudio.ee\/lt\/wp-json\/wp\/v2\/media\/64011"}],"wp:attachment":[{"href":"https:\/\/skinstudio.ee\/lt\/wp-json\/wp\/v2\/media?parent=73567"}],"wp:term":[{"taxonomy":"pwb-brand","embeddable":true,"href":"https:\/\/skinstudio.ee\/lt\/wp-json\/wp\/v2\/pwb-brand?post=73567"},{"taxonomy":"product_brand","embeddable":true,"href":"https:\/\/skinstudio.ee\/lt\/wp-json\/wp\/v2\/product_brand?post=73567"},{"taxonomy":"product_cat","embeddable":true,"href":"https:\/\/skinstudio.ee\/lt\/wp-json\/wp\/v2\/product_cat?post=73567"},{"taxonomy":"product_tag","embeddable":true,"href":"https:\/\/skinstudio.ee\/lt\/wp-json\/wp\/v2\/product_tag?post=73567"},{"taxonomy":"giftcard-category","embeddable":true,"href":"https:\/\/skinstudio.ee\/lt\/wp-json\/wp\/v2\/giftcard-category?post=73567"}],"curies":[{"name":"wp","href":"https:\/\/api.w.org\/{rel}","templated":true}]}}