{"id":73576,"date":"2025-07-18T12:42:09","date_gmt":"2025-07-18T12:42:09","guid":{"rendered":"https:\/\/skinstudio.ee\/?post_type=product&#038;p=73576"},"modified":"2026-01-21T13:57:30","modified_gmt":"2026-01-21T13:57:30","slug":"daily-double-c-serum","status":"publish","type":"product","link":"https:\/\/skinstudio.ee\/lt\/catalog\/reviderm\/daily-double-c-serum\/","title":{"rendered":"Daily Double C Serum"},"content":{"rendered":"<p data-start=\"1744\" data-end=\"1933\">Aksomin\u0117s gelio tekst\u016bros serumas su labai ma\u017eu lipid\u0173 kiekiu sujungia mikrokapsuliuot\u0105 vitamin\u0105 C su riebaluose tirpia jo forma, u\u017etikrindamas stabil\u0173 prasiskverbim\u0105 \u012f od\u0105 ir gil\u0173 poveik\u012f.<\/p>\n<p data-start=\"1935\" data-end=\"2180\">Mikrokapsuliuotas vitaminas C naudojimo metu palaipsniui i\u0161siskiria, skatina naujo kolageno sintez\u0119, stangrina audini\u0173 strukt\u016br\u0105 ir padeda u\u017ekirsti keli\u0105 pigmentacijos poky\u010diams, nes slopina tirozinaz\u0119 (ferment\u0105, katalizuojant\u012f melanino gamyb\u0105).<\/p>\n<p data-start=\"2182\" data-end=\"2535\">Aktyvusis ingredientas fitino r\u016bg\u0161tis taip pat slopina tirozinaz\u0119 ir pasi\u017eymi antiradikaliniu poveikiu, kuris kartu su antioksidantu vitaminu E optimizuoja l\u0105steli\u0173 apsaug\u0105 ir sukuria geresn\u012f pagrind\u0105 serumo stangrinamajam poveikiui. Hialurono r\u016bg\u0161tis didina vandens sulaikym\u0105 ir taip kompensuoja apimties praradim\u0105. Oda atrodo subalansuota ir \u0161vytinti.<\/p>\n<p data-start=\"2537\" data-end=\"2553\"><strong data-start=\"2537\" data-end=\"2547\">T\u016bris:<\/strong> 30 ml<\/p>\n","protected":false},"excerpt":{"rendered":"<p data-start=\"2708\" data-end=\"2744\">Stangrinamasis serumas su vitaminu C<\/p>\n<h2 data-start=\"2746\" data-end=\"2789\"><strong data-start=\"2746\" data-end=\"2789\">Reviderm &#8211; Daily Double C Serum Savyb\u0117s<\/strong><\/h2>\n<p data-start=\"2791\" data-end=\"2988\">\u2714\ufe0f Skatina kolageno sintez\u0119<br data-start=\"2818\" data-end=\"2821\" \/>\u2714\ufe0f Ma\u017eina pigmentacij\u0105 ir postakn\u0119<br data-start=\"2855\" data-end=\"2858\" \/>\u2714\ufe0f \u0160viesina ir suvienodina odos atspalv\u012f<br data-start=\"2898\" data-end=\"2901\" \/>\u2714\ufe0f U\u017etikrina gil\u0173 dr\u0117kinim\u0105<br data-start=\"2928\" data-end=\"2931\" \/>\u2714\ufe0f Apsaugo nuo fotosen\u0117jimo ir ma\u017eina UV spinduli\u0173 \u017eal\u0105<\/p>\n","protected":false},"featured_media":39345,"template":"","meta":[],"pwb-brand":[704],"product_brand":[],"product_cat":[752,750,724,730],"product_tag":[],"giftcard-category":[],"class_list":{"0":"post-73576","1":"product","2":"type-product","3":"status-publish","4":"has-post-thumbnail","6":"pwb-brand-reviderm","7":"product_cat-pigmentacija-lt","8":"product_cat-senstanti-oda","9":"product_cat-serumai","10":"product_cat-vitaminas-c","12":"first","13":"instock","14":"taxable","15":"shipping-taxable","16":"purchasable","17":"product-type-simple"},"acf":[],"brands":[{"id":704,"name":"Reviderm","slug":"reviderm"}],"_links":{"self":[{"href":"https:\/\/skinstudio.ee\/lt\/wp-json\/wp\/v2\/product\/73576","targetHints":{"allow":["GET"]}}],"collection":[{"href":"https:\/\/skinstudio.ee\/lt\/wp-json\/wp\/v2\/product"}],"about":[{"href":"https:\/\/skinstudio.ee\/lt\/wp-json\/wp\/v2\/types\/product"}],"version-history":[{"count":2,"href":"https:\/\/skinstudio.ee\/lt\/wp-json\/wp\/v2\/product\/73576\/revisions"}],"predecessor-version":[{"id":73578,"href":"https:\/\/skinstudio.ee\/lt\/wp-json\/wp\/v2\/product\/73576\/revisions\/73578"}],"wp:featuredmedia":[{"embeddable":true,"href":"https:\/\/skinstudio.ee\/lt\/wp-json\/wp\/v2\/media\/39345"}],"wp:attachment":[{"href":"https:\/\/skinstudio.ee\/lt\/wp-json\/wp\/v2\/media?parent=73576"}],"wp:term":[{"taxonomy":"pwb-brand","embeddable":true,"href":"https:\/\/skinstudio.ee\/lt\/wp-json\/wp\/v2\/pwb-brand?post=73576"},{"taxonomy":"product_brand","embeddable":true,"href":"https:\/\/skinstudio.ee\/lt\/wp-json\/wp\/v2\/product_brand?post=73576"},{"taxonomy":"product_cat","embeddable":true,"href":"https:\/\/skinstudio.ee\/lt\/wp-json\/wp\/v2\/product_cat?post=73576"},{"taxonomy":"product_tag","embeddable":true,"href":"https:\/\/skinstudio.ee\/lt\/wp-json\/wp\/v2\/product_tag?post=73576"},{"taxonomy":"giftcard-category","embeddable":true,"href":"https:\/\/skinstudio.ee\/lt\/wp-json\/wp\/v2\/giftcard-category?post=73576"}],"curies":[{"name":"wp","href":"https:\/\/api.w.org\/{rel}","templated":true}]}}