{"id":73584,"date":"2025-07-17T14:09:26","date_gmt":"2025-07-17T14:09:26","guid":{"rendered":"https:\/\/skinstudio.ee\/?post_type=product&#038;p=73584"},"modified":"2026-01-21T13:57:30","modified_gmt":"2026-01-21T13:57:30","slug":"ecm-repair-concentrate-hd","status":"publish","type":"product","link":"https:\/\/skinstudio.ee\/lt\/catalog\/reviderm\/ecm-repair-concentrate-hd\/","title":{"rendered":"ECM Repair Concentrate HD"},"content":{"rendered":"<p data-start=\"2197\" data-end=\"3161\">ECM Repair Concentrate HD yra stangrinamasis serumas be kvapikli\u0173, skirtas skatinti nat\u016bralius odos regeneracijos procesus. Pagrindin\u0117 veiklioji med\u017eiaga \u2013 REVIDERM sukurtas MatriBuild\u00a9 kompleksas, kuris optimizuoja ekstral\u0105stelinio matrikso (ECM) strukt\u016br\u0105 tarsi tikras \u201eodos architektas\u201c. Jis skatina vis\u0173 ECM komponent\u0173, toki\u0173 kaip polisacharidai, glikoproteinai, elektrolitai, aminor\u016bg\u0161tys ir proteoglikanai, gamyb\u0105. Komplekso poveik\u012f sustiprina didel\u0117s molekulin\u0117s mas\u0117s hialurono r\u016bg\u0161tis, kuri atkuria odos stangrum\u0105 ir i\u0161laiko jos pilnum\u0105, sulaikydama dr\u0117gm\u0119 odoje. Kuo geresn\u0117 ECM kokyb\u0117, tuo geresn\u0117 ir odos kokyb\u0117, nes visi atsinaujinimui svarb\u016bs elementai u\u017etikrina nat\u016brali\u0105 l\u0105steli\u0173 tarpusavio komunikacij\u0105. Reviderm ECM Repair Concentrate HD giliai \u012fsiskverbia \u012f od\u0105, gerina l\u0105steli\u0173 komunikacij\u0105, atkuria nat\u016bralias odos funkcijas ir pagerina l\u0105steli\u0173 mityb\u0105. Priemon\u0117 ma\u017eina sudirgim\u0105 ir paraudim\u0105 bei suteikia subalansuot\u0105 ir gaiv\u0173 veido atspalv\u012f.<\/p>\n<p data-start=\"3163\" data-end=\"3318\">Tinka vis\u0173 tip\u0173 odai, kuriai reikalinga regeneracija, ypa\u010d odai su matomais am\u017eiaus poky\u010diais ekstral\u0105stelinio matrikso strukt\u016broje ir netolygiu atspalviu.<\/p>\n<p data-start=\"3320\" data-end=\"3336\"><strong data-start=\"3320\" data-end=\"3330\">T\u016bris:<\/strong> 30 ml<\/p>\n","protected":false},"excerpt":{"rendered":"<p data-start=\"3522\" data-end=\"3542\">Atkuriamasis serumas<\/p>\n<h2 data-start=\"3544\" data-end=\"3592\"><strong data-start=\"3544\" data-end=\"3592\">Reviderm &#8211; ECM Repair Concentrate HD Savyb\u0117s<\/strong><\/h2>\n<p data-start=\"3594\" data-end=\"3815\">\u2714\ufe0f Stiprina ekstral\u0105stelin\u012f matriks\u0105 ir odos strukt\u016br\u0105<br data-start=\"3648\" data-end=\"3651\" \/>\u2714\ufe0f Didina odos tank\u012f ir elastingum\u0105<br data-start=\"3686\" data-end=\"3689\" \/>\u2714\ufe0f Skatina kolageno ir elastino sintez\u0119<br data-start=\"3728\" data-end=\"3731\" \/>\u2714\ufe0f Atkuria od\u0105 po streso ir pa\u017eeidim\u0173<br data-start=\"3768\" data-end=\"3771\" \/>\u2714\ufe0f Lygina rauk\u0161les ir gerina odos tekst\u016br\u0105<\/p>\n","protected":false},"featured_media":64016,"template":"","meta":[],"pwb-brand":[704],"product_brand":[],"product_cat":[738,752,750,724],"product_tag":[],"giftcard-category":[],"class_list":{"0":"post-73584","1":"product","2":"type-product","3":"status-publish","4":"has-post-thumbnail","6":"pwb-brand-reviderm","7":"product_cat-drekinimas","8":"product_cat-pigmentacija-lt","9":"product_cat-senstanti-oda","10":"product_cat-serumai","12":"first","13":"instock","14":"taxable","15":"shipping-taxable","16":"purchasable","17":"product-type-simple"},"acf":[],"brands":[{"id":704,"name":"Reviderm","slug":"reviderm"}],"_links":{"self":[{"href":"https:\/\/skinstudio.ee\/lt\/wp-json\/wp\/v2\/product\/73584","targetHints":{"allow":["GET"]}}],"collection":[{"href":"https:\/\/skinstudio.ee\/lt\/wp-json\/wp\/v2\/product"}],"about":[{"href":"https:\/\/skinstudio.ee\/lt\/wp-json\/wp\/v2\/types\/product"}],"version-history":[{"count":1,"href":"https:\/\/skinstudio.ee\/lt\/wp-json\/wp\/v2\/product\/73584\/revisions"}],"predecessor-version":[{"id":73585,"href":"https:\/\/skinstudio.ee\/lt\/wp-json\/wp\/v2\/product\/73584\/revisions\/73585"}],"wp:featuredmedia":[{"embeddable":true,"href":"https:\/\/skinstudio.ee\/lt\/wp-json\/wp\/v2\/media\/64016"}],"wp:attachment":[{"href":"https:\/\/skinstudio.ee\/lt\/wp-json\/wp\/v2\/media?parent=73584"}],"wp:term":[{"taxonomy":"pwb-brand","embeddable":true,"href":"https:\/\/skinstudio.ee\/lt\/wp-json\/wp\/v2\/pwb-brand?post=73584"},{"taxonomy":"product_brand","embeddable":true,"href":"https:\/\/skinstudio.ee\/lt\/wp-json\/wp\/v2\/product_brand?post=73584"},{"taxonomy":"product_cat","embeddable":true,"href":"https:\/\/skinstudio.ee\/lt\/wp-json\/wp\/v2\/product_cat?post=73584"},{"taxonomy":"product_tag","embeddable":true,"href":"https:\/\/skinstudio.ee\/lt\/wp-json\/wp\/v2\/product_tag?post=73584"},{"taxonomy":"giftcard-category","embeddable":true,"href":"https:\/\/skinstudio.ee\/lt\/wp-json\/wp\/v2\/giftcard-category?post=73584"}],"curies":[{"name":"wp","href":"https:\/\/api.w.org\/{rel}","templated":true}]}}