{"id":73591,"date":"2025-07-17T13:29:56","date_gmt":"2025-07-17T13:29:56","guid":{"rendered":"https:\/\/skinstudio.ee\/?post_type=product&#038;p=73591"},"modified":"2026-01-21T13:57:31","modified_gmt":"2026-01-21T13:57:31","slug":"hyaluron-hydro-balance-hd","status":"publish","type":"product","link":"https:\/\/skinstudio.ee\/lt\/catalog\/reviderm\/hyaluron-hydro-balance-hd\/","title":{"rendered":"Hyaluron Hydro Balance HD"},"content":{"rendered":"<p data-start=\"1714\" data-end=\"2450\">Serumas intensyviai ir greitai pripildo od\u0105 dr\u0117gme. D\u0117l to rauk\u0161l\u0117s, atsiradusios d\u0117l sausumo, i\u0161 karto i\u0161silygina, suma\u017e\u0117ja sausumo ir tempimo poj\u016btis. Skirtingos molekulin\u0117s mas\u0117s hialurono r\u016bg\u0161tis kartu su biomimetiniu aminor\u016bg\u0161\u010di\u0173 kompleksu gerina odos geb\u0117jim\u0105 sulaikyti dr\u0117gm\u0119. Oda tampa tankesn\u0117 ir labiau sudr\u0117kinta, rauk\u0161l\u0117s i\u0161silygina. Ma\u017eos molekulin\u0117s mas\u0117s hialurono r\u016bg\u0161ties ir vitamino B3 derinys skatina keramid\u0173 sintez\u0119 ir paver\u010dia filagrin\u0105 dr\u0117kinamuoju faktoriumi. Nat\u016bralus odos vandens balansas atkuriamas ilgam laikui. Didel\u0117s molekulin\u0117s mas\u0117s hialurono r\u016bg\u0161tis suri\u0161a ir sulaiko dr\u0117gm\u0119 vir\u0161utiniame, raginiame odos sluoksnyje. Odos pavir\u0161ius i\u0161 karto tampa lygesnis, o d\u0117l sausumo atsiradusios rauk\u0161l\u0117s i\u0161nyksta.<\/p>\n<p data-start=\"2452\" data-end=\"2468\"><strong data-start=\"2452\" data-end=\"2462\">T\u016bris:<\/strong> 30 ml<\/p>\n","protected":false},"excerpt":{"rendered":"<p data-start=\"2634\" data-end=\"2676\">Dr\u0117kinamasis serumas su hialurono r\u016bg\u0161timi<\/p>\n<h2 data-start=\"2678\" data-end=\"2726\"><strong data-start=\"2678\" data-end=\"2726\">Reviderm &#8211; Hyaluron Hydro Balance HD Savyb\u0117s<\/strong><\/h2>\n<p data-start=\"2728\" data-end=\"2960\">\u2714\ufe0f Suteikia ilgalaik\u012f ir gil\u0173 dr\u0117kinim\u0105<br data-start=\"2767\" data-end=\"2770\" \/>\u2714\ufe0f Didina odos stangrum\u0105 ir elastingum\u0105<br data-start=\"2809\" data-end=\"2812\" \/>\u2714\ufe0f Ma\u017eina d\u0117l dehidratacijos atsiradusias rauk\u0161les<br data-start=\"2862\" data-end=\"2865\" \/>\u2714\ufe0f Atkuria vandens balans\u0105 ir sulaiko dr\u0117gm\u0119 odoje<br data-start=\"2915\" data-end=\"2918\" \/>\u2714\ufe0f Padaro od\u0105 lygi\u0105, gaivi\u0105 ir \u0161vytin\u010di\u0105<\/p>\n","protected":false},"featured_media":64021,"template":"","meta":[],"pwb-brand":[704],"product_brand":[],"product_cat":[738,750,724],"product_tag":[],"giftcard-category":[],"class_list":{"0":"post-73591","1":"product","2":"type-product","3":"status-publish","4":"has-post-thumbnail","6":"pwb-brand-reviderm","7":"product_cat-drekinimas","8":"product_cat-senstanti-oda","9":"product_cat-serumai","11":"first","12":"instock","13":"taxable","14":"shipping-taxable","15":"purchasable","16":"product-type-simple"},"acf":[],"brands":[{"id":704,"name":"Reviderm","slug":"reviderm"}],"_links":{"self":[{"href":"https:\/\/skinstudio.ee\/lt\/wp-json\/wp\/v2\/product\/73591","targetHints":{"allow":["GET"]}}],"collection":[{"href":"https:\/\/skinstudio.ee\/lt\/wp-json\/wp\/v2\/product"}],"about":[{"href":"https:\/\/skinstudio.ee\/lt\/wp-json\/wp\/v2\/types\/product"}],"version-history":[{"count":1,"href":"https:\/\/skinstudio.ee\/lt\/wp-json\/wp\/v2\/product\/73591\/revisions"}],"predecessor-version":[{"id":73592,"href":"https:\/\/skinstudio.ee\/lt\/wp-json\/wp\/v2\/product\/73591\/revisions\/73592"}],"wp:featuredmedia":[{"embeddable":true,"href":"https:\/\/skinstudio.ee\/lt\/wp-json\/wp\/v2\/media\/64021"}],"wp:attachment":[{"href":"https:\/\/skinstudio.ee\/lt\/wp-json\/wp\/v2\/media?parent=73591"}],"wp:term":[{"taxonomy":"pwb-brand","embeddable":true,"href":"https:\/\/skinstudio.ee\/lt\/wp-json\/wp\/v2\/pwb-brand?post=73591"},{"taxonomy":"product_brand","embeddable":true,"href":"https:\/\/skinstudio.ee\/lt\/wp-json\/wp\/v2\/product_brand?post=73591"},{"taxonomy":"product_cat","embeddable":true,"href":"https:\/\/skinstudio.ee\/lt\/wp-json\/wp\/v2\/product_cat?post=73591"},{"taxonomy":"product_tag","embeddable":true,"href":"https:\/\/skinstudio.ee\/lt\/wp-json\/wp\/v2\/product_tag?post=73591"},{"taxonomy":"giftcard-category","embeddable":true,"href":"https:\/\/skinstudio.ee\/lt\/wp-json\/wp\/v2\/giftcard-category?post=73591"}],"curies":[{"name":"wp","href":"https:\/\/api.w.org\/{rel}","templated":true}]}}