{"id":73599,"date":"2025-07-17T13:20:09","date_gmt":"2025-07-17T13:20:09","guid":{"rendered":"https:\/\/skinstudio.ee\/?post_type=product&#038;p=73599"},"modified":"2026-01-21T13:57:32","modified_gmt":"2026-01-21T13:57:32","slug":"opc-concentrate-anti-glication","status":"publish","type":"product","link":"https:\/\/skinstudio.ee\/lt\/catalog\/reviderm\/opc-concentrate-anti-glication\/","title":{"rendered":"OPC Concentrate Anti-Glication"},"content":{"rendered":"<p data-start=\"2681\" data-end=\"4259\">OPC Concentrate Anti-Glication \u2013 tai lengvas, labai veiksmingas serumas, pasi\u017eymintis trigubu poveikiu prie\u0161 odos sen\u0117jim\u0105. Jis sujungia antiglikacinius komponentus (dipeptid\u0105 karnozin\u0105) su galingu antioksidantu Pycnogenol\u00ae, kad apsaugot\u0173 l\u0105steles, i\u0161saugot\u0173 nat\u016bral\u0173 odos ir kraujagysli\u0173 elastingum\u0105, u\u017etikrint\u0173 tolygesn\u012f veido atspalv\u012f ir sul\u0117tint\u0173 sen\u0117jimo proces\u0173 progresavim\u0105. Glikacija lemia baltym\u0173 strukt\u016br\u0173, toki\u0173 kaip kolagenas ir elastinas, elastingumo praradim\u0105. Odos geb\u0117jimas sulaikyti vanden\u012f smarkiai suma\u017e\u0117ja, o \u201ecukr\u0117jimas\u201c tampa prie\u017eastimi greitesniam ir ankstyvam rauk\u0161li\u0173 formavimuisi. Unikalios sud\u0117ties formul\u0117 saugo nuo galutini\u0173 glikacijos produkt\u0173 (A.G.E.s \u2013 Advanced Glycation Endproducts) kaupimosi ir ankstyvo stand\u017ei\u0173 baltym\u0173 jungini\u0173 susidarymo: ji prailgina l\u0105steli\u0173 gyvybingum\u0105 ir ma\u017eina audini\u0173 stand\u0117jim\u0105. Karnozinas pasi\u017eymi stipriomis antioksidacin\u0117mis savyb\u0117mis \u2013 slopina odos baltym\u0173 peroksidin\u0119 modifikacij\u0105, saugo juos nuo glikozilinimo, suri\u0161a perteklinius metal\u0173 jonus, kurie pa\u017eeid\u017eia l\u0105steli\u0173 membranas, ir apsaugo nuo prie\u0161laikinio sen\u0117jimo. Pycnogenol\u00ae (liposomin\u0117je formoje) priklauso oligomeriniams proantocianidinams \u2013 augaliniams bioflavonoidams, gautiems patentuota technologija. Jis laikomas vienu stipriausi\u0173 gamtoje \u017einom\u0173 antioksidant\u0173. Kartu su antiglikacine AGF formule ir japoni\u0161ko abrikoso vaisi\u0173 ekstraktu jis neutralizuoja laisvuosius radikalus, kurie yra pagrindinis odos sen\u0117jimo spart\u0117jimo veiksnys. Japoni\u0161ko abrikoso vaisi\u0173 ekstraktas taip pat teigiamai veikia pigmentacijos procesus ir \u0161viesina odos atspalv\u012f.<\/p>\n<p data-start=\"4261\" data-end=\"4391\">Produktas tinka vis\u0173 tip\u0173 odai, kuriai reikalinga regeneracija, ypa\u010d odai su matomais sen\u0117jimo po\u017eymiais ir kraujagysli\u0173 jautrumu.<\/p>\n<p data-start=\"4393\" data-end=\"4409\"><strong data-start=\"4393\" data-end=\"4403\">T\u016bris:<\/strong> 30 ml<\/p>\n","protected":false},"excerpt":{"rendered":"<p data-start=\"4562\" data-end=\"4614\">Antioksidacinis serumas odos apsaugai nuo glikacijos<\/p>\n<h2 data-start=\"4616\" data-end=\"4669\"><strong data-start=\"4616\" data-end=\"4669\">Reviderm &#8211; OPC Concentrate Anti-Glication Savyb\u0117s<\/strong><\/h2>\n<p data-start=\"4671\" data-end=\"4910\">\u2714\ufe0f Apsaugo od\u0105 nuo glikacijos (\u201ecukrinio sen\u0117jimo\u201c)<br data-start=\"4722\" data-end=\"4725\" \/>\u2714\ufe0f Neutralizuoja laisvuosius radikalus<br data-start=\"4763\" data-end=\"4766\" \/>\u2714\ufe0f Didina odos stangrum\u0105 ir elastingum\u0105<br data-start=\"4805\" data-end=\"4808\" \/>\u2714\ufe0f Apsaugo nuo rauk\u0161li\u0173 ir pigmentacijos atsiradimo<br data-start=\"4859\" data-end=\"4862\" \/>\u2714\ufe0f Gerina odos atspalv\u012f ir sugr\u0105\u017eina \u0161vyt\u0117jim\u0105<\/p>\n<p>&nbsp;<\/p>\n","protected":false},"featured_media":39249,"template":"","meta":[],"pwb-brand":[704],"product_brand":[],"product_cat":[738,752,750,724],"product_tag":[],"giftcard-category":[],"class_list":{"0":"post-73599","1":"product","2":"type-product","3":"status-publish","4":"has-post-thumbnail","6":"pwb-brand-reviderm","7":"product_cat-drekinimas","8":"product_cat-pigmentacija-lt","9":"product_cat-senstanti-oda","10":"product_cat-serumai","12":"first","13":"instock","14":"taxable","15":"shipping-taxable","16":"purchasable","17":"product-type-simple"},"acf":[],"brands":[{"id":704,"name":"Reviderm","slug":"reviderm"}],"_links":{"self":[{"href":"https:\/\/skinstudio.ee\/lt\/wp-json\/wp\/v2\/product\/73599","targetHints":{"allow":["GET"]}}],"collection":[{"href":"https:\/\/skinstudio.ee\/lt\/wp-json\/wp\/v2\/product"}],"about":[{"href":"https:\/\/skinstudio.ee\/lt\/wp-json\/wp\/v2\/types\/product"}],"version-history":[{"count":2,"href":"https:\/\/skinstudio.ee\/lt\/wp-json\/wp\/v2\/product\/73599\/revisions"}],"predecessor-version":[{"id":73601,"href":"https:\/\/skinstudio.ee\/lt\/wp-json\/wp\/v2\/product\/73599\/revisions\/73601"}],"wp:featuredmedia":[{"embeddable":true,"href":"https:\/\/skinstudio.ee\/lt\/wp-json\/wp\/v2\/media\/39249"}],"wp:attachment":[{"href":"https:\/\/skinstudio.ee\/lt\/wp-json\/wp\/v2\/media?parent=73599"}],"wp:term":[{"taxonomy":"pwb-brand","embeddable":true,"href":"https:\/\/skinstudio.ee\/lt\/wp-json\/wp\/v2\/pwb-brand?post=73599"},{"taxonomy":"product_brand","embeddable":true,"href":"https:\/\/skinstudio.ee\/lt\/wp-json\/wp\/v2\/product_brand?post=73599"},{"taxonomy":"product_cat","embeddable":true,"href":"https:\/\/skinstudio.ee\/lt\/wp-json\/wp\/v2\/product_cat?post=73599"},{"taxonomy":"product_tag","embeddable":true,"href":"https:\/\/skinstudio.ee\/lt\/wp-json\/wp\/v2\/product_tag?post=73599"},{"taxonomy":"giftcard-category","embeddable":true,"href":"https:\/\/skinstudio.ee\/lt\/wp-json\/wp\/v2\/giftcard-category?post=73599"}],"curies":[{"name":"wp","href":"https:\/\/api.w.org\/{rel}","templated":true}]}}