{"id":73607,"date":"2025-07-17T13:07:21","date_gmt":"2025-07-17T13:07:21","guid":{"rendered":"https:\/\/skinstudio.ee\/?post_type=product&#038;p=73607"},"modified":"2026-01-21T13:57:34","modified_gmt":"2026-01-21T13:57:34","slug":"triple-c-cure","status":"publish","type":"product","link":"https:\/\/skinstudio.ee\/lt\/catalog\/reviderm\/triple-c-cure\/","title":{"rendered":"Triple C Cure"},"content":{"rendered":"<p data-start=\"1494\" data-end=\"1990\">Didel\u0117 vitamino C koncentracija skatina kolageno sintez\u0119, stangrina ir pakelia veido kont\u016brus, \u0161viesina pigmentines d\u0117mes. Vitaminas C ir antioksidantas OPC ma\u017eina u\u017edegiminius procesus ir saugo od\u0105 nuo prie\u0161laikinio sen\u0117jimo. Dviej\u0173 fazi\u0173 sistema i\u0161laiko gryn\u0105 vitamin\u0105 C milteli\u0173 pavidalu iki jo sumai\u0161ymo su serumu, taip u\u017etikrinant maksimal\u0173 veiksmingum\u0105. Trij\u0173 savai\u010di\u0173 kursas taip pat rekomenduojamas odai aplink akis. Veido kont\u016brai tampa stangresni, oda lygesn\u0117, pager\u0117ja veido atspalvis.<\/p>\n<p data-start=\"1992\" data-end=\"2011\"><strong data-start=\"1992\" data-end=\"2002\">T\u016bris:<\/strong> 3 x 7 ml<\/p>\n","protected":false},"excerpt":{"rendered":"<p data-start=\"2190\" data-end=\"2220\">Intensyvus vitamin\u0173 stipriklis<\/p>\n<h2 data-start=\"2222\" data-end=\"2258\"><strong data-start=\"2222\" data-end=\"2258\">Reviderm &#8211; Triple C Cure Savyb\u0117s<\/strong><\/h2>\n<p data-start=\"2260\" data-end=\"2464\">\u2714\ufe0f \u0160viesina ir i\u0161lygina odos atspalv\u012f<br data-start=\"2297\" data-end=\"2300\" \/>\u2714\ufe0f Suteikia stipri\u0105 antioksidacin\u0119 apsaug\u0105<br data-start=\"2342\" data-end=\"2345\" \/>\u2714\ufe0f Didina odos spindes\u012f ir gaivum\u0105<br data-start=\"2379\" data-end=\"2382\" \/>\u2714\ufe0f Skatina kolageno sintez\u0119<br data-start=\"2409\" data-end=\"2412\" \/>\u2714\ufe0f Stiprina kapiliarus ir gerina mikrocirkuliacij\u0105<\/p>\n","protected":false},"featured_media":64026,"template":"","meta":[],"pwb-brand":[704],"product_brand":[],"product_cat":[738,750,724,730],"product_tag":[],"giftcard-category":[],"class_list":{"0":"post-73607","1":"product","2":"type-product","3":"status-publish","4":"has-post-thumbnail","6":"pwb-brand-reviderm","7":"product_cat-drekinimas","8":"product_cat-senstanti-oda","9":"product_cat-serumai","10":"product_cat-vitaminas-c","12":"first","13":"instock","14":"taxable","15":"shipping-taxable","16":"purchasable","17":"product-type-simple"},"acf":[],"brands":[{"id":704,"name":"Reviderm","slug":"reviderm"}],"_links":{"self":[{"href":"https:\/\/skinstudio.ee\/lt\/wp-json\/wp\/v2\/product\/73607","targetHints":{"allow":["GET"]}}],"collection":[{"href":"https:\/\/skinstudio.ee\/lt\/wp-json\/wp\/v2\/product"}],"about":[{"href":"https:\/\/skinstudio.ee\/lt\/wp-json\/wp\/v2\/types\/product"}],"version-history":[{"count":1,"href":"https:\/\/skinstudio.ee\/lt\/wp-json\/wp\/v2\/product\/73607\/revisions"}],"predecessor-version":[{"id":73608,"href":"https:\/\/skinstudio.ee\/lt\/wp-json\/wp\/v2\/product\/73607\/revisions\/73608"}],"wp:featuredmedia":[{"embeddable":true,"href":"https:\/\/skinstudio.ee\/lt\/wp-json\/wp\/v2\/media\/64026"}],"wp:attachment":[{"href":"https:\/\/skinstudio.ee\/lt\/wp-json\/wp\/v2\/media?parent=73607"}],"wp:term":[{"taxonomy":"pwb-brand","embeddable":true,"href":"https:\/\/skinstudio.ee\/lt\/wp-json\/wp\/v2\/pwb-brand?post=73607"},{"taxonomy":"product_brand","embeddable":true,"href":"https:\/\/skinstudio.ee\/lt\/wp-json\/wp\/v2\/product_brand?post=73607"},{"taxonomy":"product_cat","embeddable":true,"href":"https:\/\/skinstudio.ee\/lt\/wp-json\/wp\/v2\/product_cat?post=73607"},{"taxonomy":"product_tag","embeddable":true,"href":"https:\/\/skinstudio.ee\/lt\/wp-json\/wp\/v2\/product_tag?post=73607"},{"taxonomy":"giftcard-category","embeddable":true,"href":"https:\/\/skinstudio.ee\/lt\/wp-json\/wp\/v2\/giftcard-category?post=73607"}],"curies":[{"name":"wp","href":"https:\/\/api.w.org\/{rel}","templated":true}]}}