{"id":73612,"date":"2025-07-17T12:33:47","date_gmt":"2025-07-17T12:33:47","guid":{"rendered":"https:\/\/skinstudio.ee\/?post_type=product&#038;p=73612"},"modified":"2026-01-21T13:57:28","modified_gmt":"2026-01-21T13:57:28","slug":"activating-gel-mask","status":"publish","type":"product","link":"https:\/\/skinstudio.ee\/lt\/catalog\/reviderm\/activating-gel-mask\/","title":{"rendered":"Activating Gel Mask"},"content":{"rendered":"<p data-start=\"1702\" data-end=\"2250\">Aktyvi\u0173j\u0173 ingredient\u0173 kompleksas, stiprinantis mikrocirkuliacij\u0105, aktyvina kraujotak\u0105 ir padeda pa\u0161alinti ne\u0161varumus i\u0161 audini\u0173. \u0160i kauk\u0117 skatina regeneracijos procesus ir spartina l\u0105steli\u0173 metabolizm\u0105, stiprina audinius ir pagerina aktyvi\u0173j\u0173 med\u017eiag\u0173 \u012fsisavinim\u0105 i\u0161 bet koki\u0173 po jos naudojam\u0173 kosmetikos priemoni\u0173.<br data-start=\"2017\" data-end=\"2020\" \/><strong data-start=\"2020\" data-end=\"2033\">Poveikis:<\/strong> oda akivaizd\u017eiai atgaivinama, padid\u0117ja jos tonusas.<br data-start=\"2085\" data-end=\"2088\" \/><strong data-start=\"2088\" data-end=\"2100\">Pastaba:<\/strong> tai intensyvi aktyvinamoji gelin\u0117 kauk\u0117, skirta l\u0105steli\u0173 metabolizmui skatinti. Kraujotak\u0105 aktyvinantis poveikis sukelia \u0161ilumos poj\u016bt\u012f ir paraudim\u0105.<\/p>\n<p data-start=\"2252\" data-end=\"2268\"><strong data-start=\"2252\" data-end=\"2262\">T\u016bris:<\/strong> 50 ml<\/p>\n","protected":false},"excerpt":{"rendered":"<p data-start=\"2488\" data-end=\"2548\">Aktyvinamoji gelin\u0117 kauk\u0117 odos spindesiui ir tonusui atkurti<\/p>\n<h2 data-start=\"2550\" data-end=\"2592\"><strong data-start=\"2550\" data-end=\"2592\">Reviderm &#8211; Activating Gel Mask Savyb\u0117s<\/strong><\/h2>\n<p data-start=\"2594\" data-end=\"2784\">\u2714\ufe0f Gerina mikrocirkuliacij\u0105 ir med\u017eiag\u0173 apykaitos procesus<br data-start=\"2652\" data-end=\"2655\" \/>\u2714\ufe0f Atgaivina ir pa\u017eadina pavargusi\u0105 od\u0105<br data-start=\"2694\" data-end=\"2697\" \/>\u2714\ufe0f Didina odos tonus\u0105 ir stangrum\u0105<br data-start=\"2731\" data-end=\"2734\" \/>\u2714\ufe0f I\u0161lygina veido atspalv\u012f ir suteikia spindesio<\/p>\n","protected":false},"featured_media":64032,"template":"","meta":[],"pwb-brand":[704],"product_brand":[],"product_cat":[738,726],"product_tag":[],"giftcard-category":[],"class_list":{"0":"post-73612","1":"product","2":"type-product","3":"status-publish","4":"has-post-thumbnail","6":"pwb-brand-reviderm","7":"product_cat-drekinimas","8":"product_cat-maskas-lt","10":"first","11":"instock","12":"taxable","13":"shipping-taxable","14":"purchasable","15":"product-type-simple"},"acf":[],"brands":[{"id":704,"name":"Reviderm","slug":"reviderm"}],"_links":{"self":[{"href":"https:\/\/skinstudio.ee\/lt\/wp-json\/wp\/v2\/product\/73612","targetHints":{"allow":["GET"]}}],"collection":[{"href":"https:\/\/skinstudio.ee\/lt\/wp-json\/wp\/v2\/product"}],"about":[{"href":"https:\/\/skinstudio.ee\/lt\/wp-json\/wp\/v2\/types\/product"}],"version-history":[{"count":1,"href":"https:\/\/skinstudio.ee\/lt\/wp-json\/wp\/v2\/product\/73612\/revisions"}],"predecessor-version":[{"id":73613,"href":"https:\/\/skinstudio.ee\/lt\/wp-json\/wp\/v2\/product\/73612\/revisions\/73613"}],"wp:featuredmedia":[{"embeddable":true,"href":"https:\/\/skinstudio.ee\/lt\/wp-json\/wp\/v2\/media\/64032"}],"wp:attachment":[{"href":"https:\/\/skinstudio.ee\/lt\/wp-json\/wp\/v2\/media?parent=73612"}],"wp:term":[{"taxonomy":"pwb-brand","embeddable":true,"href":"https:\/\/skinstudio.ee\/lt\/wp-json\/wp\/v2\/pwb-brand?post=73612"},{"taxonomy":"product_brand","embeddable":true,"href":"https:\/\/skinstudio.ee\/lt\/wp-json\/wp\/v2\/product_brand?post=73612"},{"taxonomy":"product_cat","embeddable":true,"href":"https:\/\/skinstudio.ee\/lt\/wp-json\/wp\/v2\/product_cat?post=73612"},{"taxonomy":"product_tag","embeddable":true,"href":"https:\/\/skinstudio.ee\/lt\/wp-json\/wp\/v2\/product_tag?post=73612"},{"taxonomy":"giftcard-category","embeddable":true,"href":"https:\/\/skinstudio.ee\/lt\/wp-json\/wp\/v2\/giftcard-category?post=73612"}],"curies":[{"name":"wp","href":"https:\/\/api.w.org\/{rel}","templated":true}]}}