{"id":73619,"date":"2025-07-17T12:24:31","date_gmt":"2025-07-17T12:24:31","guid":{"rendered":"https:\/\/skinstudio.ee\/?post_type=product&#038;p=73619"},"modified":"2026-01-21T13:57:34","modified_gmt":"2026-01-21T13:57:34","slug":"silver-detoxifying-mask","status":"publish","type":"product","link":"https:\/\/skinstudio.ee\/lt\/catalog\/reviderm\/silver-detoxifying-mask\/","title":{"rendered":"Silver Detoxifying Mask"},"content":{"rendered":"<p data-start=\"1685\" data-end=\"2322\">Kauk\u0117s veiksmingumas pasiekiamas derinant odai identi\u0161k\u0105 kremin\u012f pagrind\u0105 (derma-membranin\u0119 DMS sistem\u0105) ir ypa\u010d gryn\u0105 koncentruot\u0105 mikro sidabr\u0105. Derma-membranin\u0117 DMS sistema atkuria raginio sluoksnio apsaugin\u012f barjer\u0105 ir apsaugo nuo transepiderminio vandens netekimo. Mikro sidabras pasi\u017eymi antibakteriniu poveikiu \u2013 slopina patogenin\u0117s mikrofloros vystym\u0105si ir taip ma\u017eina u\u017edegimus.<br data-start=\"2072\" data-end=\"2075\" \/>Kauk\u0117 turi ry\u0161k\u0173 detoksikuojant\u012f poveik\u012f \u2013 ji i\u0161lygina veido atspalv\u012f ir spalv\u0105 bei suteikia greit\u0105 palengv\u0117jim\u0105 esant u\u017edegimams ir odos sudirgimams.<br data-start=\"2225\" data-end=\"2228\" \/>Reguliariai naudojant, kauk\u0117 veiksmingai padeda i\u0161vengti nauj\u0173 u\u017edegimini\u0173 proces\u0173 atsiradimo.<\/p>\n<p data-start=\"2324\" data-end=\"2340\"><strong data-start=\"2324\" data-end=\"2334\">T\u016bris:<\/strong> 50 ml<\/p>\n","protected":false},"excerpt":{"rendered":"<p data-start=\"2517\" data-end=\"2564\">Balansuojamoji kauk\u0117 su antibakteriniu poveikiu<\/p>\n<h2 data-start=\"2566\" data-end=\"2612\"><strong data-start=\"2566\" data-end=\"2612\">Reviderm &#8211; Silver Detoxifying Mask Savyb\u0117s<\/strong><\/h2>\n<p data-start=\"2614\" data-end=\"2878\">\u2714\ufe0f Giliai valo od\u0105 ir padeda pa\u0161alinti toksinus<br data-start=\"2661\" data-end=\"2664\" \/>\u2714\ufe0f Pasi\u017eymi antiseptiniu ir prie\u0161u\u017edegiminiu poveikiu<br data-start=\"2717\" data-end=\"2720\" \/>\u2714\ufe0f Ramina sudirgimus ir ma\u017eina paraudim\u0105<br data-start=\"2760\" data-end=\"2763\" \/>\u2714\ufe0f Reguliuoja sebumo i\u0161siskyrim\u0105 ir sutraukia poras<br data-start=\"2814\" data-end=\"2817\" \/>\u2714\ufe0f Atgaivina ir gerina odos b\u016bkl\u0119, suteikdama jai spindesio<\/p>\n","protected":false},"featured_media":64037,"template":"","meta":[],"pwb-brand":[704],"product_brand":[],"product_cat":[742,738,746,726],"product_tag":[],"giftcard-category":[],"class_list":{"0":"post-73619","1":"product","2":"type-product","3":"status-publish","4":"has-post-thumbnail","6":"pwb-brand-reviderm","7":"product_cat-berimai","8":"product_cat-drekinimas","9":"product_cat-jautriai-odai","10":"product_cat-maskas-lt","12":"first","13":"instock","14":"taxable","15":"shipping-taxable","16":"purchasable","17":"product-type-simple"},"acf":[],"brands":[{"id":704,"name":"Reviderm","slug":"reviderm"}],"_links":{"self":[{"href":"https:\/\/skinstudio.ee\/lt\/wp-json\/wp\/v2\/product\/73619","targetHints":{"allow":["GET"]}}],"collection":[{"href":"https:\/\/skinstudio.ee\/lt\/wp-json\/wp\/v2\/product"}],"about":[{"href":"https:\/\/skinstudio.ee\/lt\/wp-json\/wp\/v2\/types\/product"}],"version-history":[{"count":1,"href":"https:\/\/skinstudio.ee\/lt\/wp-json\/wp\/v2\/product\/73619\/revisions"}],"predecessor-version":[{"id":73620,"href":"https:\/\/skinstudio.ee\/lt\/wp-json\/wp\/v2\/product\/73619\/revisions\/73620"}],"wp:featuredmedia":[{"embeddable":true,"href":"https:\/\/skinstudio.ee\/lt\/wp-json\/wp\/v2\/media\/64037"}],"wp:attachment":[{"href":"https:\/\/skinstudio.ee\/lt\/wp-json\/wp\/v2\/media?parent=73619"}],"wp:term":[{"taxonomy":"pwb-brand","embeddable":true,"href":"https:\/\/skinstudio.ee\/lt\/wp-json\/wp\/v2\/pwb-brand?post=73619"},{"taxonomy":"product_brand","embeddable":true,"href":"https:\/\/skinstudio.ee\/lt\/wp-json\/wp\/v2\/product_brand?post=73619"},{"taxonomy":"product_cat","embeddable":true,"href":"https:\/\/skinstudio.ee\/lt\/wp-json\/wp\/v2\/product_cat?post=73619"},{"taxonomy":"product_tag","embeddable":true,"href":"https:\/\/skinstudio.ee\/lt\/wp-json\/wp\/v2\/product_tag?post=73619"},{"taxonomy":"giftcard-category","embeddable":true,"href":"https:\/\/skinstudio.ee\/lt\/wp-json\/wp\/v2\/giftcard-category?post=73619"}],"curies":[{"name":"wp","href":"https:\/\/api.w.org\/{rel}","templated":true}]}}