{"id":73626,"date":"2025-07-17T12:08:47","date_gmt":"2025-07-17T12:08:47","guid":{"rendered":"https:\/\/skinstudio.ee\/?post_type=product&#038;p=73626"},"modified":"2026-01-21T13:57:34","modified_gmt":"2026-01-21T13:57:34","slug":"skin-protection-mask","status":"publish","type":"product","link":"https:\/\/skinstudio.ee\/lt\/catalog\/reviderm\/skin-protection-mask\/","title":{"rendered":"Skin Protection Mask"},"content":{"rendered":"<p data-start=\"1419\" data-end=\"1806\">Kauk\u0117s formul\u0117 su moringos med\u017eio s\u0117kl\u0173 ekstraktu pasi\u017eymi stipriu apsauginiu ir valomuoju poveikiu. Gryb\u0173 ekstraktas blokuoja tar\u0161os daleles, saugo nuo laisv\u0173j\u0173 radikal\u0173 ir apsaugo l\u0105steles DNR lygiu nuo pa\u017eeidim\u0173 bei prie\u0161laikinio sen\u0117jimo. Hialurono r\u016bg\u0161tis atkuria nat\u016bral\u0173 odos putlum\u0105, lygina rauk\u0161les ir odos nelygumus. Kauk\u0117 valo ir stiprina od\u0105. Oda \u012fgauna gaivumo ir spindesio.<\/p>\n<p data-start=\"1808\" data-end=\"1824\"><strong data-start=\"1808\" data-end=\"1818\">T\u016bris:<\/strong> 50 ml<\/p>\n","protected":false},"excerpt":{"rendered":"<p data-start=\"1993\" data-end=\"2038\">Apsaugin\u0117 kauk\u0117 odos atk\u016brimui ir stiprinimui<\/p>\n<h2 data-start=\"2040\" data-end=\"2083\"><strong data-start=\"2040\" data-end=\"2083\">Reviderm &#8211; Skin Protection Mask Savyb\u0117s<\/strong><\/h2>\n<p data-start=\"2085\" data-end=\"2273\">\u2714\ufe0f Stiprina odos apsaugin\u012f barjer\u0105<br data-start=\"2119\" data-end=\"2122\" \/>\u2714\ufe0f Ma\u017eina paraudim\u0105 ir sudirgim\u0105<br data-start=\"2154\" data-end=\"2157\" \/>\u2714\ufe0f Saugo nuo neigiamo i\u0161or\u0117s poveikio<br data-start=\"2194\" data-end=\"2197\" \/>\u2714\ufe0f Atkuria odos komfort\u0105 ir balans\u0105<br data-start=\"2232\" data-end=\"2235\" \/>\u2714\ufe0f Tinka jautriai ir reaktyviai odai<\/p>\n","protected":false},"featured_media":64042,"template":"","meta":[],"pwb-brand":[704],"product_brand":[],"product_cat":[738,726,750],"product_tag":[],"giftcard-category":[],"class_list":{"0":"post-73626","1":"product","2":"type-product","3":"status-publish","4":"has-post-thumbnail","6":"pwb-brand-reviderm","7":"product_cat-drekinimas","8":"product_cat-maskas-lt","9":"product_cat-senstanti-oda","11":"first","12":"instock","13":"taxable","14":"shipping-taxable","15":"purchasable","16":"product-type-simple"},"acf":[],"brands":[{"id":704,"name":"Reviderm","slug":"reviderm"}],"_links":{"self":[{"href":"https:\/\/skinstudio.ee\/lt\/wp-json\/wp\/v2\/product\/73626","targetHints":{"allow":["GET"]}}],"collection":[{"href":"https:\/\/skinstudio.ee\/lt\/wp-json\/wp\/v2\/product"}],"about":[{"href":"https:\/\/skinstudio.ee\/lt\/wp-json\/wp\/v2\/types\/product"}],"version-history":[{"count":1,"href":"https:\/\/skinstudio.ee\/lt\/wp-json\/wp\/v2\/product\/73626\/revisions"}],"predecessor-version":[{"id":73627,"href":"https:\/\/skinstudio.ee\/lt\/wp-json\/wp\/v2\/product\/73626\/revisions\/73627"}],"wp:featuredmedia":[{"embeddable":true,"href":"https:\/\/skinstudio.ee\/lt\/wp-json\/wp\/v2\/media\/64042"}],"wp:attachment":[{"href":"https:\/\/skinstudio.ee\/lt\/wp-json\/wp\/v2\/media?parent=73626"}],"wp:term":[{"taxonomy":"pwb-brand","embeddable":true,"href":"https:\/\/skinstudio.ee\/lt\/wp-json\/wp\/v2\/pwb-brand?post=73626"},{"taxonomy":"product_brand","embeddable":true,"href":"https:\/\/skinstudio.ee\/lt\/wp-json\/wp\/v2\/product_brand?post=73626"},{"taxonomy":"product_cat","embeddable":true,"href":"https:\/\/skinstudio.ee\/lt\/wp-json\/wp\/v2\/product_cat?post=73626"},{"taxonomy":"product_tag","embeddable":true,"href":"https:\/\/skinstudio.ee\/lt\/wp-json\/wp\/v2\/product_tag?post=73626"},{"taxonomy":"giftcard-category","embeddable":true,"href":"https:\/\/skinstudio.ee\/lt\/wp-json\/wp\/v2\/giftcard-category?post=73626"}],"curies":[{"name":"wp","href":"https:\/\/api.w.org\/{rel}","templated":true}]}}