{"id":73633,"date":"2025-07-17T12:01:20","date_gmt":"2025-07-17T12:01:20","guid":{"rendered":"https:\/\/skinstudio.ee\/?post_type=product&#038;p=73633"},"modified":"2026-01-21T13:57:29","modified_gmt":"2026-01-21T13:57:29","slug":"calming-hydro-mask","status":"publish","type":"product","link":"https:\/\/skinstudio.ee\/lt\/catalog\/reviderm\/calming-hydro-mask\/","title":{"rendered":"Calming Hydro Mask"},"content":{"rendered":"<p data-start=\"1221\" data-end=\"1531\">Odai identi\u0161ki lipidai stiprina apsaugin\u012f barjer\u0105, stabilizuoja odos apsaugines funkcijas, giliai dr\u0117kina ir atkuria nat\u016bral\u0173 odos balans\u0105. Neurokosmetinis anti-streso kompleksas pasi\u017eymi prie\u0161u\u017edegiminiu poveikiu, ma\u017eina sudirgim\u0105 ir paraudim\u0105. Kauk\u0117 pastebimai ramina, optimaliai subalansuoja ir dr\u0117kina od\u0105.<\/p>\n<p data-start=\"1533\" data-end=\"1549\"><strong data-start=\"1533\" data-end=\"1543\">T\u016bris:<\/strong> 50 ml<\/p>\n","protected":false},"excerpt":{"rendered":"<p data-start=\"1716\" data-end=\"1747\">Dr\u0117kinamoji ir raminamoji kauk\u0117<\/p>\n<h2 data-start=\"1749\" data-end=\"1790\"><strong data-start=\"1749\" data-end=\"1790\">Reviderm &#8211; Calming Hydro Mask Savyb\u0117s<\/strong><\/h2>\n<p data-start=\"1792\" data-end=\"1939\">\u2714\ufe0f Ma\u017eina paraudim\u0105 ir tempimo poj\u016bt\u012f<br data-start=\"1829\" data-end=\"1832\" \/>\u2714\ufe0f Giliai dr\u0117kina ir atkuria od\u0105<br data-start=\"1864\" data-end=\"1867\" \/>\u2714\ufe0f Stiprina odos apsaugin\u012f barjer\u0105<br data-start=\"1901\" data-end=\"1904\" \/>\u2714\ufe0f Ramina sudirgimus ir nie\u017e\u0117jim\u0105<\/p>\n","protected":false},"featured_media":64047,"template":"","meta":[],"pwb-brand":[704],"product_brand":[],"product_cat":[738,746,726],"product_tag":[],"giftcard-category":[],"class_list":{"0":"post-73633","1":"product","2":"type-product","3":"status-publish","4":"has-post-thumbnail","6":"pwb-brand-reviderm","7":"product_cat-drekinimas","8":"product_cat-jautriai-odai","9":"product_cat-maskas-lt","11":"first","12":"instock","13":"taxable","14":"shipping-taxable","15":"purchasable","16":"product-type-simple"},"acf":[],"brands":[{"id":704,"name":"Reviderm","slug":"reviderm"}],"_links":{"self":[{"href":"https:\/\/skinstudio.ee\/lt\/wp-json\/wp\/v2\/product\/73633","targetHints":{"allow":["GET"]}}],"collection":[{"href":"https:\/\/skinstudio.ee\/lt\/wp-json\/wp\/v2\/product"}],"about":[{"href":"https:\/\/skinstudio.ee\/lt\/wp-json\/wp\/v2\/types\/product"}],"version-history":[{"count":1,"href":"https:\/\/skinstudio.ee\/lt\/wp-json\/wp\/v2\/product\/73633\/revisions"}],"predecessor-version":[{"id":73634,"href":"https:\/\/skinstudio.ee\/lt\/wp-json\/wp\/v2\/product\/73633\/revisions\/73634"}],"wp:featuredmedia":[{"embeddable":true,"href":"https:\/\/skinstudio.ee\/lt\/wp-json\/wp\/v2\/media\/64047"}],"wp:attachment":[{"href":"https:\/\/skinstudio.ee\/lt\/wp-json\/wp\/v2\/media?parent=73633"}],"wp:term":[{"taxonomy":"pwb-brand","embeddable":true,"href":"https:\/\/skinstudio.ee\/lt\/wp-json\/wp\/v2\/pwb-brand?post=73633"},{"taxonomy":"product_brand","embeddable":true,"href":"https:\/\/skinstudio.ee\/lt\/wp-json\/wp\/v2\/product_brand?post=73633"},{"taxonomy":"product_cat","embeddable":true,"href":"https:\/\/skinstudio.ee\/lt\/wp-json\/wp\/v2\/product_cat?post=73633"},{"taxonomy":"product_tag","embeddable":true,"href":"https:\/\/skinstudio.ee\/lt\/wp-json\/wp\/v2\/product_tag?post=73633"},{"taxonomy":"giftcard-category","embeddable":true,"href":"https:\/\/skinstudio.ee\/lt\/wp-json\/wp\/v2\/giftcard-category?post=73633"}],"curies":[{"name":"wp","href":"https:\/\/api.w.org\/{rel}","templated":true}]}}