{"id":73640,"date":"2025-07-17T11:25:48","date_gmt":"2025-07-17T11:25:48","guid":{"rendered":"https:\/\/skinstudio.ee\/?post_type=product&#038;p=73640"},"modified":"2026-01-21T13:57:31","modified_gmt":"2026-01-21T13:57:31","slug":"moist-plump-mask","status":"publish","type":"product","link":"https:\/\/skinstudio.ee\/lt\/catalog\/reviderm\/moist-plump-mask\/","title":{"rendered":"Moist &#038; Plump Mask"},"content":{"rendered":"<p data-start=\"2193\" data-end=\"2868\">Veiksminga bioceliuliozin\u0117 kauk\u0117 su biomimetiniu dr\u0117kinamuoju kompleksu, sudarytu i\u0161 ksilitolio ir hialurono r\u016bg\u0161ties, suteikia ilgalaik\u012f dr\u0117kinam\u0105j\u012f poveik\u012f ir apsaugo nuo nat\u016bralios hialurono r\u016bg\u0161ties irimo odoje. Odai identi\u0161kas ksilitolis optimizuoja dr\u0117gm\u0117s lyg\u012f odoje, skatindamas hialurono r\u016bg\u0161ties ir nat\u016bralaus dr\u0117kinamojo faktoriaus NMF sintez\u0119. Jis stimuliuoja akvaporin\u0173 (vandens kanal\u0173) veikl\u0105 l\u0105steli\u0173 membranose, gerindamas vandens cirkuliacij\u0105 l\u0105steli\u0173 lygiu. Pager\u0117ja odos stangrumas. Palaikoma keramid\u0173 sintez\u0117, stiprinamas odos apsauginis barjeras ir ma\u017einamas transepiderminis vandens netekimas (TEWL). Kauk\u0117 intensyviai ir ilgai dr\u0117kina bei glotnina od\u0105.<\/p>\n<p data-start=\"2870\" data-end=\"2887\"><strong data-start=\"2870\" data-end=\"2880\">T\u016bris:<\/strong> 1 vnt.<\/p>\n","protected":false},"excerpt":{"rendered":"<p data-start=\"3262\" data-end=\"3300\">Dr\u0117kinamoji kauk\u0117 odos tonusui atkurti<\/p>\n<h2 data-start=\"3302\" data-end=\"3343\"><strong data-start=\"3302\" data-end=\"3343\">Reviderm &#8211; Moist &amp; Plump Mask Savyb\u0117s<\/strong><\/h2>\n<p data-start=\"3345\" data-end=\"3539\">\u2714\ufe0f Giliai dr\u0117kina ir prisotina od\u0105 dr\u0117gme<br data-start=\"3386\" data-end=\"3389\" \/>\u2714\ufe0f Atkuria odos apimt\u012f ir tank\u012f<br data-start=\"3420\" data-end=\"3423\" \/>\u2714\ufe0f Padaro od\u0105 stangresn\u0119 ir lygesn\u0119<br data-start=\"3458\" data-end=\"3461\" \/>\u2714\ufe0f Didina elastingum\u0105 ir tonus\u0105<br data-start=\"3492\" data-end=\"3495\" \/>\u2714\ufe0f Tinka dehidratuotai ir pavargusiai odai<\/p>\n","protected":false},"featured_media":64052,"template":"","meta":[],"pwb-brand":[704],"product_brand":[],"product_cat":[738,726],"product_tag":[],"giftcard-category":[],"class_list":{"0":"post-73640","1":"product","2":"type-product","3":"status-publish","4":"has-post-thumbnail","6":"pwb-brand-reviderm","7":"product_cat-drekinimas","8":"product_cat-maskas-lt","10":"first","11":"instock","12":"taxable","13":"shipping-taxable","14":"purchasable","15":"product-type-simple"},"acf":[],"brands":[{"id":704,"name":"Reviderm","slug":"reviderm"}],"_links":{"self":[{"href":"https:\/\/skinstudio.ee\/lt\/wp-json\/wp\/v2\/product\/73640","targetHints":{"allow":["GET"]}}],"collection":[{"href":"https:\/\/skinstudio.ee\/lt\/wp-json\/wp\/v2\/product"}],"about":[{"href":"https:\/\/skinstudio.ee\/lt\/wp-json\/wp\/v2\/types\/product"}],"version-history":[{"count":1,"href":"https:\/\/skinstudio.ee\/lt\/wp-json\/wp\/v2\/product\/73640\/revisions"}],"predecessor-version":[{"id":73641,"href":"https:\/\/skinstudio.ee\/lt\/wp-json\/wp\/v2\/product\/73640\/revisions\/73641"}],"wp:featuredmedia":[{"embeddable":true,"href":"https:\/\/skinstudio.ee\/lt\/wp-json\/wp\/v2\/media\/64052"}],"wp:attachment":[{"href":"https:\/\/skinstudio.ee\/lt\/wp-json\/wp\/v2\/media?parent=73640"}],"wp:term":[{"taxonomy":"pwb-brand","embeddable":true,"href":"https:\/\/skinstudio.ee\/lt\/wp-json\/wp\/v2\/pwb-brand?post=73640"},{"taxonomy":"product_brand","embeddable":true,"href":"https:\/\/skinstudio.ee\/lt\/wp-json\/wp\/v2\/product_brand?post=73640"},{"taxonomy":"product_cat","embeddable":true,"href":"https:\/\/skinstudio.ee\/lt\/wp-json\/wp\/v2\/product_cat?post=73640"},{"taxonomy":"product_tag","embeddable":true,"href":"https:\/\/skinstudio.ee\/lt\/wp-json\/wp\/v2\/product_tag?post=73640"},{"taxonomy":"giftcard-category","embeddable":true,"href":"https:\/\/skinstudio.ee\/lt\/wp-json\/wp\/v2\/giftcard-category?post=73640"}],"curies":[{"name":"wp","href":"https:\/\/api.w.org\/{rel}","templated":true}]}}