{"id":73648,"date":"2025-07-17T09:22:59","date_gmt":"2025-07-17T09:22:59","guid":{"rendered":"https:\/\/skinstudio.ee\/?post_type=product&#038;p=73648"},"modified":"2026-01-21T13:57:32","modified_gmt":"2026-01-21T13:57:32","slug":"pore-refining-mask","status":"publish","type":"product","link":"https:\/\/skinstudio.ee\/lt\/catalog\/reviderm\/pore-refining-mask\/","title":{"rendered":"Pore Refining Mask"},"content":{"rendered":"<p data-start=\"2181\" data-end=\"2849\">Veiksminga bioceliuliozin\u0117 kauk\u0117 su glotninamuoju kompleksu i\u0161 baltojo gluosnio ekstrakto, vitamino B3 ir pantenolio akivaizd\u017eiai gerina odos strukt\u016br\u0105, reguliuoja sebumo i\u0161siskyrim\u0105 ir suteikia balansuojant\u012f poveik\u012f. Baltojo gluosnio ekstraktas \u2013 nat\u016bralus salicilo r\u016bg\u0161ties \u0161altinis \u2013 pasi\u017eymi stipriu keratolitiniu poveikiu. Riebaliniai kam\u0161\u010diai i\u0161tirpsta, u\u017edari komedonai atsiveria, oda i\u0161valoma. U\u017ekertamas kelias nauj\u0173 riebalini\u0173 kam\u0161\u010di\u0173 susidarymui. Taninai pasi\u017eymi sutraukian\u010diu poveikiu ir padeda ma\u017einti por\u0173 i\u0161sipl\u0117tim\u0105. Vitaminas B3 atkuria nat\u016bral\u0173 odos vandens balans\u0105. Oda tampa \u0161varesn\u0117 ir lygesn\u0117. Pantenolis ramina ir gerina sudirgusios odos b\u016bkl\u0119.<\/p>\n<p data-start=\"2851\" data-end=\"2868\"><strong data-start=\"2851\" data-end=\"2861\">T\u016bris:<\/strong> 1 vnt.<\/p>\n","protected":false},"excerpt":{"rendered":"<p data-start=\"3243\" data-end=\"3262\">Poras valanti kauk\u0117<\/p>\n<h2 data-start=\"3264\" data-end=\"3305\"><strong data-start=\"3264\" data-end=\"3305\">Reviderm &#8211; Pore Refining Mask Savyb\u0117s<\/strong><\/h2>\n<p data-start=\"3307\" data-end=\"3485\">\u2714\ufe0f Valo ir sutraukia poras<br data-start=\"3333\" data-end=\"3336\" \/>\u2714\ufe0f Reguliuoja sebumo i\u0161siskyrim\u0105<br data-start=\"3368\" data-end=\"3371\" \/>\u2714\ufe0f Ma\u017eina rieb\u0173 blizges\u012f<br data-start=\"3395\" data-end=\"3398\" \/>\u2714\ufe0f Ramina od\u0105 ir ma\u017eina u\u017edegimus<br data-start=\"3431\" data-end=\"3434\" \/>\u2714\ufe0f Gerina odos tekst\u016br\u0105 ir suteikia matin\u012f efekt\u0105<\/p>\n","protected":false},"featured_media":64057,"template":"","meta":[],"pwb-brand":[704],"product_brand":[],"product_cat":[738,744,726,748],"product_tag":[],"giftcard-category":[],"class_list":{"0":"post-73648","1":"product","2":"type-product","3":"status-publish","4":"has-post-thumbnail","6":"pwb-brand-reviderm","7":"product_cat-drekinimas","8":"product_cat-issipletusios-poros","9":"product_cat-maskas-lt","10":"product_cat-taukainai-adai-lt","12":"first","13":"instock","14":"taxable","15":"shipping-taxable","16":"purchasable","17":"product-type-simple"},"acf":[],"brands":[{"id":704,"name":"Reviderm","slug":"reviderm"}],"_links":{"self":[{"href":"https:\/\/skinstudio.ee\/lt\/wp-json\/wp\/v2\/product\/73648","targetHints":{"allow":["GET"]}}],"collection":[{"href":"https:\/\/skinstudio.ee\/lt\/wp-json\/wp\/v2\/product"}],"about":[{"href":"https:\/\/skinstudio.ee\/lt\/wp-json\/wp\/v2\/types\/product"}],"version-history":[{"count":1,"href":"https:\/\/skinstudio.ee\/lt\/wp-json\/wp\/v2\/product\/73648\/revisions"}],"predecessor-version":[{"id":73649,"href":"https:\/\/skinstudio.ee\/lt\/wp-json\/wp\/v2\/product\/73648\/revisions\/73649"}],"wp:featuredmedia":[{"embeddable":true,"href":"https:\/\/skinstudio.ee\/lt\/wp-json\/wp\/v2\/media\/64057"}],"wp:attachment":[{"href":"https:\/\/skinstudio.ee\/lt\/wp-json\/wp\/v2\/media?parent=73648"}],"wp:term":[{"taxonomy":"pwb-brand","embeddable":true,"href":"https:\/\/skinstudio.ee\/lt\/wp-json\/wp\/v2\/pwb-brand?post=73648"},{"taxonomy":"product_brand","embeddable":true,"href":"https:\/\/skinstudio.ee\/lt\/wp-json\/wp\/v2\/product_brand?post=73648"},{"taxonomy":"product_cat","embeddable":true,"href":"https:\/\/skinstudio.ee\/lt\/wp-json\/wp\/v2\/product_cat?post=73648"},{"taxonomy":"product_tag","embeddable":true,"href":"https:\/\/skinstudio.ee\/lt\/wp-json\/wp\/v2\/product_tag?post=73648"},{"taxonomy":"giftcard-category","embeddable":true,"href":"https:\/\/skinstudio.ee\/lt\/wp-json\/wp\/v2\/giftcard-category?post=73648"}],"curies":[{"name":"wp","href":"https:\/\/api.w.org\/{rel}","templated":true}]}}