{"id":73655,"date":"2025-07-17T09:21:45","date_gmt":"2025-07-17T09:21:45","guid":{"rendered":"https:\/\/skinstudio.ee\/?post_type=product&#038;p=73655"},"modified":"2026-01-21T13:57:34","modified_gmt":"2026-01-21T13:57:34","slug":"skin-rejuvenation-mask","status":"publish","type":"product","link":"https:\/\/skinstudio.ee\/lt\/catalog\/reviderm\/skin-rejuvenation-mask\/","title":{"rendered":"Skin Rejuvenation Mask"},"content":{"rendered":"<p data-start=\"1201\" data-end=\"1744\">Bioceliuliozin\u0117 kauk\u0117 su auk\u0161t\u0173j\u0173 technologij\u0173 peptid\u0173 ir niacinamid\u0173 kompleksu, pasi\u017eymin\u010diu mimikos rauk\u0161li\u0173 kontrol\u0117s poveikiu, pastebimai lygina od\u0105, didina jos stangrum\u0105 ir elastingum\u0105 bei padeda u\u017ekirsti keli\u0105 nauj\u0173 rauk\u0161li\u0173 susidarymui. Ma\u017eos ir didel\u0117s molekulin\u0117s mas\u0117s hialurono r\u016bg\u0161tis optimizuoja dr\u0117gm\u0117s suri\u0161imo geb\u0117jim\u0105. Ma\u017eos molekulin\u0117s mas\u0117s hialurono r\u016bg\u0161tis prasiskverbia \u012f gilesnius odos sluoksnius ir ten sulaiko dr\u0117gm\u0119. Didel\u0117s molekulin\u0117s mas\u0117s hialurono r\u016bg\u0161tis sulaiko vanden\u012f vir\u0161utiniame, raginiame odos sluoksnyje.<\/p>\n<p data-start=\"1746\" data-end=\"1763\"><strong data-start=\"1746\" data-end=\"1756\">T\u016bris:<\/strong> 1 vnt.<\/p>\n","protected":false},"excerpt":{"rendered":"<p data-start=\"2138\" data-end=\"2157\">Atjauninamoji kauk\u0117<\/p>\n<h2 data-start=\"2159\" data-end=\"2204\"><strong data-start=\"2159\" data-end=\"2204\">Reviderm &#8211; Skin Rejuvenation Mask Savyb\u0117s<\/strong><\/h2>\n<p data-start=\"2206\" data-end=\"2445\">\u2714\ufe0f Lygina mimikos rauk\u0161les<br data-start=\"2232\" data-end=\"2235\" \/>\u2714\ufe0f Didina odos stangrum\u0105 ir elastingum\u0105<br data-start=\"2274\" data-end=\"2277\" \/>\u2714\ufe0f Padeda i\u0161vengti nauj\u0173 rauk\u0161li\u0173 susidarymo<br data-start=\"2321\" data-end=\"2324\" \/>\u2714\ufe0f Dr\u0117kina tiek giliuosius, tiek pavir\u0161inius odos sluoksnius<br data-start=\"2384\" data-end=\"2387\" \/>\u2714\ufe0f Suteikia odai pastebimai lygesn\u0119 ir gaivesn\u0119 i\u0161vaizd\u0105<\/p>\n","protected":false},"featured_media":64062,"template":"","meta":[],"pwb-brand":[704],"product_brand":[],"product_cat":[738,726,750],"product_tag":[],"giftcard-category":[],"class_list":{"0":"post-73655","1":"product","2":"type-product","3":"status-publish","4":"has-post-thumbnail","6":"pwb-brand-reviderm","7":"product_cat-drekinimas","8":"product_cat-maskas-lt","9":"product_cat-senstanti-oda","11":"first","12":"instock","13":"taxable","14":"shipping-taxable","15":"purchasable","16":"product-type-simple"},"acf":[],"brands":[{"id":704,"name":"Reviderm","slug":"reviderm"}],"_links":{"self":[{"href":"https:\/\/skinstudio.ee\/lt\/wp-json\/wp\/v2\/product\/73655","targetHints":{"allow":["GET"]}}],"collection":[{"href":"https:\/\/skinstudio.ee\/lt\/wp-json\/wp\/v2\/product"}],"about":[{"href":"https:\/\/skinstudio.ee\/lt\/wp-json\/wp\/v2\/types\/product"}],"version-history":[{"count":2,"href":"https:\/\/skinstudio.ee\/lt\/wp-json\/wp\/v2\/product\/73655\/revisions"}],"predecessor-version":[{"id":73657,"href":"https:\/\/skinstudio.ee\/lt\/wp-json\/wp\/v2\/product\/73655\/revisions\/73657"}],"wp:featuredmedia":[{"embeddable":true,"href":"https:\/\/skinstudio.ee\/lt\/wp-json\/wp\/v2\/media\/64062"}],"wp:attachment":[{"href":"https:\/\/skinstudio.ee\/lt\/wp-json\/wp\/v2\/media?parent=73655"}],"wp:term":[{"taxonomy":"pwb-brand","embeddable":true,"href":"https:\/\/skinstudio.ee\/lt\/wp-json\/wp\/v2\/pwb-brand?post=73655"},{"taxonomy":"product_brand","embeddable":true,"href":"https:\/\/skinstudio.ee\/lt\/wp-json\/wp\/v2\/product_brand?post=73655"},{"taxonomy":"product_cat","embeddable":true,"href":"https:\/\/skinstudio.ee\/lt\/wp-json\/wp\/v2\/product_cat?post=73655"},{"taxonomy":"product_tag","embeddable":true,"href":"https:\/\/skinstudio.ee\/lt\/wp-json\/wp\/v2\/product_tag?post=73655"},{"taxonomy":"giftcard-category","embeddable":true,"href":"https:\/\/skinstudio.ee\/lt\/wp-json\/wp\/v2\/giftcard-category?post=73655"}],"curies":[{"name":"wp","href":"https:\/\/api.w.org\/{rel}","templated":true}]}}