{"id":73663,"date":"2025-07-17T08:55:59","date_gmt":"2025-07-17T08:55:59","guid":{"rendered":"https:\/\/skinstudio.ee\/?post_type=product&#038;p=73663"},"modified":"2026-01-21T13:57:29","modified_gmt":"2026-01-21T13:57:29","slug":"aha-peeling-pads","status":"publish","type":"product","link":"https:\/\/skinstudio.ee\/lt\/catalog\/reviderm\/aha-peeling-pads\/","title":{"rendered":"AHA Peeling Pads"},"content":{"rendered":"<p data-start=\"774\" data-end=\"1026\">AHA r\u016bg\u0161timis prisotintos servet\u0117l\u0117s odos \u0161veitimui ir atnaujinimui \u0161velniai veikia, pa\u0161alina hiperkeratoz\u0119, gerina ir glotnina od\u0105. Jos padeda i\u0161vengti pigmentini\u0173 d\u0117mi\u0173 atsiradimo, ma\u017eina rauk\u0161li\u0173 ry\u0161kum\u0105 ir teigiamai veikia riebalini\u0173 liauk\u0173 veikl\u0105.<\/p>\n<p data-start=\"1028\" data-end=\"1046\"><strong data-start=\"1028\" data-end=\"1038\">T\u016bris:<\/strong> 28 vnt.<\/p>\n","protected":false},"excerpt":{"rendered":"<p data-start=\"1129\" data-end=\"1182\">AHA r\u016bg\u0161\u010di\u0173 servet\u0117l\u0117s odos \u0161veitimui ir atnaujinimui<\/p>\n<h2 data-start=\"1184\" data-end=\"1223\"><strong data-start=\"1184\" data-end=\"1223\">Reviderm &#8211; AHA Peeling Pads Savyb\u0117s<\/strong><\/h2>\n<p data-start=\"1225\" data-end=\"1453\">\u2714\ufe0f Efektyviai pa\u0161alina negyvas odos l\u0105steles<br data-start=\"1269\" data-end=\"1272\" \/>\u2714\ufe0f I\u0161lygina odos atspalv\u012f ir ma\u017eina pigmentacij\u0105<br data-start=\"1320\" data-end=\"1323\" \/>\u2714\ufe0f Suteikia odai glotnumo ir spindesio<br data-start=\"1361\" data-end=\"1364\" \/>\u2714\ufe0f Skatina l\u0105steli\u0173 atsinaujinim\u0105<br data-start=\"1397\" data-end=\"1400\" \/>\u2714\ufe0f Nei\u0161sausina odos ir tinka reguliariam naudojimui<\/p>\n","protected":false},"featured_media":64068,"template":"","meta":[],"pwb-brand":[704],"product_brand":[],"product_cat":[742,750,752,720,722],"product_tag":[],"giftcard-category":[],"class_list":{"0":"post-73663","1":"product","2":"type-product","3":"status-publish","4":"has-post-thumbnail","6":"pwb-brand-reviderm","7":"product_cat-akne","8":"product_cat-odos-senejimas","9":"product_cat-pigmentacija","10":"product_cat-sveitikliai-ir-pilingai","11":"product_cat-tonikai","13":"first","14":"instock","15":"taxable","16":"shipping-taxable","17":"purchasable","18":"product-type-simple"},"acf":[],"brands":[{"id":704,"name":"Reviderm","slug":"reviderm"}],"_links":{"self":[{"href":"https:\/\/skinstudio.ee\/lt\/wp-json\/wp\/v2\/product\/73663","targetHints":{"allow":["GET"]}}],"collection":[{"href":"https:\/\/skinstudio.ee\/lt\/wp-json\/wp\/v2\/product"}],"about":[{"href":"https:\/\/skinstudio.ee\/lt\/wp-json\/wp\/v2\/types\/product"}],"version-history":[{"count":1,"href":"https:\/\/skinstudio.ee\/lt\/wp-json\/wp\/v2\/product\/73663\/revisions"}],"predecessor-version":[{"id":73664,"href":"https:\/\/skinstudio.ee\/lt\/wp-json\/wp\/v2\/product\/73663\/revisions\/73664"}],"wp:featuredmedia":[{"embeddable":true,"href":"https:\/\/skinstudio.ee\/lt\/wp-json\/wp\/v2\/media\/64068"}],"wp:attachment":[{"href":"https:\/\/skinstudio.ee\/lt\/wp-json\/wp\/v2\/media?parent=73663"}],"wp:term":[{"taxonomy":"pwb-brand","embeddable":true,"href":"https:\/\/skinstudio.ee\/lt\/wp-json\/wp\/v2\/pwb-brand?post=73663"},{"taxonomy":"product_brand","embeddable":true,"href":"https:\/\/skinstudio.ee\/lt\/wp-json\/wp\/v2\/product_brand?post=73663"},{"taxonomy":"product_cat","embeddable":true,"href":"https:\/\/skinstudio.ee\/lt\/wp-json\/wp\/v2\/product_cat?post=73663"},{"taxonomy":"product_tag","embeddable":true,"href":"https:\/\/skinstudio.ee\/lt\/wp-json\/wp\/v2\/product_tag?post=73663"},{"taxonomy":"giftcard-category","embeddable":true,"href":"https:\/\/skinstudio.ee\/lt\/wp-json\/wp\/v2\/giftcard-category?post=73663"}],"curies":[{"name":"wp","href":"https:\/\/api.w.org\/{rel}","templated":true}]}}