{"id":73670,"date":"2025-07-17T08:00:04","date_gmt":"2025-07-17T08:00:04","guid":{"rendered":"https:\/\/skinstudio.ee\/?post_type=product&#038;p=73670"},"modified":"2026-01-21T13:57:30","modified_gmt":"2026-01-21T13:57:30","slug":"enzyme-peeling-liquid","status":"publish","type":"product","link":"https:\/\/skinstudio.ee\/lt\/catalog\/reviderm\/enzyme-peeling-liquid\/","title":{"rendered":"Enzyme Peeling Liquid"},"content":{"rendered":"<p data-start=\"1711\" data-end=\"2021\">\u0160is skystas fermentinis pilingas skirtas greitai pa\u0161alinti negyvas odos l\u0105steles ir i\u0161lyginti odos tekst\u016br\u0105. Jis stimuliuoja l\u0105steli\u0173 atsinaujinim\u0105 ir pagerina odos geb\u0117jim\u0105 \u012fsisavinti v\u0117liau naudojam\u0173 prie\u017ei\u016bros priemoni\u0173 aktyvi\u0105sias med\u017eiagas. Oda i\u0161valoma, tampa lygesn\u0117, o veido spalva pastebimai pager\u0117ja.<\/p>\n<p data-start=\"2023\" data-end=\"2039\"><strong data-start=\"2023\" data-end=\"2033\">T\u016bris:<\/strong> 50 ml<\/p>\n","protected":false},"excerpt":{"rendered":"<p data-start=\"2369\" data-end=\"2441\">\u0160velnus fermentinis pilingas \u0161velniam, bet veiksmingam odos atnaujinimui<\/p>\n<h2 data-start=\"2443\" data-end=\"2487\"><strong data-start=\"2443\" data-end=\"2487\">Reviderm &#8211; Enzyme Peeling Liquid Savyb\u0117s<\/strong><\/h2>\n<p data-start=\"2489\" data-end=\"2695\">\u2714\ufe0f \u0160velniai pa\u0161alina negyvas odos l\u0105steles<br data-start=\"2531\" data-end=\"2534\" \/>\u2714\ufe0f Skatina nat\u016bral\u0173 odos atsinaujinim\u0105<br data-start=\"2572\" data-end=\"2575\" \/>\u2714\ufe0f Gerina odos tekst\u016br\u0105 ir veido spalv\u0105<br data-start=\"2614\" data-end=\"2617\" \/>\u2714\ufe0f Tinka net jautriai odai<br data-start=\"2643\" data-end=\"2646\" \/>\u2714\ufe0f Sud\u0117tyje n\u0117ra abrazyvini\u0173 daleli\u0173 ir r\u016bg\u0161\u010di\u0173<\/p>\n","protected":false},"featured_media":39082,"template":"","meta":[],"pwb-brand":[704],"product_brand":[],"product_cat":[720],"product_tag":[],"giftcard-category":[],"class_list":{"0":"post-73670","1":"product","2":"type-product","3":"status-publish","4":"has-post-thumbnail","6":"pwb-brand-reviderm","7":"product_cat-sveitikliai-ir-pilingai","9":"first","10":"instock","11":"taxable","12":"shipping-taxable","13":"purchasable","14":"product-type-simple"},"acf":[],"brands":[{"id":704,"name":"Reviderm","slug":"reviderm"}],"_links":{"self":[{"href":"https:\/\/skinstudio.ee\/lt\/wp-json\/wp\/v2\/product\/73670","targetHints":{"allow":["GET"]}}],"collection":[{"href":"https:\/\/skinstudio.ee\/lt\/wp-json\/wp\/v2\/product"}],"about":[{"href":"https:\/\/skinstudio.ee\/lt\/wp-json\/wp\/v2\/types\/product"}],"version-history":[{"count":1,"href":"https:\/\/skinstudio.ee\/lt\/wp-json\/wp\/v2\/product\/73670\/revisions"}],"predecessor-version":[{"id":73671,"href":"https:\/\/skinstudio.ee\/lt\/wp-json\/wp\/v2\/product\/73670\/revisions\/73671"}],"wp:featuredmedia":[{"embeddable":true,"href":"https:\/\/skinstudio.ee\/lt\/wp-json\/wp\/v2\/media\/39082"}],"wp:attachment":[{"href":"https:\/\/skinstudio.ee\/lt\/wp-json\/wp\/v2\/media?parent=73670"}],"wp:term":[{"taxonomy":"pwb-brand","embeddable":true,"href":"https:\/\/skinstudio.ee\/lt\/wp-json\/wp\/v2\/pwb-brand?post=73670"},{"taxonomy":"product_brand","embeddable":true,"href":"https:\/\/skinstudio.ee\/lt\/wp-json\/wp\/v2\/product_brand?post=73670"},{"taxonomy":"product_cat","embeddable":true,"href":"https:\/\/skinstudio.ee\/lt\/wp-json\/wp\/v2\/product_cat?post=73670"},{"taxonomy":"product_tag","embeddable":true,"href":"https:\/\/skinstudio.ee\/lt\/wp-json\/wp\/v2\/product_tag?post=73670"},{"taxonomy":"giftcard-category","embeddable":true,"href":"https:\/\/skinstudio.ee\/lt\/wp-json\/wp\/v2\/giftcard-category?post=73670"}],"curies":[{"name":"wp","href":"https:\/\/api.w.org\/{rel}","templated":true}]}}