{"id":73677,"date":"2025-07-15T13:38:45","date_gmt":"2025-07-15T13:38:45","guid":{"rendered":"https:\/\/skinstudio.ee\/?post_type=product&#038;p=73677"},"modified":"2026-01-21T13:57:28","modified_gmt":"2026-01-21T13:57:28","slug":"2-clean-eye","status":"publish","type":"product","link":"https:\/\/skinstudio.ee\/lt\/catalog\/reviderm\/2-clean-eye\/","title":{"rendered":"2 Clean Eye"},"content":{"rendered":"<p data-start=\"1222\" data-end=\"1588\">\u0160velnios veikliosios med\u017eiagos lengvai ir visi\u0161kai pa\u0161alina net vandeniui atspar\u0173 aki\u0173 makia\u017e\u0105. Pri\u017ei\u016brin\u010dios sudedamosios dalys tuo pa\u010diu ramina jautri\u0105 od\u0105 aplink akis ir u\u017etikrina intensyv\u0173 dr\u0117kinim\u0105. \u0160is dvifazis produktas idealiai tinka jautrioms akims ir kontaktini\u0173 l\u0119\u0161i\u0173 ne\u0161iotojams.<br data-start=\"1513\" data-end=\"1516\" \/><strong data-start=\"1516\" data-end=\"1529\">Poveikis:<\/strong> losjonas pa\u0161alina aki\u0173 makia\u017e\u0105 be liku\u010di\u0173 ir be dirginimo.<\/p>\n<p data-start=\"1590\" data-end=\"1607\"><strong data-start=\"1590\" data-end=\"1600\">T\u016bris:<\/strong> 125 ml<\/p>\n","protected":false},"excerpt":{"rendered":"<p data-start=\"1755\" data-end=\"1835\">Dvifaz\u0117 priemon\u0117 vandeniui atspariam makia\u017eui pa\u0161alinti ir aki\u0173 zonos prie\u017ei\u016brai<\/p>\n<h2 data-start=\"1837\" data-end=\"1871\"><strong data-start=\"1837\" data-end=\"1871\">REVIDERM &#8211; 2 Clean Eye Savyb\u0117s<\/strong><\/h2>\n<p data-start=\"1873\" data-end=\"2055\">\u2714\ufe0f Pa\u0161alina vandeniui atspar\u0173 makia\u017e\u0105<br data-start=\"1910\" data-end=\"1913\" \/>\u2714\ufe0f Pa\u0161alina visus ne\u0161varumus<br data-start=\"1941\" data-end=\"1944\" \/>\u2714\ufe0f Palieka od\u0105 \u0161velni\u0105 ir mink\u0161t\u0105<br data-start=\"1977\" data-end=\"1980\" \/>\u2714\ufe0f Padeda i\u0161laikyti jaunatvi\u0161k\u0105 odos i\u0161vaizd\u0105<br data-start=\"2025\" data-end=\"2028\" \/>\u2714\ufe0f Suteikia matin\u012f efekt\u0105<\/p>\n","protected":false},"featured_media":39022,"template":"","meta":[],"pwb-brand":[704],"product_brand":[],"product_cat":[734,718],"product_tag":[],"giftcard-category":[],"class_list":{"0":"post-73677","1":"product","2":"type-product","3":"status-publish","4":"has-post-thumbnail","6":"pwb-brand-reviderm","7":"product_cat-oda-aplink-akis","8":"product_cat-valymas","10":"first","11":"instock","12":"taxable","13":"shipping-taxable","14":"purchasable","15":"product-type-simple"},"acf":[],"brands":[{"id":704,"name":"Reviderm","slug":"reviderm"}],"_links":{"self":[{"href":"https:\/\/skinstudio.ee\/lt\/wp-json\/wp\/v2\/product\/73677","targetHints":{"allow":["GET"]}}],"collection":[{"href":"https:\/\/skinstudio.ee\/lt\/wp-json\/wp\/v2\/product"}],"about":[{"href":"https:\/\/skinstudio.ee\/lt\/wp-json\/wp\/v2\/types\/product"}],"version-history":[{"count":1,"href":"https:\/\/skinstudio.ee\/lt\/wp-json\/wp\/v2\/product\/73677\/revisions"}],"predecessor-version":[{"id":73678,"href":"https:\/\/skinstudio.ee\/lt\/wp-json\/wp\/v2\/product\/73677\/revisions\/73678"}],"wp:featuredmedia":[{"embeddable":true,"href":"https:\/\/skinstudio.ee\/lt\/wp-json\/wp\/v2\/media\/39022"}],"wp:attachment":[{"href":"https:\/\/skinstudio.ee\/lt\/wp-json\/wp\/v2\/media?parent=73677"}],"wp:term":[{"taxonomy":"pwb-brand","embeddable":true,"href":"https:\/\/skinstudio.ee\/lt\/wp-json\/wp\/v2\/pwb-brand?post=73677"},{"taxonomy":"product_brand","embeddable":true,"href":"https:\/\/skinstudio.ee\/lt\/wp-json\/wp\/v2\/product_brand?post=73677"},{"taxonomy":"product_cat","embeddable":true,"href":"https:\/\/skinstudio.ee\/lt\/wp-json\/wp\/v2\/product_cat?post=73677"},{"taxonomy":"product_tag","embeddable":true,"href":"https:\/\/skinstudio.ee\/lt\/wp-json\/wp\/v2\/product_tag?post=73677"},{"taxonomy":"giftcard-category","embeddable":true,"href":"https:\/\/skinstudio.ee\/lt\/wp-json\/wp\/v2\/giftcard-category?post=73677"}],"curies":[{"name":"wp","href":"https:\/\/api.w.org\/{rel}","templated":true}]}}