{"id":73684,"date":"2025-07-15T11:54:43","date_gmt":"2025-07-15T11:54:43","guid":{"rendered":"https:\/\/skinstudio.ee\/?post_type=product&#038;p=73684"},"modified":"2026-01-21T13:57:33","modified_gmt":"2026-01-21T13:57:33","slug":"purifying-gel","status":"publish","type":"product","link":"https:\/\/skinstudio.ee\/lt\/catalog\/reviderm\/purifying-gel\/","title":{"rendered":"Purifying Gel"},"content":{"rendered":"<p data-start=\"1330\" data-end=\"1554\">Specialiai sukurta valomojo gelio formul\u0117 reguliuoja riebal\u0173 i\u0161siskyrim\u0105, padeda i\u0161vengti u\u017edegim\u0173 ir ma\u017eina rieb\u0173 blizges\u012f. Priemon\u0117 \u0161velniai valo od\u0105 nuo ne\u0161varum\u0173 ir makia\u017eo bei atkuria odos pusiausvyr\u0105. Nei\u0161sausina odos.<\/p>\n<p data-start=\"1556\" data-end=\"1573\"><strong data-start=\"1556\" data-end=\"1566\">T\u016bris:<\/strong> 200 ml<\/p>\n","protected":false},"excerpt":{"rendered":"<p data-start=\"1787\" data-end=\"1830\">Valomasis gelis riebiai ir probleminei odai<\/p>\n<h2 data-start=\"1832\" data-end=\"1868\"><strong data-start=\"1832\" data-end=\"1868\">Reviderm &#8211; Purifying Gel Savyb\u0117s<\/strong><\/h2>\n<p data-start=\"1870\" data-end=\"2104\">\u2714\ufe0f Efektyviai valo od\u0105 nuo ne\u0161varum\u0173 ir perteklinio sebumo<br data-start=\"1928\" data-end=\"1931\" \/>\u2714\ufe0f Padeda i\u0161vengti u\u017edegim\u0173 ir akn\u0117s<br data-start=\"1967\" data-end=\"1970\" \/>\u2714\ufe0f Reguliuoja riebalini\u0173 liauk\u0173 veikl\u0105<br data-start=\"2008\" data-end=\"2011\" \/>\u2714\ufe0f Pasi\u017eymi prie\u0161u\u017edegiminiu ir antibakteriniu poveikiu<br data-start=\"2066\" data-end=\"2069\" \/>\u2714\ufe0f Ramina od\u0105 ir ma\u017eina paraudim\u0105<\/p>\n","protected":false},"featured_media":38940,"template":"","meta":[],"pwb-brand":[704],"product_brand":[],"product_cat":[742,748,718],"product_tag":[],"giftcard-category":[],"class_list":{"0":"post-73684","1":"product","2":"type-product","3":"status-publish","4":"has-post-thumbnail","6":"pwb-brand-reviderm","7":"product_cat-berimai","8":"product_cat-taukainai-adai-lt","9":"product_cat-valymas","11":"first","12":"instock","13":"taxable","14":"shipping-taxable","15":"purchasable","16":"product-type-simple"},"acf":[],"brands":[{"id":704,"name":"Reviderm","slug":"reviderm"}],"_links":{"self":[{"href":"https:\/\/skinstudio.ee\/lt\/wp-json\/wp\/v2\/product\/73684","targetHints":{"allow":["GET"]}}],"collection":[{"href":"https:\/\/skinstudio.ee\/lt\/wp-json\/wp\/v2\/product"}],"about":[{"href":"https:\/\/skinstudio.ee\/lt\/wp-json\/wp\/v2\/types\/product"}],"version-history":[{"count":1,"href":"https:\/\/skinstudio.ee\/lt\/wp-json\/wp\/v2\/product\/73684\/revisions"}],"predecessor-version":[{"id":73685,"href":"https:\/\/skinstudio.ee\/lt\/wp-json\/wp\/v2\/product\/73684\/revisions\/73685"}],"wp:featuredmedia":[{"embeddable":true,"href":"https:\/\/skinstudio.ee\/lt\/wp-json\/wp\/v2\/media\/38940"}],"wp:attachment":[{"href":"https:\/\/skinstudio.ee\/lt\/wp-json\/wp\/v2\/media?parent=73684"}],"wp:term":[{"taxonomy":"pwb-brand","embeddable":true,"href":"https:\/\/skinstudio.ee\/lt\/wp-json\/wp\/v2\/pwb-brand?post=73684"},{"taxonomy":"product_brand","embeddable":true,"href":"https:\/\/skinstudio.ee\/lt\/wp-json\/wp\/v2\/product_brand?post=73684"},{"taxonomy":"product_cat","embeddable":true,"href":"https:\/\/skinstudio.ee\/lt\/wp-json\/wp\/v2\/product_cat?post=73684"},{"taxonomy":"product_tag","embeddable":true,"href":"https:\/\/skinstudio.ee\/lt\/wp-json\/wp\/v2\/product_tag?post=73684"},{"taxonomy":"giftcard-category","embeddable":true,"href":"https:\/\/skinstudio.ee\/lt\/wp-json\/wp\/v2\/giftcard-category?post=73684"}],"curies":[{"name":"wp","href":"https:\/\/api.w.org\/{rel}","templated":true}]}}