{"id":73692,"date":"2025-07-15T11:41:54","date_gmt":"2025-07-15T11:41:54","guid":{"rendered":"https:\/\/skinstudio.ee\/?post_type=product&#038;p=73692"},"modified":"2026-01-21T13:57:34","modified_gmt":"2026-01-21T13:57:34","slug":"thermal-tonic","status":"publish","type":"product","link":"https:\/\/skinstudio.ee\/lt\/catalog\/reviderm\/thermal-tonic\/","title":{"rendered":"Thermal Tonic"},"content":{"rendered":"<p data-start=\"1192\" data-end=\"1507\">Tonikas sukurtas mineralais ir mikroelementais turtingo terminio vandens pagrindu, didina odos atsparum\u0105, akimirksniu atkuria odos pH balans\u0105, stimuliuoja pa\u010dios odos ferment\u0173 veikl\u0105, pasi\u017eymi antioksidaciniu poveikiu ir palaiko nat\u016bralius l\u0105steli\u0173 atsinaujinimo procesus. Oda tampa sudr\u0117kinta, \u0161velni ir elastinga.<\/p>\n<p data-start=\"1509\" data-end=\"1526\"><strong data-start=\"1509\" data-end=\"1519\">T\u016bris:<\/strong> 200 ml<\/p>\n","protected":false},"excerpt":{"rendered":"<p data-start=\"1653\" data-end=\"1693\">Raminamasis tonikas su terminiu vandeniu<\/p>\n<h2 data-start=\"1695\" data-end=\"1731\"><strong data-start=\"1695\" data-end=\"1731\">Reviderm &#8211; Thermal Tonic Savyb\u0117s<\/strong><\/h2>\n<p data-start=\"1733\" data-end=\"2001\">\u2714\ufe0f Atkuria nat\u016bral\u0173 odos pH balans\u0105 po valymo<br data-start=\"1778\" data-end=\"1781\" \/>\u2714\ufe0f Ramina sudirgusi\u0105 ir jautri\u0105 od\u0105<br data-start=\"1816\" data-end=\"1819\" \/>\u2714\ufe0f Sud\u0117tyje yra terminio vandens, turtingo mineralais ir mikroelementais<br data-start=\"1891\" data-end=\"1894\" \/>\u2714\ufe0f Stiprina apsaugin\u012f odos barjer\u0105 ir didina jos atsparum\u0105<br data-start=\"1952\" data-end=\"1955\" \/>\u2714\ufe0f Palieka od\u0105 mink\u0161t\u0105, gaivi\u0105 ir sudr\u0117kint\u0105<\/p>\n","protected":false},"featured_media":38934,"template":"","meta":[],"pwb-brand":[704],"product_brand":[],"product_cat":[738,722],"product_tag":[],"giftcard-category":[],"class_list":{"0":"post-73692","1":"product","2":"type-product","3":"status-publish","4":"has-post-thumbnail","6":"pwb-brand-reviderm","7":"product_cat-drekinimas","8":"product_cat-toneriai","10":"first","11":"instock","12":"taxable","13":"shipping-taxable","14":"purchasable","15":"product-type-simple"},"acf":[],"brands":[{"id":704,"name":"Reviderm","slug":"reviderm"}],"_links":{"self":[{"href":"https:\/\/skinstudio.ee\/lt\/wp-json\/wp\/v2\/product\/73692","targetHints":{"allow":["GET"]}}],"collection":[{"href":"https:\/\/skinstudio.ee\/lt\/wp-json\/wp\/v2\/product"}],"about":[{"href":"https:\/\/skinstudio.ee\/lt\/wp-json\/wp\/v2\/types\/product"}],"version-history":[{"count":1,"href":"https:\/\/skinstudio.ee\/lt\/wp-json\/wp\/v2\/product\/73692\/revisions"}],"predecessor-version":[{"id":73693,"href":"https:\/\/skinstudio.ee\/lt\/wp-json\/wp\/v2\/product\/73692\/revisions\/73693"}],"wp:featuredmedia":[{"embeddable":true,"href":"https:\/\/skinstudio.ee\/lt\/wp-json\/wp\/v2\/media\/38934"}],"wp:attachment":[{"href":"https:\/\/skinstudio.ee\/lt\/wp-json\/wp\/v2\/media?parent=73692"}],"wp:term":[{"taxonomy":"pwb-brand","embeddable":true,"href":"https:\/\/skinstudio.ee\/lt\/wp-json\/wp\/v2\/pwb-brand?post=73692"},{"taxonomy":"product_brand","embeddable":true,"href":"https:\/\/skinstudio.ee\/lt\/wp-json\/wp\/v2\/product_brand?post=73692"},{"taxonomy":"product_cat","embeddable":true,"href":"https:\/\/skinstudio.ee\/lt\/wp-json\/wp\/v2\/product_cat?post=73692"},{"taxonomy":"product_tag","embeddable":true,"href":"https:\/\/skinstudio.ee\/lt\/wp-json\/wp\/v2\/product_tag?post=73692"},{"taxonomy":"giftcard-category","embeddable":true,"href":"https:\/\/skinstudio.ee\/lt\/wp-json\/wp\/v2\/giftcard-category?post=73692"}],"curies":[{"name":"wp","href":"https:\/\/api.w.org\/{rel}","templated":true}]}}