{"id":73700,"date":"2025-07-15T11:31:15","date_gmt":"2025-07-15T11:31:15","guid":{"rendered":"https:\/\/skinstudio.ee\/?post_type=product&#038;p=73700"},"modified":"2026-01-21T13:57:29","modified_gmt":"2026-01-21T13:57:29","slug":"cleansing-milk","status":"publish","type":"product","link":"https:\/\/skinstudio.ee\/lt\/catalog\/reviderm\/cleansing-milk\/","title":{"rendered":"Cleansing Milk"},"content":{"rendered":"<p data-start=\"1477\" data-end=\"1822\">Sausa, plona ir dehidratuota oda ypa\u010d reikalauja \u0161velnaus valymo. Betainas ir hidrolizuotas kolagenas kruop\u0161\u010diai pa\u0161alina ne\u0161varumus ir makia\u017eo liku\u010dius, nepa\u017eeisdami nat\u016bralaus odos apsauginio barjero. Taip pat tinka jautriai aki\u0173 srities odai. Valomasis pienelis intensyviai dr\u0117kina ir po prausimosi suteikia odai \u0161velnumo bei glotnumo poj\u016bt\u012f.<\/p>\n<p data-start=\"1824\" data-end=\"1841\"><strong data-start=\"1824\" data-end=\"1834\">T\u016bris:<\/strong> 200 ml<\/p>\n","protected":false},"excerpt":{"rendered":"<p data-start=\"2076\" data-end=\"2133\">\u0160velnus valomasis pienelis delika\u010diam makia\u017eo pa\u0161alinimui<\/p>\n<h2 data-start=\"2135\" data-end=\"2172\"><strong data-start=\"2135\" data-end=\"2172\">Reviderm &#8211; Cleansing Milk Savyb\u0117s<\/strong><\/h2>\n<p data-start=\"2174\" data-end=\"2424\">\u2714\ufe0f \u0160velniai pa\u0161alina makia\u017e\u0105, ne\u0161varumus ir perteklin\u012f sebum\u0105<br data-start=\"2235\" data-end=\"2238\" \/>\u2714\ufe0f Tinka jautriai ir sausai odai<br data-start=\"2270\" data-end=\"2273\" \/>\u2714\ufe0f Ramina sudirgimus ir stiprina apsaugin\u012f odos barjer\u0105<br data-start=\"2328\" data-end=\"2331\" \/>\u2714\ufe0f Nepa\u017eeid\u017eia nat\u016bralaus odos pH balanso<br data-start=\"2372\" data-end=\"2375\" \/>\u2714\ufe0f Suteikia \u0161varos, \u0161velnumo ir komforto poj\u016bt\u012f<\/p>\n","protected":false},"featured_media":73768,"template":"","meta":[],"pwb-brand":[704],"product_brand":[],"product_cat":[718],"product_tag":[],"giftcard-category":[],"class_list":{"0":"post-73700","1":"product","2":"type-product","3":"status-publish","4":"has-post-thumbnail","6":"pwb-brand-reviderm","7":"product_cat-valymas","9":"first","10":"instock","11":"taxable","12":"shipping-taxable","13":"purchasable","14":"product-type-simple"},"acf":[],"brands":[{"id":704,"name":"Reviderm","slug":"reviderm"}],"_links":{"self":[{"href":"https:\/\/skinstudio.ee\/lt\/wp-json\/wp\/v2\/product\/73700","targetHints":{"allow":["GET"]}}],"collection":[{"href":"https:\/\/skinstudio.ee\/lt\/wp-json\/wp\/v2\/product"}],"about":[{"href":"https:\/\/skinstudio.ee\/lt\/wp-json\/wp\/v2\/types\/product"}],"version-history":[{"count":1,"href":"https:\/\/skinstudio.ee\/lt\/wp-json\/wp\/v2\/product\/73700\/revisions"}],"predecessor-version":[{"id":73701,"href":"https:\/\/skinstudio.ee\/lt\/wp-json\/wp\/v2\/product\/73700\/revisions\/73701"}],"wp:featuredmedia":[{"embeddable":true,"href":"https:\/\/skinstudio.ee\/lt\/wp-json\/wp\/v2\/media\/73768"}],"wp:attachment":[{"href":"https:\/\/skinstudio.ee\/lt\/wp-json\/wp\/v2\/media?parent=73700"}],"wp:term":[{"taxonomy":"pwb-brand","embeddable":true,"href":"https:\/\/skinstudio.ee\/lt\/wp-json\/wp\/v2\/pwb-brand?post=73700"},{"taxonomy":"product_brand","embeddable":true,"href":"https:\/\/skinstudio.ee\/lt\/wp-json\/wp\/v2\/product_brand?post=73700"},{"taxonomy":"product_cat","embeddable":true,"href":"https:\/\/skinstudio.ee\/lt\/wp-json\/wp\/v2\/product_cat?post=73700"},{"taxonomy":"product_tag","embeddable":true,"href":"https:\/\/skinstudio.ee\/lt\/wp-json\/wp\/v2\/product_tag?post=73700"},{"taxonomy":"giftcard-category","embeddable":true,"href":"https:\/\/skinstudio.ee\/lt\/wp-json\/wp\/v2\/giftcard-category?post=73700"}],"curies":[{"name":"wp","href":"https:\/\/api.w.org\/{rel}","templated":true}]}}