{"id":73710,"date":"2025-07-15T10:57:59","date_gmt":"2025-07-15T10:57:59","guid":{"rendered":"https:\/\/skinstudio.ee\/?post_type=product&#038;p=73710"},"modified":"2026-01-21T13:57:31","modified_gmt":"2026-01-21T13:57:31","slug":"neck-decolette-contouring","status":"publish","type":"product","link":"https:\/\/skinstudio.ee\/lt\/catalog\/reviderm\/neck-decolette-contouring\/","title":{"rendered":"Neck &#038; Decolette Contouring"},"content":{"rendered":"<p data-start=\"2195\" data-end=\"2661\">Specialus aktyvus produktas kaklo ir dekolt\u0117 zonai Neck &amp; Decolette Contouring\u00a0efektyviai stangrina od\u0105, gr\u0105\u017eina jai elastingum\u0105 ir koreguoja sen\u0117jimo po\u017eymius. \u0160is prabangus, didelio efektyvumo kremas veikia prie\u0161 baltym\u0173 glikacij\u0105 ir padeda pasiekti lygi\u0105, stangri\u0105 kaklo ir dekolt\u0117 od\u0105. Anti-glycation formul\u0117 apsaugo nuo nepageidaujam\u0173 baltym\u0173 jungini\u0173 susidarymo, prailgina l\u0105steli\u0173 gyvavimo cikl\u0105 ir d\u0117l antioksidacinio poveikio ma\u017eina l\u0105steli\u0173 sen\u0117jim\u0105.<\/p>\n<p data-start=\"2663\" data-end=\"3074\">Veiklioji med\u017eiaga lupeolis komplekse 4D Lift &amp; Firm aktyvina \u0161ilumos \u0161oko baltym\u0105 odoje (HSP 47), kuris yra b\u016btina s\u0105lyga kokybi\u0161kai kolageno sintezei. Palmitoil-dipeptidas-5 gerina epidermio ir dermos tarpusavio s\u0105veik\u0105 ir didina odos tank\u012f, skatindamas kolageno gamyb\u0105, lygindamas ir stangrindamas od\u0105. J\u016brinis \u0161ilkas suteikia odai elastingumo, optimizuodamas keratino sintez\u0119 ir pagerindamas jos i\u0161vaizd\u0105.<\/p>\n<p data-start=\"3076\" data-end=\"3400\">Baltosios lubino baltymas, fermentuotas chlorel\u0117s dumbliais, saugo ir mink\u0161tina od\u0105, praturtina j\u0105 aminor\u016bg\u0161timis, vitaminais ir mineralais, skatina l\u0105steli\u0173 regeneracij\u0105 ir reguliuoja l\u0105steli\u0173 metabolizm\u0105. Produktai su AGF greitai ma\u017eina rauk\u0161les, l\u0117tina sen\u0117jimo procesus su ilgalaikiu poveikiu ir suteikia odai stangrumo.<\/p>\n<p data-start=\"3402\" data-end=\"3418\"><strong data-start=\"3402\" data-end=\"3412\">T\u016bris:<\/strong> 50 ml<\/p>\n","protected":false},"excerpt":{"rendered":"<p data-start=\"3547\" data-end=\"3591\">Stangrinamasis kremas kaklo ir dekolt\u0117 zonai<\/p>\n<h2 data-start=\"3593\" data-end=\"3643\"><strong data-start=\"3593\" data-end=\"3643\">Reviderm &#8211; Neck &amp; Decolette Contouring Savyb\u0117s<\/strong><\/h2>\n<p data-start=\"3645\" data-end=\"3884\">\u2714\ufe0f Didina kaklo ir dekolt\u0117 odos tank\u012f bei elastingum\u0105<br data-start=\"3698\" data-end=\"3701\" \/>\u2714\ufe0f Stangrina ir formuoja kont\u016brus<br data-start=\"3734\" data-end=\"3737\" \/>\u2714\ufe0f Ma\u017eina rauk\u0161les ir fotosen\u0117jimo po\u017eymius<br data-start=\"3780\" data-end=\"3783\" \/>\u2714\ufe0f Aktyvina l\u0105steli\u0173 atsinaujinim\u0105 ir kolageno sintez\u0119<br data-start=\"3837\" data-end=\"3840\" \/>\u2714\ufe0f Suteikia intensyv\u0173 dr\u0117kinim\u0105 ir apsaug\u0105<\/p>\n","protected":false},"featured_media":64094,"template":"","meta":[],"pwb-brand":[704],"product_brand":[],"product_cat":[736,738,758,750],"product_tag":[],"giftcard-category":[],"class_list":{"0":"post-73710","1":"product","2":"type-product","3":"status-publish","4":"has-post-thumbnail","6":"pwb-brand-reviderm","7":"product_cat-dekolte-sritis","8":"product_cat-drekinimas","9":"product_cat-kuno-prieziura","10":"product_cat-senstanti-oda","12":"first","13":"instock","14":"taxable","15":"shipping-taxable","16":"purchasable","17":"product-type-simple"},"acf":[],"brands":[{"id":704,"name":"Reviderm","slug":"reviderm"}],"_links":{"self":[{"href":"https:\/\/skinstudio.ee\/lt\/wp-json\/wp\/v2\/product\/73710","targetHints":{"allow":["GET"]}}],"collection":[{"href":"https:\/\/skinstudio.ee\/lt\/wp-json\/wp\/v2\/product"}],"about":[{"href":"https:\/\/skinstudio.ee\/lt\/wp-json\/wp\/v2\/types\/product"}],"version-history":[{"count":2,"href":"https:\/\/skinstudio.ee\/lt\/wp-json\/wp\/v2\/product\/73710\/revisions"}],"predecessor-version":[{"id":73712,"href":"https:\/\/skinstudio.ee\/lt\/wp-json\/wp\/v2\/product\/73710\/revisions\/73712"}],"wp:featuredmedia":[{"embeddable":true,"href":"https:\/\/skinstudio.ee\/lt\/wp-json\/wp\/v2\/media\/64094"}],"wp:attachment":[{"href":"https:\/\/skinstudio.ee\/lt\/wp-json\/wp\/v2\/media?parent=73710"}],"wp:term":[{"taxonomy":"pwb-brand","embeddable":true,"href":"https:\/\/skinstudio.ee\/lt\/wp-json\/wp\/v2\/pwb-brand?post=73710"},{"taxonomy":"product_brand","embeddable":true,"href":"https:\/\/skinstudio.ee\/lt\/wp-json\/wp\/v2\/product_brand?post=73710"},{"taxonomy":"product_cat","embeddable":true,"href":"https:\/\/skinstudio.ee\/lt\/wp-json\/wp\/v2\/product_cat?post=73710"},{"taxonomy":"product_tag","embeddable":true,"href":"https:\/\/skinstudio.ee\/lt\/wp-json\/wp\/v2\/product_tag?post=73710"},{"taxonomy":"giftcard-category","embeddable":true,"href":"https:\/\/skinstudio.ee\/lt\/wp-json\/wp\/v2\/giftcard-category?post=73710"}],"curies":[{"name":"wp","href":"https:\/\/api.w.org\/{rel}","templated":true}]}}