{"id":73718,"date":"2025-07-15T10:57:45","date_gmt":"2025-07-15T10:57:45","guid":{"rendered":"https:\/\/skinstudio.ee\/?post_type=product&#038;p=73718"},"modified":"2026-01-21T13:57:30","modified_gmt":"2026-01-21T13:57:30","slug":"express-lifting-mask","status":"publish","type":"product","link":"https:\/\/skinstudio.ee\/lt\/catalog\/reviderm\/express-lifting-mask\/","title":{"rendered":"Express Lifting Mask"},"content":{"rendered":"<p data-start=\"1402\" data-end=\"1751\">Stangrinamieji peptidai ir hialurono r\u016bg\u0161tis akimirksniu i\u0161lygina od\u0105. I\u0161skirtin\u0117 kauk\u0117s formul\u0117 veikia prie\u0161 kolageno skaidul\u0173 glikacijos proces\u0105 ir neigiam\u0105 laisv\u0173j\u0173 radikal\u0173 poveik\u012f, stiprina ir glotnina od\u0105. \u0160ilko baltymai suteikia odai \u0161velnumo ir \u0161ilkinio glotnumo. Vos per kelias minutes kauk\u0117 gr\u0105\u017eina odai apimt\u012f ir stangrina veido kont\u016brus.<\/p>\n<p data-start=\"1753\" data-end=\"1769\"><strong data-start=\"1753\" data-end=\"1763\">T\u016bris:<\/strong> 50 ml<\/p>\n","protected":false},"excerpt":{"rendered":"<p data-start=\"1944\" data-end=\"1985\">Gelio kauk\u0117 su momentiniu liftingo efektu<\/p>\n<h2 data-start=\"1987\" data-end=\"2030\"><strong data-start=\"1987\" data-end=\"2030\">Reviderm &#8211; Express Lifting Mask Savyb\u0117s<\/strong><\/h2>\n<p data-start=\"2032\" data-end=\"2306\">\u2714\ufe0f Suteikia momentin\u012f liftingo ir stangrinam\u0105j\u012f efekt\u0105<br data-start=\"2086\" data-end=\"2089\" \/>\u2714\ufe0f I\u0161lygina rauk\u0161les ir pagerina odos mikroreljef\u0105<br data-start=\"2139\" data-end=\"2142\" \/>\u2714\ufe0f Gerina kraujotak\u0105 ir suteikia odai sveiko \u0161vyt\u0117jimo<br data-start=\"2196\" data-end=\"2199\" \/>\u2714\ufe0f Stiprina odos strukt\u016br\u0105 ir didina jos tonus\u0105<br data-start=\"2246\" data-end=\"2249\" \/>\u2714\ufe0f Puikiai tinka kaip SOS priemon\u0117 prie\u0161 svarb\u0173 rengin\u012f<\/p>\n","protected":false},"featured_media":64099,"template":"","meta":[],"pwb-brand":[704],"product_brand":[],"product_cat":[738,726,750],"product_tag":[],"giftcard-category":[],"class_list":{"0":"post-73718","1":"product","2":"type-product","3":"status-publish","4":"has-post-thumbnail","6":"pwb-brand-reviderm","7":"product_cat-drekinimas","8":"product_cat-maskas-lt","9":"product_cat-senstanti-oda","11":"first","12":"instock","13":"taxable","14":"shipping-taxable","15":"purchasable","16":"product-type-simple"},"acf":[],"brands":[{"id":704,"name":"Reviderm","slug":"reviderm"}],"_links":{"self":[{"href":"https:\/\/skinstudio.ee\/lt\/wp-json\/wp\/v2\/product\/73718","targetHints":{"allow":["GET"]}}],"collection":[{"href":"https:\/\/skinstudio.ee\/lt\/wp-json\/wp\/v2\/product"}],"about":[{"href":"https:\/\/skinstudio.ee\/lt\/wp-json\/wp\/v2\/types\/product"}],"version-history":[{"count":1,"href":"https:\/\/skinstudio.ee\/lt\/wp-json\/wp\/v2\/product\/73718\/revisions"}],"predecessor-version":[{"id":73719,"href":"https:\/\/skinstudio.ee\/lt\/wp-json\/wp\/v2\/product\/73718\/revisions\/73719"}],"wp:featuredmedia":[{"embeddable":true,"href":"https:\/\/skinstudio.ee\/lt\/wp-json\/wp\/v2\/media\/64099"}],"wp:attachment":[{"href":"https:\/\/skinstudio.ee\/lt\/wp-json\/wp\/v2\/media?parent=73718"}],"wp:term":[{"taxonomy":"pwb-brand","embeddable":true,"href":"https:\/\/skinstudio.ee\/lt\/wp-json\/wp\/v2\/pwb-brand?post=73718"},{"taxonomy":"product_brand","embeddable":true,"href":"https:\/\/skinstudio.ee\/lt\/wp-json\/wp\/v2\/product_brand?post=73718"},{"taxonomy":"product_cat","embeddable":true,"href":"https:\/\/skinstudio.ee\/lt\/wp-json\/wp\/v2\/product_cat?post=73718"},{"taxonomy":"product_tag","embeddable":true,"href":"https:\/\/skinstudio.ee\/lt\/wp-json\/wp\/v2\/product_tag?post=73718"},{"taxonomy":"giftcard-category","embeddable":true,"href":"https:\/\/skinstudio.ee\/lt\/wp-json\/wp\/v2\/giftcard-category?post=73718"}],"curies":[{"name":"wp","href":"https:\/\/api.w.org\/{rel}","templated":true}]}}