{"id":73725,"date":"2025-07-15T10:21:41","date_gmt":"2025-07-15T10:21:41","guid":{"rendered":"https:\/\/skinstudio.ee\/?post_type=product&#038;p=73725"},"modified":"2026-01-21T13:57:31","modified_gmt":"2026-01-21T13:57:31","slug":"eye-contouring","status":"publish","type":"product","link":"https:\/\/skinstudio.ee\/lt\/catalog\/reviderm\/eye-contouring\/","title":{"rendered":"Eye Contouring"},"content":{"rendered":"<p data-start=\"1162\" data-end=\"1676\">I\u0161skirtin\u0117 kremo formul\u0117 veikia prie\u0161 kolageno skaidul\u0173 glikacijos proces\u0105 ir neutralizuoja laisv\u0173j\u0173 radikal\u0173 poveik\u012f. Nat\u016braliems odos lipidams identi\u0161ki lipidai suteikia paaki\u0173 odai daugiau stangrumo ir elastingumo. Kolagenas glotnina rauk\u0161les ir padeda i\u0161saugoti aki\u0173 srities gro\u017e\u012f bei jaunatvi\u0161kum\u0105. Patentinis aktyvi\u0173j\u0173 ingredient\u0173 kompleksas, sukurtas specialiai paaki\u0173 odai, gerina mikrocirkuliacij\u0105 ir padeda suma\u017einti tamsius ratilus po akimis. Aki\u0173 sritis atrodo lygesn\u0117, \u0161velnesn\u0117, gaivesn\u0117 ir \u0161vytinti.<\/p>\n<p data-start=\"1678\" data-end=\"1694\"><strong data-start=\"1678\" data-end=\"1688\">T\u016bris:<\/strong> 15 ml<\/p>\n","protected":false},"excerpt":{"rendered":"<p data-start=\"1752\" data-end=\"1788\">Stangrinamasis kremas paaki\u0173 sri\u010diai<\/p>\n<h2 data-start=\"1790\" data-end=\"1827\"><strong data-start=\"1790\" data-end=\"1827\">Reviderm &#8211; Eye Contouring Savyb\u0117s<\/strong><\/h2>\n<p data-start=\"1829\" data-end=\"2101\">\u2714\ufe0f Stangrina ir sutvirtina od\u0105 aplink akis<br data-start=\"1871\" data-end=\"1874\" \/>\u2714\ufe0f Ma\u017eina tamsius ratilus ir nuovargio po\u017eymius<br data-start=\"1921\" data-end=\"1924\" \/>\u2714\ufe0f Suma\u017eina paburkim\u0105 ir \u201cmai\u0161elius\u201d po akimis<br data-start=\"1970\" data-end=\"1973\" \/>\u2714\ufe0f Glotnina rauk\u0161les ir padeda i\u0161vengti nauj\u0173<br data-start=\"2018\" data-end=\"2021\" \/>\u2714\ufe0f Praturtintas sen\u0117jim\u0105 l\u0117tinan\u010diais peptidais ir dr\u0117kinamosiomis med\u017eiagomis<\/p>\n","protected":false},"featured_media":64105,"template":"","meta":[],"pwb-brand":[704],"product_brand":[],"product_cat":[738,734,750],"product_tag":[],"giftcard-category":[],"class_list":{"0":"post-73725","1":"product","2":"type-product","3":"status-publish","4":"has-post-thumbnail","6":"pwb-brand-reviderm","7":"product_cat-drekinimas","8":"product_cat-oda-aplink-akis","9":"product_cat-senstanti-oda","11":"first","12":"instock","13":"taxable","14":"shipping-taxable","15":"purchasable","16":"product-type-simple"},"acf":[],"brands":[{"id":704,"name":"Reviderm","slug":"reviderm"}],"_links":{"self":[{"href":"https:\/\/skinstudio.ee\/lt\/wp-json\/wp\/v2\/product\/73725","targetHints":{"allow":["GET"]}}],"collection":[{"href":"https:\/\/skinstudio.ee\/lt\/wp-json\/wp\/v2\/product"}],"about":[{"href":"https:\/\/skinstudio.ee\/lt\/wp-json\/wp\/v2\/types\/product"}],"version-history":[{"count":2,"href":"https:\/\/skinstudio.ee\/lt\/wp-json\/wp\/v2\/product\/73725\/revisions"}],"predecessor-version":[{"id":73727,"href":"https:\/\/skinstudio.ee\/lt\/wp-json\/wp\/v2\/product\/73725\/revisions\/73727"}],"wp:featuredmedia":[{"embeddable":true,"href":"https:\/\/skinstudio.ee\/lt\/wp-json\/wp\/v2\/media\/64105"}],"wp:attachment":[{"href":"https:\/\/skinstudio.ee\/lt\/wp-json\/wp\/v2\/media?parent=73725"}],"wp:term":[{"taxonomy":"pwb-brand","embeddable":true,"href":"https:\/\/skinstudio.ee\/lt\/wp-json\/wp\/v2\/pwb-brand?post=73725"},{"taxonomy":"product_brand","embeddable":true,"href":"https:\/\/skinstudio.ee\/lt\/wp-json\/wp\/v2\/product_brand?post=73725"},{"taxonomy":"product_cat","embeddable":true,"href":"https:\/\/skinstudio.ee\/lt\/wp-json\/wp\/v2\/product_cat?post=73725"},{"taxonomy":"product_tag","embeddable":true,"href":"https:\/\/skinstudio.ee\/lt\/wp-json\/wp\/v2\/product_tag?post=73725"},{"taxonomy":"giftcard-category","embeddable":true,"href":"https:\/\/skinstudio.ee\/lt\/wp-json\/wp\/v2\/giftcard-category?post=73725"}],"curies":[{"name":"wp","href":"https:\/\/api.w.org\/{rel}","templated":true}]}}