{"id":73733,"date":"2025-07-15T10:21:22","date_gmt":"2025-07-15T10:21:22","guid":{"rendered":"https:\/\/skinstudio.ee\/?post_type=product&#038;p=73733"},"modified":"2026-01-21T13:57:32","modified_gmt":"2026-01-21T13:57:32","slug":"preinfuse-serum","status":"publish","type":"product","link":"https:\/\/skinstudio.ee\/lt\/catalog\/reviderm\/preinfuse-serum\/","title":{"rendered":"PreInfuse Serum"},"content":{"rendered":"<p data-start=\"1576\" data-end=\"2256\">Pa\u017eangiai subalansuota aktyvi\u0173j\u0173 komponent\u0173 koncentracija serume u\u017etikrina optimal\u0173 odos dr\u0117gm\u0117s reguliavim\u0105. Serumo sud\u0117tyje yra labai gryna hialurono r\u016bg\u0161tis, dr\u0117kinamasis kompleksas Aqua Boost ir filagrinolis, kurie \u017eymiai pagerina nat\u016bralios odos dr\u0117kinimo sistemos veikim\u0105. Dr\u0117kinamasis kompleksas Aqua Boost reguliuoja gyvybi\u0161kai svarb\u0173 vandens balans\u0105 odos l\u0105stel\u0117se ir yra itin svarbus vis\u0173 epidermio sluoksni\u0173 rehidratacijai. Reguliariai naudojant, serumas skatina pa\u010dios odos hialurono r\u016bg\u0161ties ir nat\u016bralaus dr\u0117kinamojo faktoriaus NMF gamyb\u0105. D\u0117l to oda intensyviai prisotinama dr\u0117gme, ger\u0117ja epidermio l\u0105steli\u0173 kokyb\u0117, oda tampa lygesn\u0117 ir \u0161vyti jaunyste bei sveikata.<\/p>\n<p data-start=\"2258\" data-end=\"2274\"><strong data-start=\"2258\" data-end=\"2268\">T\u016bris:<\/strong> 50 ml<\/p>\n","protected":false},"excerpt":{"rendered":"<p data-start=\"2416\" data-end=\"2447\">Intensyviai dr\u0117kinantis serumas<\/p>\n<h2 data-start=\"2449\" data-end=\"2487\"><strong data-start=\"2449\" data-end=\"2487\">Reviderm &#8211; PreInfuse Serum Savyb\u0117s<\/strong><\/h2>\n<p data-start=\"2489\" data-end=\"2745\">\u2714\ufe0f Paruo\u0161ia od\u0105 tolesni\u0173 aktyvi\u0173j\u0173 priemoni\u0173 naudojimui<br data-start=\"2544\" data-end=\"2547\" \/>\u2714\ufe0f Dr\u0117kina ir atkuria hidrolipidin\u012f balans\u0105<br data-start=\"2590\" data-end=\"2593\" \/>\u2714\ufe0f Padidina odos imlum\u0105 aktyviosioms med\u017eiagoms<br data-start=\"2640\" data-end=\"2643\" \/>\u2714\ufe0f Ramina sudirgimus ir stiprina apsaugin\u012f barjer\u0105<br data-start=\"2693\" data-end=\"2696\" \/>\u2714\ufe0f Tinka visiems odos tipams, \u012fskaitant jautri\u0105<\/p>\n","protected":false},"featured_media":64110,"template":"","meta":[],"pwb-brand":[704],"product_brand":[],"product_cat":[738,724],"product_tag":[],"giftcard-category":[],"class_list":{"0":"post-73733","1":"product","2":"type-product","3":"status-publish","4":"has-post-thumbnail","6":"pwb-brand-reviderm","7":"product_cat-drekinimas","8":"product_cat-serumai","10":"first","11":"instock","12":"taxable","13":"shipping-taxable","14":"purchasable","15":"product-type-simple"},"acf":[],"brands":[{"id":704,"name":"Reviderm","slug":"reviderm"}],"_links":{"self":[{"href":"https:\/\/skinstudio.ee\/lt\/wp-json\/wp\/v2\/product\/73733","targetHints":{"allow":["GET"]}}],"collection":[{"href":"https:\/\/skinstudio.ee\/lt\/wp-json\/wp\/v2\/product"}],"about":[{"href":"https:\/\/skinstudio.ee\/lt\/wp-json\/wp\/v2\/types\/product"}],"version-history":[{"count":1,"href":"https:\/\/skinstudio.ee\/lt\/wp-json\/wp\/v2\/product\/73733\/revisions"}],"predecessor-version":[{"id":73734,"href":"https:\/\/skinstudio.ee\/lt\/wp-json\/wp\/v2\/product\/73733\/revisions\/73734"}],"wp:featuredmedia":[{"embeddable":true,"href":"https:\/\/skinstudio.ee\/lt\/wp-json\/wp\/v2\/media\/64110"}],"wp:attachment":[{"href":"https:\/\/skinstudio.ee\/lt\/wp-json\/wp\/v2\/media?parent=73733"}],"wp:term":[{"taxonomy":"pwb-brand","embeddable":true,"href":"https:\/\/skinstudio.ee\/lt\/wp-json\/wp\/v2\/pwb-brand?post=73733"},{"taxonomy":"product_brand","embeddable":true,"href":"https:\/\/skinstudio.ee\/lt\/wp-json\/wp\/v2\/product_brand?post=73733"},{"taxonomy":"product_cat","embeddable":true,"href":"https:\/\/skinstudio.ee\/lt\/wp-json\/wp\/v2\/product_cat?post=73733"},{"taxonomy":"product_tag","embeddable":true,"href":"https:\/\/skinstudio.ee\/lt\/wp-json\/wp\/v2\/product_tag?post=73733"},{"taxonomy":"giftcard-category","embeddable":true,"href":"https:\/\/skinstudio.ee\/lt\/wp-json\/wp\/v2\/giftcard-category?post=73733"}],"curies":[{"name":"wp","href":"https:\/\/api.w.org\/{rel}","templated":true}]}}