{"id":73741,"date":"2025-07-15T09:34:35","date_gmt":"2025-07-15T09:34:35","guid":{"rendered":"https:\/\/skinstudio.ee\/?post_type=product&#038;p=73741"},"modified":"2026-01-21T13:57:32","modified_gmt":"2026-01-21T13:57:32","slug":"night-contouring","status":"publish","type":"product","link":"https:\/\/skinstudio.ee\/lt\/catalog\/reviderm\/night-contouring\/","title":{"rendered":"Night Contouring"},"content":{"rendered":"<p data-start=\"1251\" data-end=\"1749\">I\u0161skirtin\u0117 kremo formul\u0117 veikia prie\u0161 kolageno skaidul\u0173 glikacijos proces\u0105, neutralizuoja laisv\u0173j\u0173 radikal\u0173 poveik\u012f ir ma\u017eina rauk\u0161li\u0173 susidarym\u0105. Nat\u016braliems odos lipidams identi\u0161ki lipidai suteikia odai daugiau stangrumo ir elastingumo. Liposomose inkapsuliuoti sen\u0117jim\u0105 l\u0117tinantys peptidai prailgina l\u0105steli\u0173 gyvavimo cikl\u0105. \u0160ilko baltymai suteikia odai aksomin\u012f \u0161velnum\u0105. Kremas u\u017etikrina odos regeneracij\u0105 nakties metu, stangrina ir formuoja kont\u016brus, oda atrodo lygi, \u0161vytinti ir jaunatvi\u0161ka.<\/p>\n<p data-start=\"1751\" data-end=\"1767\"><strong data-start=\"1751\" data-end=\"1761\">T\u016bris:<\/strong> 50 ml<\/p>\n","protected":false},"excerpt":{"rendered":"<p data-start=\"1856\" data-end=\"1882\">Intensyvus naktinis kremas<\/p>\n<h2 data-start=\"1884\" data-end=\"1923\"><strong data-start=\"1884\" data-end=\"1923\">Reviderm &#8211; Night Contouring Savyb\u0117s<\/strong><\/h2>\n<p data-start=\"1925\" data-end=\"2190\">\u2714\ufe0f Aktyvina odos l\u0105steli\u0173 regeneracij\u0105 nakties metu<br data-start=\"1976\" data-end=\"1979\" \/>\u2714\ufe0f Atkuria odos tank\u012f ir stiprina jos strukt\u016br\u0105<br data-start=\"2026\" data-end=\"2029\" \/>\u2714\ufe0f Stangrina veido kont\u016brus ir ma\u017eina odos suglebim\u0105<br data-start=\"2081\" data-end=\"2084\" \/>\u2714\ufe0f Kovoja su sen\u0117jimo po\u017eymiais miego metu<br data-start=\"2126\" data-end=\"2129\" \/>\u2714\ufe0f Praturtintas sen\u0117jim\u0105 l\u0117tinan\u010diais peptidais ir lipidais<\/p>\n","protected":false},"featured_media":64115,"template":"","meta":[],"pwb-brand":[704],"product_brand":[],"product_cat":[738,740,750],"product_tag":[],"giftcard-category":[],"class_list":{"0":"post-73741","1":"product","2":"type-product","3":"status-publish","4":"has-post-thumbnail","6":"pwb-brand-reviderm","7":"product_cat-drekinimas","8":"product_cat-sausai-odai","9":"product_cat-senstanti-oda","11":"first","12":"instock","13":"taxable","14":"shipping-taxable","15":"purchasable","16":"product-type-simple"},"acf":[],"brands":[{"id":704,"name":"Reviderm","slug":"reviderm"}],"_links":{"self":[{"href":"https:\/\/skinstudio.ee\/lt\/wp-json\/wp\/v2\/product\/73741","targetHints":{"allow":["GET"]}}],"collection":[{"href":"https:\/\/skinstudio.ee\/lt\/wp-json\/wp\/v2\/product"}],"about":[{"href":"https:\/\/skinstudio.ee\/lt\/wp-json\/wp\/v2\/types\/product"}],"version-history":[{"count":1,"href":"https:\/\/skinstudio.ee\/lt\/wp-json\/wp\/v2\/product\/73741\/revisions"}],"predecessor-version":[{"id":73742,"href":"https:\/\/skinstudio.ee\/lt\/wp-json\/wp\/v2\/product\/73741\/revisions\/73742"}],"wp:featuredmedia":[{"embeddable":true,"href":"https:\/\/skinstudio.ee\/lt\/wp-json\/wp\/v2\/media\/64115"}],"wp:attachment":[{"href":"https:\/\/skinstudio.ee\/lt\/wp-json\/wp\/v2\/media?parent=73741"}],"wp:term":[{"taxonomy":"pwb-brand","embeddable":true,"href":"https:\/\/skinstudio.ee\/lt\/wp-json\/wp\/v2\/pwb-brand?post=73741"},{"taxonomy":"product_brand","embeddable":true,"href":"https:\/\/skinstudio.ee\/lt\/wp-json\/wp\/v2\/product_brand?post=73741"},{"taxonomy":"product_cat","embeddable":true,"href":"https:\/\/skinstudio.ee\/lt\/wp-json\/wp\/v2\/product_cat?post=73741"},{"taxonomy":"product_tag","embeddable":true,"href":"https:\/\/skinstudio.ee\/lt\/wp-json\/wp\/v2\/product_tag?post=73741"},{"taxonomy":"giftcard-category","embeddable":true,"href":"https:\/\/skinstudio.ee\/lt\/wp-json\/wp\/v2\/giftcard-category?post=73741"}],"curies":[{"name":"wp","href":"https:\/\/api.w.org\/{rel}","templated":true}]}}