{"id":73748,"date":"2025-07-15T09:24:25","date_gmt":"2025-07-15T09:24:25","guid":{"rendered":"https:\/\/skinstudio.ee\/?post_type=product&#038;p=73748"},"modified":"2026-01-21T13:57:32","modified_gmt":"2026-01-21T13:57:32","slug":"pore-refining-toner","status":"publish","type":"product","link":"https:\/\/skinstudio.ee\/lt\/catalog\/reviderm\/pore-refining-toner\/","title":{"rendered":"Pore Refining Toner"},"content":{"rendered":"<p data-start=\"1340\" data-end=\"1738\">Aktyvieji ingredientai, pasi\u017eymintys sebum\u0105 reguliuojan\u010diu poveikiu, normalizuoja vir\u0161utinio odos sluoksnio rag\u0117jimo proces\u0105 ir sutraukia poras. Vertingi \u0161ilko baltymai suteikia odai aksomin\u012f \u0161velnum\u0105. Tonikas subalansuoja od\u0105, suteikia jai gaivumo ir \u0161vyt\u0117jimo. Reguliarus naudojimas padeda pagerinti odos tekst\u016br\u0105, padaro j\u0105 lygesn\u0119 ir labiau pri\u017ei\u016br\u0117t\u0105. Puikiai paruo\u0161ia od\u0105 tolesnei prie\u017ei\u016brai.<\/p>\n<p data-start=\"1740\" data-end=\"1757\"><strong data-start=\"1740\" data-end=\"1750\">T\u016bris:<\/strong> 200 ml<\/p>\n","protected":false},"excerpt":{"rendered":"<p data-start=\"1898\" data-end=\"1963\">Subalansuojantis tonikas poroms sutraukti ir odos tonui i\u0161lyginti<\/p>\n<h2 data-start=\"1965\" data-end=\"2007\"><strong data-start=\"1965\" data-end=\"2007\">Reviderm &#8211; Pore Refining Toner Savyb\u0117s<\/strong><\/h2>\n<p data-start=\"2009\" data-end=\"2268\">\u2714\ufe0f Normalizuoja odos rag\u0117jim\u0105 ir riebalini\u0173 liauk\u0173 veikl\u0105<br data-start=\"2066\" data-end=\"2069\" \/>\u2714\ufe0f Sutraukia poras ir gerina odos tekst\u016br\u0105<br data-start=\"2111\" data-end=\"2114\" \/>\u2714\ufe0f Pasi\u017eymi lengvu sebum\u0105 reguliuojan\u010diu poveikiu<br data-start=\"2163\" data-end=\"2166\" \/>\u2714\ufe0f Suteikia odai aksomin\u012f \u0161velnum\u0105 d\u0117l \u0161ilko baltym\u0173<br data-start=\"2218\" data-end=\"2221\" \/>\u2714\ufe0f Subalansuoja od\u0105 ir atgaivina veido spalv\u0105<\/p>\n","protected":false},"featured_media":64120,"template":"","meta":[],"pwb-brand":[704],"product_brand":[],"product_cat":[744,750,722],"product_tag":[],"giftcard-category":[],"class_list":{"0":"post-73748","1":"product","2":"type-product","3":"status-publish","4":"has-post-thumbnail","6":"pwb-brand-reviderm","7":"product_cat-issipletusios-poros","8":"product_cat-senstanti-oda","9":"product_cat-toneriai","11":"first","12":"instock","13":"taxable","14":"shipping-taxable","15":"purchasable","16":"product-type-simple"},"acf":[],"brands":[{"id":704,"name":"Reviderm","slug":"reviderm"}],"_links":{"self":[{"href":"https:\/\/skinstudio.ee\/lt\/wp-json\/wp\/v2\/product\/73748","targetHints":{"allow":["GET"]}}],"collection":[{"href":"https:\/\/skinstudio.ee\/lt\/wp-json\/wp\/v2\/product"}],"about":[{"href":"https:\/\/skinstudio.ee\/lt\/wp-json\/wp\/v2\/types\/product"}],"version-history":[{"count":1,"href":"https:\/\/skinstudio.ee\/lt\/wp-json\/wp\/v2\/product\/73748\/revisions"}],"predecessor-version":[{"id":73749,"href":"https:\/\/skinstudio.ee\/lt\/wp-json\/wp\/v2\/product\/73748\/revisions\/73749"}],"wp:featuredmedia":[{"embeddable":true,"href":"https:\/\/skinstudio.ee\/lt\/wp-json\/wp\/v2\/media\/64120"}],"wp:attachment":[{"href":"https:\/\/skinstudio.ee\/lt\/wp-json\/wp\/v2\/media?parent=73748"}],"wp:term":[{"taxonomy":"pwb-brand","embeddable":true,"href":"https:\/\/skinstudio.ee\/lt\/wp-json\/wp\/v2\/pwb-brand?post=73748"},{"taxonomy":"product_brand","embeddable":true,"href":"https:\/\/skinstudio.ee\/lt\/wp-json\/wp\/v2\/product_brand?post=73748"},{"taxonomy":"product_cat","embeddable":true,"href":"https:\/\/skinstudio.ee\/lt\/wp-json\/wp\/v2\/product_cat?post=73748"},{"taxonomy":"product_tag","embeddable":true,"href":"https:\/\/skinstudio.ee\/lt\/wp-json\/wp\/v2\/product_tag?post=73748"},{"taxonomy":"giftcard-category","embeddable":true,"href":"https:\/\/skinstudio.ee\/lt\/wp-json\/wp\/v2\/giftcard-category?post=73748"}],"curies":[{"name":"wp","href":"https:\/\/api.w.org\/{rel}","templated":true}]}}