{"id":73755,"date":"2025-07-15T09:24:09","date_gmt":"2025-07-15T09:24:09","guid":{"rendered":"https:\/\/skinstudio.ee\/?post_type=product&#038;p=73755"},"modified":"2026-01-21T13:57:30","modified_gmt":"2026-01-21T13:57:30","slug":"day-contouring","status":"publish","type":"product","link":"https:\/\/skinstudio.ee\/lt\/catalog\/reviderm\/day-contouring\/","title":{"rendered":"Day Contouring"},"content":{"rendered":"<p data-start=\"1238\" data-end=\"1698\">I\u0161skirtin\u0117 kremo formul\u0117 veikia prie\u0161 kolageno skaidul\u0173 glikacijos proces\u0105, neutralizuoja laisvuosius radikalus ir ma\u017eina rauk\u0161li\u0173 susidarym\u0105. Nat\u016braliems odos lipidams identi\u0161ki lipidai suteikia odai daugiau stangrumo ir elastingumo. Liposomose inkapsuliuoti sen\u0117jim\u0105 l\u0117tinantys peptidai prailgina l\u0105steli\u0173 gyvavimo cikl\u0105. Intensyvi formul\u0117 su \u0161ilko baltymais suteikia odai aksomin\u012f \u0161velnum\u0105. Kremas formuoja veido kont\u016brus, oda atrodo jaunesn\u0117 ir stangresn\u0117.<\/p>\n<p data-start=\"1700\" data-end=\"1716\"><strong data-start=\"1700\" data-end=\"1710\">T\u016bris:<\/strong> 50 ml<\/p>\n","protected":false},"excerpt":{"rendered":"<p data-start=\"1803\" data-end=\"1833\">Stangrinamasis dieninis kremas<\/p>\n<h2 data-start=\"1835\" data-end=\"1872\"><strong data-start=\"1835\" data-end=\"1872\">Reviderm &#8211; Day Contouring Savyb\u0117s<\/strong><\/h2>\n<p data-start=\"1874\" data-end=\"2144\">\u2714\ufe0f Skatina kolageno sintez\u0119 ir didina odos stangrum\u0105<br data-start=\"1926\" data-end=\"1929\" \/>\u2714\ufe0f Stangrina veido oval\u0105 ir stiprina odos strukt\u016br\u0105<br data-start=\"1980\" data-end=\"1983\" \/>\u2714\ufe0f \u0160velnina mimikos rauk\u0161les ir padeda i\u0161vengti nauj\u0173<br data-start=\"2036\" data-end=\"2039\" \/>\u2714\ufe0f Apsaugo od\u0105 nuo oksidacinio streso ir i\u0161orini\u0173 veiksni\u0173<br data-start=\"2097\" data-end=\"2100\" \/>\u2714\ufe0f U\u017etikrina optimal\u0173 dr\u0117kinim\u0105 vis\u0105 dien\u0105<\/p>\n","protected":false},"featured_media":64125,"template":"","meta":[],"pwb-brand":[704],"product_brand":[],"product_cat":[738,740,750],"product_tag":[],"giftcard-category":[],"class_list":{"0":"post-73755","1":"product","2":"type-product","3":"status-publish","4":"has-post-thumbnail","6":"pwb-brand-reviderm","7":"product_cat-drekinimas","8":"product_cat-sausai-odai","9":"product_cat-senstanti-oda","11":"first","12":"instock","13":"taxable","14":"shipping-taxable","15":"purchasable","16":"product-type-simple"},"acf":[],"brands":[{"id":704,"name":"Reviderm","slug":"reviderm"}],"_links":{"self":[{"href":"https:\/\/skinstudio.ee\/lt\/wp-json\/wp\/v2\/product\/73755","targetHints":{"allow":["GET"]}}],"collection":[{"href":"https:\/\/skinstudio.ee\/lt\/wp-json\/wp\/v2\/product"}],"about":[{"href":"https:\/\/skinstudio.ee\/lt\/wp-json\/wp\/v2\/types\/product"}],"version-history":[{"count":1,"href":"https:\/\/skinstudio.ee\/lt\/wp-json\/wp\/v2\/product\/73755\/revisions"}],"predecessor-version":[{"id":73756,"href":"https:\/\/skinstudio.ee\/lt\/wp-json\/wp\/v2\/product\/73755\/revisions\/73756"}],"wp:featuredmedia":[{"embeddable":true,"href":"https:\/\/skinstudio.ee\/lt\/wp-json\/wp\/v2\/media\/64125"}],"wp:attachment":[{"href":"https:\/\/skinstudio.ee\/lt\/wp-json\/wp\/v2\/media?parent=73755"}],"wp:term":[{"taxonomy":"pwb-brand","embeddable":true,"href":"https:\/\/skinstudio.ee\/lt\/wp-json\/wp\/v2\/pwb-brand?post=73755"},{"taxonomy":"product_brand","embeddable":true,"href":"https:\/\/skinstudio.ee\/lt\/wp-json\/wp\/v2\/product_brand?post=73755"},{"taxonomy":"product_cat","embeddable":true,"href":"https:\/\/skinstudio.ee\/lt\/wp-json\/wp\/v2\/product_cat?post=73755"},{"taxonomy":"product_tag","embeddable":true,"href":"https:\/\/skinstudio.ee\/lt\/wp-json\/wp\/v2\/product_tag?post=73755"},{"taxonomy":"giftcard-category","embeddable":true,"href":"https:\/\/skinstudio.ee\/lt\/wp-json\/wp\/v2\/giftcard-category?post=73755"}],"curies":[{"name":"wp","href":"https:\/\/api.w.org\/{rel}","templated":true}]}}