{"id":73762,"date":"2025-07-15T08:08:29","date_gmt":"2025-07-15T08:08:29","guid":{"rendered":"https:\/\/skinstudio.ee\/?post_type=product&#038;p=73762"},"modified":"2026-01-21T13:57:32","modified_gmt":"2026-01-21T13:57:32","slug":"pore-refining-foam","status":"publish","type":"product","link":"https:\/\/skinstudio.ee\/lt\/catalog\/reviderm\/pore-refining-foam\/","title":{"rendered":"Pore Refining Foam"},"content":{"rendered":"<p data-start=\"1431\" data-end=\"1750\">\u0160velnios valomosios putos su lengvu \u0161veitimo efektu. Aktyvieji ingredientai normalizuoja odos rag\u0117jimo proces\u0105, i\u0161valo poras, pa\u0161alina ne\u0161varumus ir makia\u017e\u0105. \u0160ilko baltymai suteikia odai \u0161velnumo ir pri\u017ei\u016br\u0117tos i\u0161vaizdos. Odos tekst\u016bra i\u0161 karto tampa lygesn\u0117 ir \u0161vytinti. Taip pat tinka lengvam aki\u0173 makia\u017eui pa\u0161alinti.<\/p>\n<p data-start=\"1752\" data-end=\"1769\"><strong data-start=\"1752\" data-end=\"1762\">T\u016bris:<\/strong> 200 ml<\/p>\n","protected":false},"excerpt":{"rendered":"<p data-start=\"1979\" data-end=\"2030\">\u0160velnios valomosios putos su lengvu \u0161veitimo efektu<\/p>\n<h2 data-start=\"2032\" data-end=\"2073\"><strong data-start=\"2032\" data-end=\"2073\">Reviderm &#8211; Pore Refining Foam Savyb\u0117s<\/strong><\/h2>\n<p data-start=\"2075\" data-end=\"2325\">\u2714\ufe0f Reguliuoja ir normalizuoja vir\u0161utinio odos sluoksnio atsinaujinim\u0105<br data-start=\"2144\" data-end=\"2147\" \/>\u2714\ufe0f Giliai i\u0161valo poras<br data-start=\"2169\" data-end=\"2172\" \/>\u2714\ufe0f Pa\u0161alina makia\u017e\u0105, riebal\u0173 pertekli\u0173 ir ne\u0161varumus<br data-start=\"2224\" data-end=\"2227\" \/>\u2714\ufe0f Suteikia odai aksomin\u012f \u0161velnum\u0105 d\u0117l \u0161ilko baltym\u0173<br data-start=\"2279\" data-end=\"2282\" \/>\u2714\ufe0f Palieka od\u0105 \u0161vari\u0105, lygi\u0105 ir elasting\u0105<\/p>\n","protected":false},"featured_media":64130,"template":"","meta":[],"pwb-brand":[704],"product_brand":[],"product_cat":[744,718],"product_tag":[],"giftcard-category":[],"class_list":{"0":"post-73762","1":"product","2":"type-product","3":"status-publish","4":"has-post-thumbnail","6":"pwb-brand-reviderm","7":"product_cat-issipletusios-poros","8":"product_cat-valymas","10":"first","11":"instock","12":"taxable","13":"shipping-taxable","14":"purchasable","15":"product-type-simple"},"acf":[],"brands":[{"id":704,"name":"Reviderm","slug":"reviderm"}],"_links":{"self":[{"href":"https:\/\/skinstudio.ee\/lt\/wp-json\/wp\/v2\/product\/73762","targetHints":{"allow":["GET"]}}],"collection":[{"href":"https:\/\/skinstudio.ee\/lt\/wp-json\/wp\/v2\/product"}],"about":[{"href":"https:\/\/skinstudio.ee\/lt\/wp-json\/wp\/v2\/types\/product"}],"version-history":[{"count":1,"href":"https:\/\/skinstudio.ee\/lt\/wp-json\/wp\/v2\/product\/73762\/revisions"}],"predecessor-version":[{"id":73763,"href":"https:\/\/skinstudio.ee\/lt\/wp-json\/wp\/v2\/product\/73762\/revisions\/73763"}],"wp:featuredmedia":[{"embeddable":true,"href":"https:\/\/skinstudio.ee\/lt\/wp-json\/wp\/v2\/media\/64130"}],"wp:attachment":[{"href":"https:\/\/skinstudio.ee\/lt\/wp-json\/wp\/v2\/media?parent=73762"}],"wp:term":[{"taxonomy":"pwb-brand","embeddable":true,"href":"https:\/\/skinstudio.ee\/lt\/wp-json\/wp\/v2\/pwb-brand?post=73762"},{"taxonomy":"product_brand","embeddable":true,"href":"https:\/\/skinstudio.ee\/lt\/wp-json\/wp\/v2\/product_brand?post=73762"},{"taxonomy":"product_cat","embeddable":true,"href":"https:\/\/skinstudio.ee\/lt\/wp-json\/wp\/v2\/product_cat?post=73762"},{"taxonomy":"product_tag","embeddable":true,"href":"https:\/\/skinstudio.ee\/lt\/wp-json\/wp\/v2\/product_tag?post=73762"},{"taxonomy":"giftcard-category","embeddable":true,"href":"https:\/\/skinstudio.ee\/lt\/wp-json\/wp\/v2\/giftcard-category?post=73762"}],"curies":[{"name":"wp","href":"https:\/\/api.w.org\/{rel}","templated":true}]}}