{"id":73774,"date":"2025-07-18T13:32:34","date_gmt":"2025-07-18T13:32:34","guid":{"rendered":"https:\/\/skinstudio.ee\/?post_type=product&#038;p=73774"},"modified":"2026-01-21T13:57:34","modified_gmt":"2026-01-21T13:57:34","slug":"spotex-concentrate","status":"publish","type":"product","link":"https:\/\/skinstudio.ee\/lt\/catalog\/reviderm\/spotex-concentrate\/","title":{"rendered":"SpotEx Concentrate"},"content":{"rendered":"<p data-start=\"1216\" data-end=\"1582\">Koncentratas pigmentacijos ma\u017einimui, skirtas vietiniam naudojimui. Didel\u0117s koncentracijos spotEx formul\u0117 veikia tikslingai \u2013 \u0161viesina pigmentines d\u0117mes ir padeda u\u017ekirsti keli\u0105 naujos pigmentacijos atsiradimui. Neurokosmetiniai aktyvieji ingredientai slopina per didel\u0119 pigmento sintez\u0119. Reguliariai naudojant, veido oda tampa tolygaus ir nepriekai\u0161tingo atspalvio.<\/p>\n<p data-start=\"1584\" data-end=\"1600\"><strong data-start=\"1584\" data-end=\"1594\">T\u016bris:<\/strong> 10 ml<\/p>\n","protected":false},"excerpt":{"rendered":"<p data-start=\"1697\" data-end=\"1748\">Koncentruota priemon\u0117 pigmentin\u0117ms d\u0117m\u0117ms \u0161viesinti<\/p>\n<h2 data-start=\"1750\" data-end=\"1791\"><strong data-start=\"1750\" data-end=\"1791\">Reviderm &#8211; SpotEx Concentrate Savyb\u0117s<\/strong><\/h2>\n<p data-start=\"1793\" data-end=\"2086\">\u2714\ufe0f \u0160viesina pigmentines d\u0117mes ir padeda i\u0161vengti j\u0173 pasikartojimo<br data-start=\"1858\" data-end=\"1861\" \/>\u2714\ufe0f I\u0161lygina odos ton\u0105 ir pagerina jos skaidrum\u0105<br data-start=\"1908\" data-end=\"1911\" \/>\u2714\ufe0f Slopina melanino sintez\u0119, veikdama visus pigmentacijos etapus<br data-start=\"1975\" data-end=\"1978\" \/>\u2714\ufe0f Pasi\u017eymi antioksidaciniu ir prie\u0161u\u017edegiminiu poveikiu<br data-start=\"2034\" data-end=\"2037\" \/>\u2714\ufe0f Tinka jautriai odai ir prie\u017ei\u016brai po piling\u0173<\/p>\n","protected":false},"featured_media":39419,"template":"","meta":[],"pwb-brand":[704],"product_brand":[],"product_cat":[752,750,724],"product_tag":[],"giftcard-category":[],"class_list":{"0":"post-73774","1":"product","2":"type-product","3":"status-publish","4":"has-post-thumbnail","6":"pwb-brand-reviderm","7":"product_cat-pigmentacija-lt","8":"product_cat-senstanti-oda","9":"product_cat-serumai","11":"first","12":"instock","13":"taxable","14":"shipping-taxable","15":"purchasable","16":"product-type-simple"},"acf":[],"brands":[{"id":704,"name":"Reviderm","slug":"reviderm"}],"_links":{"self":[{"href":"https:\/\/skinstudio.ee\/lt\/wp-json\/wp\/v2\/product\/73774","targetHints":{"allow":["GET"]}}],"collection":[{"href":"https:\/\/skinstudio.ee\/lt\/wp-json\/wp\/v2\/product"}],"about":[{"href":"https:\/\/skinstudio.ee\/lt\/wp-json\/wp\/v2\/types\/product"}],"version-history":[{"count":1,"href":"https:\/\/skinstudio.ee\/lt\/wp-json\/wp\/v2\/product\/73774\/revisions"}],"predecessor-version":[{"id":73775,"href":"https:\/\/skinstudio.ee\/lt\/wp-json\/wp\/v2\/product\/73774\/revisions\/73775"}],"wp:featuredmedia":[{"embeddable":true,"href":"https:\/\/skinstudio.ee\/lt\/wp-json\/wp\/v2\/media\/39419"}],"wp:attachment":[{"href":"https:\/\/skinstudio.ee\/lt\/wp-json\/wp\/v2\/media?parent=73774"}],"wp:term":[{"taxonomy":"pwb-brand","embeddable":true,"href":"https:\/\/skinstudio.ee\/lt\/wp-json\/wp\/v2\/pwb-brand?post=73774"},{"taxonomy":"product_brand","embeddable":true,"href":"https:\/\/skinstudio.ee\/lt\/wp-json\/wp\/v2\/product_brand?post=73774"},{"taxonomy":"product_cat","embeddable":true,"href":"https:\/\/skinstudio.ee\/lt\/wp-json\/wp\/v2\/product_cat?post=73774"},{"taxonomy":"product_tag","embeddable":true,"href":"https:\/\/skinstudio.ee\/lt\/wp-json\/wp\/v2\/product_tag?post=73774"},{"taxonomy":"giftcard-category","embeddable":true,"href":"https:\/\/skinstudio.ee\/lt\/wp-json\/wp\/v2\/giftcard-category?post=73774"}],"curies":[{"name":"wp","href":"https:\/\/api.w.org\/{rel}","templated":true}]}}