{"id":73781,"date":"2025-07-17T08:31:59","date_gmt":"2025-07-17T08:31:59","guid":{"rendered":"https:\/\/skinstudio.ee\/?post_type=product&#038;p=73781"},"modified":"2026-01-21T13:57:30","modified_gmt":"2026-01-21T13:57:30","slug":"enzyme-foam-powder","status":"publish","type":"product","link":"https:\/\/skinstudio.ee\/lt\/catalog\/reviderm\/enzyme-foam-powder\/","title":{"rendered":"Enzyme Foam Powder"},"content":{"rendered":"<p data-start=\"1541\" data-end=\"2054\">Daugi\u00adaenziminis kompleksas pa\u0161alina ne\u0161varumus ir negyvas odos l\u0105steles. Antibakterinis kompleksas su sidabro mikrodalel\u0117mis ma\u017eina u\u017edegim\u0105, slopina bakterij\u0173 dauginim\u0105si ir padeda i\u0161vengti odos sudirginimo. Sumai\u0161ius miltelius su valomuoju toniku (Purifying Tonic) arba \u0161velniu pH balans\u0105 atkurian\u010diu toniku (Gentle pH Balancer), jie virsta \u0161velniomis \u0161vei\u010dian\u010diomis putomis, kurios giliai i\u0161valo poras ir padeda pa\u0161alinti toksinus. \u0160vei\u010diamoji pudra giliai valo od\u0105, sutraukia poras ir i\u0161lygina odos atspalv\u012f.<\/p>\n<p data-start=\"2056\" data-end=\"2071\"><strong data-start=\"2056\" data-end=\"2066\">T\u016bris:<\/strong> 20 g<\/p>\n","protected":false},"excerpt":{"rendered":"<p data-start=\"2287\" data-end=\"2310\">\u0160velni fermentin\u0117 pudra<\/p>\n<h2 data-start=\"2312\" data-end=\"2353\"><strong data-start=\"2312\" data-end=\"2353\">Reviderm &#8211; Enzyme Foam Powder Savyb\u0117s<\/strong><\/h2>\n<p data-start=\"2355\" data-end=\"2560\">\u2714\ufe0f \u0160velniai valo ir \u0161vei\u010dia od\u0105<br data-start=\"2386\" data-end=\"2389\" \/>\u2714\ufe0f Aktyvina l\u0105steli\u0173 atsinaujinim\u0105<br data-start=\"2423\" data-end=\"2426\" \/>\u2714\ufe0f I\u0161lygina odos atspalv\u012f ir mikroreljef\u0105<br data-start=\"2467\" data-end=\"2470\" \/>\u2714\ufe0f Nei\u0161sausina ir nedirgina odos<br data-start=\"2502\" data-end=\"2505\" \/>\u2714\ufe0f Tinka kasdieniam naudojimui ir visiems odos tipams<\/p>\n","protected":false},"featured_media":64073,"template":"","meta":[],"pwb-brand":[704],"product_brand":[],"product_cat":[744,718],"product_tag":[],"giftcard-category":[],"class_list":{"0":"post-73781","1":"product","2":"type-product","3":"status-publish","4":"has-post-thumbnail","6":"pwb-brand-reviderm","7":"product_cat-issipletusios-poros","8":"product_cat-valymas","10":"first","11":"instock","12":"taxable","13":"shipping-taxable","14":"purchasable","15":"product-type-simple"},"acf":[],"brands":[{"id":704,"name":"Reviderm","slug":"reviderm"}],"_links":{"self":[{"href":"https:\/\/skinstudio.ee\/lt\/wp-json\/wp\/v2\/product\/73781","targetHints":{"allow":["GET"]}}],"collection":[{"href":"https:\/\/skinstudio.ee\/lt\/wp-json\/wp\/v2\/product"}],"about":[{"href":"https:\/\/skinstudio.ee\/lt\/wp-json\/wp\/v2\/types\/product"}],"version-history":[{"count":1,"href":"https:\/\/skinstudio.ee\/lt\/wp-json\/wp\/v2\/product\/73781\/revisions"}],"predecessor-version":[{"id":73782,"href":"https:\/\/skinstudio.ee\/lt\/wp-json\/wp\/v2\/product\/73781\/revisions\/73782"}],"wp:featuredmedia":[{"embeddable":true,"href":"https:\/\/skinstudio.ee\/lt\/wp-json\/wp\/v2\/media\/64073"}],"wp:attachment":[{"href":"https:\/\/skinstudio.ee\/lt\/wp-json\/wp\/v2\/media?parent=73781"}],"wp:term":[{"taxonomy":"pwb-brand","embeddable":true,"href":"https:\/\/skinstudio.ee\/lt\/wp-json\/wp\/v2\/pwb-brand?post=73781"},{"taxonomy":"product_brand","embeddable":true,"href":"https:\/\/skinstudio.ee\/lt\/wp-json\/wp\/v2\/product_brand?post=73781"},{"taxonomy":"product_cat","embeddable":true,"href":"https:\/\/skinstudio.ee\/lt\/wp-json\/wp\/v2\/product_cat?post=73781"},{"taxonomy":"product_tag","embeddable":true,"href":"https:\/\/skinstudio.ee\/lt\/wp-json\/wp\/v2\/product_tag?post=73781"},{"taxonomy":"giftcard-category","embeddable":true,"href":"https:\/\/skinstudio.ee\/lt\/wp-json\/wp\/v2\/giftcard-category?post=73781"}],"curies":[{"name":"wp","href":"https:\/\/api.w.org\/{rel}","templated":true}]}}