{"id":73788,"date":"2025-07-17T08:09:27","date_gmt":"2025-07-17T08:09:27","guid":{"rendered":"https:\/\/skinstudio.ee\/?post_type=product&#038;p=73788"},"modified":"2026-01-21T13:57:30","modified_gmt":"2026-01-21T13:57:30","slug":"enzyme-peeling-paste","status":"publish","type":"product","link":"https:\/\/skinstudio.ee\/lt\/catalog\/reviderm\/enzyme-peeling-paste\/","title":{"rendered":"Enzyme Peeling Paste"},"content":{"rendered":"<p data-start=\"1469\" data-end=\"1734\">Fermentai padeda pa\u0161alinti negyvas odos l\u0105steles. Kauk\u0117 i\u0161lygina odos tekst\u016br\u0105 ir paruo\u0161ia od\u0105 tolimesnei prie\u017ei\u016brai. Kaolinas valo od\u0105, ramina sudirgimus ir suteikia odai matin\u012f atspalv\u012f. Kauk\u0117 yra labai maloni naudoti ir puikiai toleruojama net jautriausios odos.<\/p>\n<p data-start=\"1736\" data-end=\"1752\"><strong data-start=\"1736\" data-end=\"1746\">T\u016bris:<\/strong> 50 ml<\/p>\n","protected":false},"excerpt":{"rendered":"<p data-start=\"2013\" data-end=\"2036\">\u0160velni fermentin\u0117 pasta<\/p>\n<h2 data-start=\"2038\" data-end=\"2081\"><strong data-start=\"2038\" data-end=\"2081\">Reviderm &#8211; Enzyme Peeling Paste Savyb\u0117s<\/strong><\/h2>\n<p data-start=\"2083\" data-end=\"2318\">\u2714\ufe0f Efektyviai pa\u0161alina negyvas odos l\u0105steles ir ne\u0161varumus<br data-start=\"2141\" data-end=\"2144\" \/>\u2714\ufe0f \u0160velniai poliruoja od\u0105 ir i\u0161lygina mikroreljef\u0105<br data-start=\"2194\" data-end=\"2197\" \/>\u2714\ufe0f Skatina kraujotak\u0105 ir spartina odos regeneracij\u0105<br data-start=\"2248\" data-end=\"2251\" \/>\u2714\ufe0f Padaro od\u0105 glotni\u0105 ir \u0161vytin\u010di\u0105<br data-start=\"2285\" data-end=\"2288\" \/>\u2714\ufe0f Tinka visiems odos tipams<\/p>\n","protected":false},"featured_media":39092,"template":"","meta":[],"pwb-brand":[704],"product_brand":[],"product_cat":[744,726,752],"product_tag":[],"giftcard-category":[],"class_list":{"0":"post-73788","1":"product","2":"type-product","3":"status-publish","4":"has-post-thumbnail","6":"pwb-brand-reviderm","7":"product_cat-issipletusios-poros","8":"product_cat-maskas-lt","9":"product_cat-pigmentacija-lt","11":"first","12":"instock","13":"taxable","14":"shipping-taxable","15":"purchasable","16":"product-type-simple"},"acf":[],"brands":[{"id":704,"name":"Reviderm","slug":"reviderm"}],"_links":{"self":[{"href":"https:\/\/skinstudio.ee\/lt\/wp-json\/wp\/v2\/product\/73788","targetHints":{"allow":["GET"]}}],"collection":[{"href":"https:\/\/skinstudio.ee\/lt\/wp-json\/wp\/v2\/product"}],"about":[{"href":"https:\/\/skinstudio.ee\/lt\/wp-json\/wp\/v2\/types\/product"}],"version-history":[{"count":1,"href":"https:\/\/skinstudio.ee\/lt\/wp-json\/wp\/v2\/product\/73788\/revisions"}],"predecessor-version":[{"id":73789,"href":"https:\/\/skinstudio.ee\/lt\/wp-json\/wp\/v2\/product\/73788\/revisions\/73789"}],"wp:featuredmedia":[{"embeddable":true,"href":"https:\/\/skinstudio.ee\/lt\/wp-json\/wp\/v2\/media\/39092"}],"wp:attachment":[{"href":"https:\/\/skinstudio.ee\/lt\/wp-json\/wp\/v2\/media?parent=73788"}],"wp:term":[{"taxonomy":"pwb-brand","embeddable":true,"href":"https:\/\/skinstudio.ee\/lt\/wp-json\/wp\/v2\/pwb-brand?post=73788"},{"taxonomy":"product_brand","embeddable":true,"href":"https:\/\/skinstudio.ee\/lt\/wp-json\/wp\/v2\/product_brand?post=73788"},{"taxonomy":"product_cat","embeddable":true,"href":"https:\/\/skinstudio.ee\/lt\/wp-json\/wp\/v2\/product_cat?post=73788"},{"taxonomy":"product_tag","embeddable":true,"href":"https:\/\/skinstudio.ee\/lt\/wp-json\/wp\/v2\/product_tag?post=73788"},{"taxonomy":"giftcard-category","embeddable":true,"href":"https:\/\/skinstudio.ee\/lt\/wp-json\/wp\/v2\/giftcard-category?post=73788"}],"curies":[{"name":"wp","href":"https:\/\/api.w.org\/{rel}","templated":true}]}}