{"id":73795,"date":"2025-07-15T13:28:31","date_gmt":"2025-07-15T13:28:31","guid":{"rendered":"https:\/\/skinstudio.ee\/?post_type=product&#038;p=73795"},"modified":"2026-01-21T13:57:31","modified_gmt":"2026-01-21T13:57:31","slug":"gentle-ph-balancer","status":"publish","type":"product","link":"https:\/\/skinstudio.ee\/lt\/catalog\/reviderm\/gentle-ph-balancer\/","title":{"rendered":"Gentle pH Balancer"},"content":{"rendered":"<p data-start=\"1160\" data-end=\"1513\">\u0160velnus tonikas \u0161velniai ir efektyviai pa\u0161alina ne\u0161varumus nuo odos pavir\u0161iaus. Sud\u0117tyje n\u0117ra alkoholio, jis atkuria odos pH pusiausvyr\u0105 ir padeda i\u0161vengti u\u017edegim\u0173 bei sudirgim\u0173. Dr\u0117kinamasis kompleksas padeda sulaikyti dr\u0117gm\u0119 ir pagerina aktyvi\u0173j\u0173 ingredient\u0173 \u012fsiskverbim\u0105 \u012f odos l\u0105steles. Po naudojimo oda yra visi\u0161kai paruo\u0161ta tolimesnei prie\u017ei\u016brai.<\/p>\n<p data-start=\"1515\" data-end=\"1532\"><strong data-start=\"1515\" data-end=\"1525\">T\u016bris:<\/strong> 200 ml<\/p>\n","protected":false},"excerpt":{"rendered":"<p data-start=\"1631\" data-end=\"1669\">\u0160velnus pH balans\u0105 atkuriantis tonikas<\/p>\n<h2 data-start=\"1671\" data-end=\"1712\"><strong data-start=\"1671\" data-end=\"1712\">Reviderm &#8211; Gentle pH Balancer Savyb\u0117s<\/strong><\/h2>\n<p data-start=\"1714\" data-end=\"1923\">\u2714\ufe0f Atkuria nat\u016bral\u0173 odos pH balans\u0105<br data-start=\"1749\" data-end=\"1752\" \/>\u2714\ufe0f Ramina ir mink\u0161tina od\u0105 po valymo<br data-start=\"1788\" data-end=\"1791\" \/>\u2714\ufe0f Pagerina aktyvi\u0173j\u0173 ingredient\u0173 \u012fsisavinim\u0105<br data-start=\"1836\" data-end=\"1839\" \/>\u2714\ufe0f Ma\u017eina tempimo poj\u016bt\u012f ir sudirgim\u0105<br data-start=\"1876\" data-end=\"1879\" \/>\u2714\ufe0f Tinka vis\u0173 tip\u0173 odai, \u012fskaitant jautri\u0105<\/p>\n","protected":false},"featured_media":64079,"template":"","meta":[],"pwb-brand":[704],"product_brand":[],"product_cat":[722],"product_tag":[],"giftcard-category":[],"class_list":{"0":"post-73795","1":"product","2":"type-product","3":"status-publish","4":"has-post-thumbnail","6":"pwb-brand-reviderm","7":"product_cat-toneriai","9":"first","10":"instock","11":"taxable","12":"shipping-taxable","13":"purchasable","14":"product-type-simple"},"acf":[],"brands":[{"id":704,"name":"Reviderm","slug":"reviderm"}],"_links":{"self":[{"href":"https:\/\/skinstudio.ee\/lt\/wp-json\/wp\/v2\/product\/73795","targetHints":{"allow":["GET"]}}],"collection":[{"href":"https:\/\/skinstudio.ee\/lt\/wp-json\/wp\/v2\/product"}],"about":[{"href":"https:\/\/skinstudio.ee\/lt\/wp-json\/wp\/v2\/types\/product"}],"version-history":[{"count":1,"href":"https:\/\/skinstudio.ee\/lt\/wp-json\/wp\/v2\/product\/73795\/revisions"}],"predecessor-version":[{"id":73796,"href":"https:\/\/skinstudio.ee\/lt\/wp-json\/wp\/v2\/product\/73795\/revisions\/73796"}],"wp:featuredmedia":[{"embeddable":true,"href":"https:\/\/skinstudio.ee\/lt\/wp-json\/wp\/v2\/media\/64079"}],"wp:attachment":[{"href":"https:\/\/skinstudio.ee\/lt\/wp-json\/wp\/v2\/media?parent=73795"}],"wp:term":[{"taxonomy":"pwb-brand","embeddable":true,"href":"https:\/\/skinstudio.ee\/lt\/wp-json\/wp\/v2\/pwb-brand?post=73795"},{"taxonomy":"product_brand","embeddable":true,"href":"https:\/\/skinstudio.ee\/lt\/wp-json\/wp\/v2\/product_brand?post=73795"},{"taxonomy":"product_cat","embeddable":true,"href":"https:\/\/skinstudio.ee\/lt\/wp-json\/wp\/v2\/product_cat?post=73795"},{"taxonomy":"product_tag","embeddable":true,"href":"https:\/\/skinstudio.ee\/lt\/wp-json\/wp\/v2\/product_tag?post=73795"},{"taxonomy":"giftcard-category","embeddable":true,"href":"https:\/\/skinstudio.ee\/lt\/wp-json\/wp\/v2\/giftcard-category?post=73795"}],"curies":[{"name":"wp","href":"https:\/\/api.w.org\/{rel}","templated":true}]}}